{"id":24129,"date":"2023-05-18T16:43:41","date_gmt":"2023-05-18T19:43:41","guid":{"rendered":"https:\/\/iefc.com.br\/?page_id=24129"},"modified":"2023-05-18T16:53:08","modified_gmt":"2023-05-18T19:53:08","slug":"iefc","status":"publish","type":"page","link":"https:\/\/iefc.com.br\/index.php\/iefc\/","title":{"rendered":"iEFC"},"content":{"rendered":"<h2><strong>CRIA\u00c7\u00c3O<\/strong><\/h2>\n<p>Fundado em <strong>16 de novembro de 2016<\/strong>, o iEFC Instituto de Educa\u00e7\u00e3o de Forma\u00e7\u00e3o Continuada oferece ao mercado os melhores cursos de qualifica\u00e7\u00e3o aos docentes, universit\u00e1rios e \u00e0 comunidade em geral. Temos forma\u00e7\u00f5es expressas com certificados v\u00e1lidos em todo o territ\u00f3rio nacional.<\/p>\n<h2>ATUA\u00c7\u00c3O<\/h2>\n<p>O iEFC inovando com cursos r\u00e1pidos e modulares buscando formar e qualificar a comunidade escolar e a comunidade em geral com profissionais experientes e com certifica\u00e7\u00e3o v\u00e1lida para quaisquer tipos de avalia\u00e7\u00e3o de m\u00e9rito e\/ou Concursos P\u00fablicos, complementa\u00e7\u00e3o de carga hor\u00e1ria acad\u00eamica e planos de Cargos e Carreira, tendo fechado o ano de 2022 com <strong>8.685 certificados emitidos*<\/strong>. Os cursos abrangem as mais diversas \u00e1reas, tanto Pedag\u00f3gicas para recursos em sala de aula, como na \u00e1rea de Tecnologia de Informa\u00e7\u00e3o. S\u00e3o cursos modulares em \u00e1reas distintas, com abordagens diretas. Para os m\u00f3dulos te\u00f3ricos, n\u00e3o s\u00e3o necess\u00e1rios conhecimentos pr\u00e9vios ou pr\u00e9-requisitos. J\u00e1 para os m\u00f3dulos pr\u00e1ticos dispomos de recursos de ponta que se adequam aos mais exigentes mercados profissionais. Tendo alguns cursos, sua vers\u00e3o r\u00e1pida e\/ou palestra.Prestamos tamb\u00e9m assessoria nas \u00e1reas de Educa\u00e7\u00e3o Especial e Forma\u00e7\u00e3o Continuada, Palestras, Workshops, Semin\u00e1rios, Jornadas Pedag\u00f3gicas tanto para Gestores P\u00fablicos como para Educa\u00e7\u00e3o Particular com uma Equipe Multidisciplinar ajudando no planejamento estrat\u00e9gico, gerencial educacional, implementa\u00e7\u00e3o dos descritores da B.N.C.C.<\/p>\n<h6><em>*at\u00e9 o dia 18\/05\/23<\/em><\/h6>\n<h2>ESPECIALISTAS EM B.N.C.C.<\/h2>\n<p>O trabalho de Assessoria \u00e0s Secretarias de Educa\u00e7\u00e3o dos munic\u00edpios, basicamente, est\u00e1 condicionado \u00e0s a\u00e7\u00f5es de planejar, aderir, aprovar, trazer recursos, executar as a\u00e7\u00f5es e recursos, organizar documentalmente cada pasta de programa da educa\u00e7\u00e3o e, ao final de cada exerc\u00edcio, prestar conta de cada recurso oriundo de cada programa. Para tanto, \u00e9 necess\u00e1rio o acesso aos <strong>Sistemas de Gerenciamento do MEC<\/strong> atrav\u00e9s do perfil do gestor, para que possamos, cadastrar as necessidades da rede p\u00fablica de ensino, enviar e monitorar sua an\u00e1lise junto ao MEC\/FNDE e poder executar, de acordo com as leis, decretos, portarias interministeriais e resolu\u00e7\u00f5es que norteiam cada um dos programas pactuados pelo munic\u00edpio junto ao Governo Federal atrav\u00e9s do Minist\u00e9rio da Educa\u00e7\u00e3o.<\/p>\n<p><strong>Implanta\u00e7\u00e3o da BNCC<\/strong> Conforme a RESOLU\u00c7\u00c3O CNE\/CP N\u00ba 2, DE 22 DE DEZEMBRO DE 2017, a Base estabelece conhecimentos, compet\u00eancias e habilidades que se espera que todos os estudantes desenvolvam ao longo da escolaridade b\u00e1sica. Orientada pelos princ\u00edpios \u00e9ticos, pol\u00edticos e est\u00e9ticos tra\u00e7ados pelas Diretrizes Curriculares Nacionais da Educa\u00e7\u00e3o B\u00e1sica, a Base soma-se aos prop\u00f3sitos que direcionam a educa\u00e7\u00e3o brasileira para a forma\u00e7\u00e3o humana integral e para a constru\u00e7\u00e3o de uma sociedade justa, democr\u00e1tica e inclusiva.<\/p>\n<p><strong>Consulte-nos sobre as forma\u00e7\u00f5es exclusivas para a implementa\u00e7\u00e3o gradual dos par\u00e2metros da nova BNCC em seu munic\u00edpio!<\/strong><\/p>\n<h2>ASSESSORIA<\/h2>\n<p>Temos expertise na implanta\u00e7\u00e3o e\/ou acompanhamento dos princiapis Programas Federais da Educa\u00e7\u00e3o que s\u00e3o as fontes de recursos para o fortalecimento das a\u00e7\u00f5es gerais da educa\u00e7\u00e3o de qualidade. Dentre eles: Plano de A\u00e7\u00f5es Articuladas PAR PNAE, Caminho da Escola, PNATE , Proinf\u00e2ncia, Projovem Urbano, Proconselho, Projovem Campo, Profuncion\u00e1rio, PNAIC, CACS, Novo FUNDEB, CRAS, CREAS, Censo Escolar, CONSEA<\/p>\n<p><strong>Plano Nacional da Educa\u00e7\u00e3o Especial<\/strong>: Ministramos os Cursos de Inclus\u00e3o (Educa\u00e7\u00e3o Especial) e A.E.E. (Atendimento Educacional Especializado) na sequ\u00eancia em forma\u00e7\u00f5es MICRO e MACRO, de acordo com a realidade dos seus recursos humanos (Coordenadores ou Professores) e de espa\u00e7os f\u00edsicos (Salas de Recursos, Salas de Inclus\u00e3o).<\/p>\n<p>O iEFC est\u00e1 regularmente registrado, estando totalmente habilitado a participar de licita\u00e7\u00f5es ou contrata\u00e7\u00f5es diretas junto \u00e0 administra\u00e7\u00e3o p\u00fablica da sua cidade via <strong>LICITA\u00c7\u00c3O ou CARTA CONVITE<\/strong>. Atendendemos tamb\u00e9m aos requisitos para contrata\u00e7\u00e3o com uso de recursos diretos tais como FNDE e PDDE. N\u00e3o temos pend\u00eancias fiscais pass\u00edveis de embargos junto aos \u00f3rg\u00e3os de controle e fiscaliza\u00e7\u00e3o.<\/p>\n<h2>METODOLOGIAS<\/h2>\n<p><strong>Presencial Regular<\/strong> Turmas com aulas ministradas em uma escola parceira (cursos fora de S\u00e3o Lu\u00eds MA) sempre aos finais de semana &#8211; s\u00e1bados das 08:00 as 17:00 e\/ou\/tamb\u00e9m aos domingos das 08:00 \u00e0s 12:00, uma vez por m\u00eas ou em per\u00edodos diferenciados, de acordo com a divulga\u00e7\u00e3o pr\u00e9via feita pelos nossos Coordenadores Locais.<\/p>\n<p><strong>\u00c0 Dist\u00e2ncia<\/strong><br \/>\nCursos individuais com a entrega da apostila do curso ao aluno e\/ou de m\u00eddia digital (videos, audios, slides e documentos) via WhatsApp\u00ae. O aluno receber\u00e1 um prazo a ser acordado e certifica\u00e7\u00e3o fica condicionada a uma avalia\u00e7\u00e3o posterior.<\/p>\n<p><strong>On-line<\/strong><br \/>\nCursos em grupo fechado de WhatsApp\u00ae com metodologia din\u00e2mica e intera\u00e7\u00e3o entre professor e aluno.<\/p>\n<p><strong>H\u00edbridos<\/strong><br \/>\nS\u00e3o ministrados numa jun\u00e7\u00e3o dos recursos do modo Presencial e On-line, intercalando as aulas mediante acordo\/ci\u00eancia pr\u00e9vios com os Alunos\/Turma.<\/p>\n<p><strong>Carga Hor\u00e1ria Acad\u00eamica<\/strong><br \/>\nIdependente da carga hor\u00e1ria em certificado, a complementa\u00e7\u00e3o\/justificativa dessas horas cerificadas \u00e9 feita por atividades pedag\u00f3gicas complementares baseadas na apostila. N\u00e3o confundir com Carga Hor\u00e1ria Real.<\/p>\n<p><strong>Pagamento<\/strong><br \/>\nBOLETO: Os boletos podem ser gerados diretamente no site para posterior pagamento ou entregues no primeiro encontro pelo Coordenador Local. CART\u00c3O: Efetue o pagamento On line, preencha o seu cadastro no nosso site <span style=\"color: #0000ff;\"><strong><a style=\"color: #0000ff;\" href=\"https:\/\/iefc.com.br\/index.php\/minha-conta\/\">https:\/\/iefc.com.br<\/a><\/strong><\/span>, efetue o pagamento e imprima o seu recibo.<\/p>\n<h2>\u00c1REAS DO CONHECIMENTO<\/h2>\n<p><strong>Educa\u00e7\u00e3o Especial<\/strong><br \/>\nInclus\u00e3o e Socializa\u00e7\u00e3o, Atendimento Educacional Especializado, LIBRAS e Autismo, Educa\u00e7\u00e3o Inclusiva;<\/p>\n<p><strong>Psicopedagogia<\/strong><br \/>\nPlanejamento e Forma\u00e7\u00e3o na B.N.C.C., Educa\u00e7\u00e3o Infantil na B.N.C.C., Anos Iniciais na B.N.C.C. e Anos Finais na B.N.C.C;<\/p>\n<p><strong>Neuroeduca\u00e7\u00e3o<\/strong><br \/>\nNeuroeduca\u00e7\u00e3o Escolar, Baseado e Estudos Cl\u00ednicos, O Processo de Aprendizagem e Novas Perspectivas de Estimula\u00e7\u00e3o e Desenvolvimento;<\/p>\n<p><strong>Tecnologia da Informa\u00e7\u00e3o<\/strong><br \/>\nInclus\u00e3o Digital, Operador de Micro, Programa\u00e7\u00e3o e Redes.<\/p>\n<p><strong>Atualidades\/Servi\u00e7o Social\/Educa\u00e7\u00e3o F\u00edsica<\/strong><br \/>\nPsicologia da Educa\u00e7\u00e3o, O Papel do Asistente Social com Fam\u00edlias nas Escolas, Apresenta\u00e7\u00e3o de Trabalhos Cient\u00edficos e Direitos Humanos no Sistema Prisional e Curr\u00edculo Cultural da Educa\u00e7\u00e3o F\u00edsica.<\/p>\n<p><strong>Mercado de Trabalho<\/strong><br \/>\nRela\u00e7\u00f5es Humanas, Recepcionista, T\u00e9cnicas de Vendas e Empreendedorismo.<\/p>\n<p><strong>Sa\u00fade<\/strong><br \/>\nAgente Comunit\u00e1rio de Sa\u00fade, Agente de Endemias, Estimula\u00e7\u00e3o Cognitiva para Crian\u00e7as com Defici\u00eancia e Primeiros Socorros.<\/p>\n<h2>CERTIFICA\u00c7\u00c3O<\/h2>\n<p><strong>Modalidades e Legisla\u00e7\u00e3o<\/strong><\/p>\n<p><strong>PALESTRAS<\/strong><br \/>\nMinistradas em meio Per\u00edodo ou em Turno Integral &#8211; At\u00e9 100 Horas Acad\u00eamicas<\/p>\n<p><img data-recalc-dims=\"1\" loading=\"lazy\" decoding=\"async\" class=\"alignnone size-full wp-image-24130\" src=\"https:\/\/i0.wp.com\/iefc.com.br\/wp-content\/uploads\/2023\/05\/cert_palestras.jpg?resize=1170%2C828&#038;ssl=1\" alt=\"\" width=\"1170\" height=\"828\" srcset=\"https:\/\/i0.wp.com\/iefc.com.br\/wp-content\/uploads\/2023\/05\/cert_palestras.jpg?w=1180&amp;ssl=1 1180w, https:\/\/i0.wp.com\/iefc.com.br\/wp-content\/uploads\/2023\/05\/cert_palestras.jpg?resize=300%2C212&amp;ssl=1 300w, https:\/\/i0.wp.com\/iefc.com.br\/wp-content\/uploads\/2023\/05\/cert_palestras.jpg?resize=1024%2C725&amp;ssl=1 1024w, https:\/\/i0.wp.com\/iefc.com.br\/wp-content\/uploads\/2023\/05\/cert_palestras.jpg?resize=768%2C543&amp;ssl=1 768w, https:\/\/i0.wp.com\/iefc.com.br\/wp-content\/uploads\/2023\/05\/cert_palestras.jpg?resize=600%2C425&amp;ssl=1 600w\" sizes=\"auto, (max-width: 1170px) 100vw, 1170px\" \/><\/p>\n<p><strong>WORKSHOPS<\/strong> Ministrados em meio Per\u00edodo ou em Turno Integral &#8211; At\u00e9 100 Horas Acad\u00eamicas<\/p>\n<p><strong>SEMIN\u00c1RIOS\/CONGRESSOS<\/strong> Ministrados em at\u00e9 2 Turnos Integrais At\u00e9 30 Horas Reais<\/p>\n<p><strong>FORMA\u00c7\u00c3O CONTINUADA<\/strong> Ministrados em 1 ou 2 Turnos Integrais At\u00e9 180 Horas Acad\u00eamicas<\/p>\n<p><img data-recalc-dims=\"1\" loading=\"lazy\" decoding=\"async\" class=\"alignnone size-full wp-image-24131\" src=\"https:\/\/i0.wp.com\/iefc.com.br\/wp-content\/uploads\/2023\/05\/cert_geral.jpg?resize=1170%2C828&#038;ssl=1\" alt=\"\" width=\"1170\" height=\"828\" srcset=\"https:\/\/i0.wp.com\/iefc.com.br\/wp-content\/uploads\/2023\/05\/cert_geral.jpg?w=1180&amp;ssl=1 1180w, https:\/\/i0.wp.com\/iefc.com.br\/wp-content\/uploads\/2023\/05\/cert_geral.jpg?resize=300%2C212&amp;ssl=1 300w, https:\/\/i0.wp.com\/iefc.com.br\/wp-content\/uploads\/2023\/05\/cert_geral.jpg?resize=1024%2C725&amp;ssl=1 1024w, https:\/\/i0.wp.com\/iefc.com.br\/wp-content\/uploads\/2023\/05\/cert_geral.jpg?resize=768%2C543&amp;ssl=1 768w, https:\/\/i0.wp.com\/iefc.com.br\/wp-content\/uploads\/2023\/05\/cert_geral.jpg?resize=600%2C425&amp;ssl=1 600w\" sizes=\"auto, (max-width: 1170px) 100vw, 1170px\" \/><\/p>\n<p><span style=\"color: #339966;\"><strong>LEGISLA\u00c7\u00c3O<\/strong><\/span><br \/>\nEstando autorizado (a) a gozar de todos os direitos e prerrogativas legais, no que assegura o Decreto Presidencial no 5.154, de 23 de julho de 2004, Art. 1o e 3o e na Lei no 9.394, que estabelece as Diretrizes e Bases da Educa\u00e7\u00e3o Nacional.<\/p>\n<p><strong>CURSO PROFISSIONAL B\u00c1SICO<\/strong><br \/>\nMinistrados de 3 a 6 meses &#8211; 12 Disciplinas De 200 a 300 Horas Acad\u00eamicas<\/p>\n<p><img data-recalc-dims=\"1\" loading=\"lazy\" decoding=\"async\" class=\"alignnone size-full wp-image-24132\" src=\"https:\/\/i0.wp.com\/iefc.com.br\/wp-content\/uploads\/2023\/05\/cert_cpb.jpg?resize=1170%2C828&#038;ssl=1\" alt=\"\" width=\"1170\" height=\"828\" srcset=\"https:\/\/i0.wp.com\/iefc.com.br\/wp-content\/uploads\/2023\/05\/cert_cpb.jpg?w=1180&amp;ssl=1 1180w, https:\/\/i0.wp.com\/iefc.com.br\/wp-content\/uploads\/2023\/05\/cert_cpb.jpg?resize=300%2C212&amp;ssl=1 300w, https:\/\/i0.wp.com\/iefc.com.br\/wp-content\/uploads\/2023\/05\/cert_cpb.jpg?resize=1024%2C725&amp;ssl=1 1024w, https:\/\/i0.wp.com\/iefc.com.br\/wp-content\/uploads\/2023\/05\/cert_cpb.jpg?resize=768%2C543&amp;ssl=1 768w, https:\/\/i0.wp.com\/iefc.com.br\/wp-content\/uploads\/2023\/05\/cert_cpb.jpg?resize=600%2C425&amp;ssl=1 600w\" sizes=\"auto, (max-width: 1170px) 100vw, 1170px\" \/><\/p>\n<p><strong><span style=\"color: #339966;\">LEGISLA\u00c7\u00c3O<\/span><\/strong><br \/>\nEstando autorizado(a) a gozar de todos os direitos e prerrogativas legais, no que assegura a Lei Federal nr 9.394\/96, artigo 39, do Decreto Presidencial no 2.208\/97 do Conselho Nacional de Educa\u00e7\u00e3o e a Resolu\u00e7\u00e3o 134\/2001-CEE.<\/p>\n","protected":false},"excerpt":{"rendered":"<p>CRIA\u00c7\u00c3O Fundado em 16 de novembro de 2016, o iEFC Instituto de Educa\u00e7\u00e3o de Forma\u00e7\u00e3o Continuada oferece ao mercado os [&hellip;]<\/p>\n","protected":false},"author":3,"featured_media":0,"parent":0,"menu_order":0,"comment_status":"closed","ping_status":"closed","template":"templates\/template-page-full-width.php","meta":{"_bbp_topic_count":0,"_bbp_reply_count":0,"_bbp_total_topic_count":0,"_bbp_total_reply_count":0,"_bbp_voice_count":0,"_bbp_anonymous_reply_count":0,"_bbp_topic_count_hidden":0,"_bbp_reply_count_hidden":0,"_bbp_forum_subforum_count":0,"content-type":"","pmpro_default_level":"","footnotes":""},"class_list":["post-24129","page","type-page","status-publish","hentry","pmpro-has-access"],"aioseo_notices":[],"jetpack_sharing_enabled":true,"_links":{"self":[{"href":"https:\/\/iefc.com.br\/index.php\/wp-json\/wp\/v2\/pages\/24129","targetHints":{"allow":["GET"]}}],"collection":[{"href":"https:\/\/iefc.com.br\/index.php\/wp-json\/wp\/v2\/pages"}],"about":[{"href":"https:\/\/iefc.com.br\/index.php\/wp-json\/wp\/v2\/types\/page"}],"author":[{"embeddable":true,"href":"https:\/\/iefc.com.br\/index.php\/wp-json\/wp\/v2\/users\/3"}],"replies":[{"embeddable":true,"href":"https:\/\/iefc.com.br\/index.php\/wp-json\/wp\/v2\/comments?post=24129"}],"version-history":[{"count":5,"href":"https:\/\/iefc.com.br\/index.php\/wp-json\/wp\/v2\/pages\/24129\/revisions"}],"predecessor-version":[{"id":24146,"href":"https:\/\/iefc.com.br\/index.php\/wp-json\/wp\/v2\/pages\/24129\/revisions\/24146"}],"wp:attachment":[{"href":"https:\/\/iefc.com.br\/index.php\/wp-json\/wp\/v2\/media?parent=24129"}],"curies":[{"name":"wp","href":"https:\/\/api.w.org\/{rel}","templated":true}]}}