{"id":24158,"date":"2023-05-18T17:43:41","date_gmt":"2023-05-18T20:43:41","guid":{"rendered":"https:\/\/iefc.com.br\/?page_id=24158"},"modified":"2023-05-18T18:06:20","modified_gmt":"2023-05-18T21:06:20","slug":"ensino-medio","status":"publish","type":"page","link":"https:\/\/iefc.com.br\/index.php\/ensino-medio\/","title":{"rendered":"ENSINO M\u00c9DIO &#8211; Forma\u00e7\u00f5es"},"content":{"rendered":"<p><strong><span style=\"color: #008000;\">REF. \u00a0 \u00a0 \u00a0 <span style=\"color: #000000;\">CURSO<\/span><\/span><\/strong><\/p>\n<p><strong><span style=\"color: #008000;\">C095<\/span> \ud83d\udcda METODOLOGIA DA MATEM\u00c1TICA: MODELAGEM E RESOLU\u00c7\u00c3O DE PROBLEMAS NO ENSINO M\u00c9DIO<\/strong><\/p>\n<p><strong><span style=\"color: #008000;\">C444<\/span> \ud83d\udcda\u00a0ENSINO M\u00c9DIO E A EDUCA\u00c7\u00c3O B\u00c1SICA NA B.N.C.C.<\/strong><\/p>\n<p><strong><span style=\"color: #008000;\">C445<\/span>\u00a0\ud83d\udcda ENSINO M\u00c9DIO: \u00c1REA DE LINGUAGEM E TECNOLOGIAS NA B.N.C.C.<\/strong><\/p>\n<p><strong><span style=\"color: #008000;\">C446<\/span>\u00a0\ud83d\udcda ENSINO M\u00c9DIO: MATEM\u00c1TICA E TECNOLOGIAS NA B.N.C.C.<\/strong><\/p>\n<p><strong><span style=\"color: #008000;\">C447<\/span>\u00a0\ud83d\udcda ENSINO M\u00c9DIO: CI\u00caNCIAS DA NATUREZA E TECNOLOGIAS NA B.N.C.C.<\/strong><\/p>\n<p><strong><span style=\"color: #008000;\">C448<\/span>\u00a0\ud83d\udcda ENSINO M\u00c9DIO: CI\u00caNCIAS HUMANAS\/SOCIAIS E TECNOLOGIAS NA B.N.C.C.<\/strong><\/p>\n<p><strong><span style=\"color: #008000;\">C489<\/span>\u00a0\ud83d\udcda ENSINO M\u00c9DIO: ARTES, EDUCA\u00c7\u00c3O F\u00cdSICA E L\u00cdNGUA INGLESA<\/strong><\/p>\n<p><strong><span style=\"color: #008000;\">C490<\/span>\u00a0\ud83d\udcda ENSINO M\u00c9DIO: COMPET\u00caNCIAS E HABILIDADES NA B.N.C.C.<\/strong><\/p>\n<p><strong><span style=\"color: #008000;\">C491<\/span>\u00a0\ud83d\udcda ENSINO M\u00c9DIO: HABILIDADES DE MATEM\u00c1TICA DO 1\u00ba AO 3\u00ba ANO NA B.N.C.C.<\/strong><\/p>\n<p><strong><span style=\"color: #008000;\">C492<\/span>\u00a0\ud83d\udcda\u00a0O NOVO ENSINO M\u00c9DIO SEGUNDO A B.N.C.C.<\/strong><\/p>\n<p><strong><span style=\"color: #008000;\">C493<\/span>\u00a0\ud83d\udcda\u00a0O CURR\u00cdCULO DO NOVO ENSINO M\u00c9DIO SEGUNDO A B.N.C.C.<\/strong><\/p>\n<p><strong><span style=\"color: #008000;\">C494<\/span>\u00a0\ud83d\udcda\u00a0FORMA\u00c7\u00c3O EDUCACIONAL, PROFISSIONAL E T\u00c9CNICA NO ENSINO M\u00c9DIO NA B.N.C.C.<\/strong><\/p>\n<p><strong><span style=\"color: #008000;\">C495<\/span>\u00a0\ud83d\udcda\u00a0METODOLOGIAS DOS CURSOS T\u00c9CNICOS E PROFISSIONAIS NO ENSINO M\u00c9DIO NA B.N.C.C.<\/strong><\/p>\n<p><strong>Metodologias:<\/strong><br \/>\nCurso de Forma\u00e7\u00e3o Continuada;<br \/>\nPalestra;<br \/>\nWorkshop.<\/p>\n<p><strong>Carga Hor\u00e1ria:<\/strong><br \/>\nde 40 a 180 Horas. (2 a 5 dias de estudos)<\/p>\n<p><strong>Forma:<\/strong><br \/>\nPresencial;<br \/>\n\u00c0 Dist\u00e2ncia;<br \/>\nOn-line;<br \/>\nH\u00edbrido.<\/p>\n<p><strong><span style=\"color: #008000;\">REF. \u00a0 \u00a0 \u00a0 \u00a0 \u00a0<span style=\"color: #000000;\">CURSO<\/span><\/span><\/strong><\/p>\n<p><strong><span style=\"color: #008000;\">CPB39<\/span>\u00a0\ud83d\udcda\u00a0CURSO PROFISSIONAL B\u00c1SICO DE ENSINO M\u00c9DIO E A EDUCA\u00c7\u00c3O B\u00c1SICA NA B.N.C.C.<\/strong><\/p>\n<p><strong>Metodologias:<\/strong><br \/>\nCurso Profissional B\u00e1sico (M\u00e9dia Dura\u00e7\u00e3o)<br \/>\n12 Disciplinas Listadas em Hist\u00f3rico Escolar<\/p>\n<p><strong>Carga Hor\u00e1ria:<\/strong><br \/>\n300 Horas. (3 a 6 meses de estudos)<\/p>\n<p><strong>Forma:<\/strong><br \/>\nPresencial;<br \/>\n\u00c0 Dist\u00e2ncia;<br \/>\nOn-line;<br \/>\nH\u00edbrido.<\/p>\n<p>\u26a0\ufe0f N\u00e3o encontrou um tema que satisfa\u00e7a as suas necessidades atuais na lista acima?<\/p>\n<p>\ud83d\udcf2 Contate-nos e pe\u00e7a uma forma\u00e7\u00e3o personalizada! Faremos o poss\u00edvel para atender a sua demanda!<\/p>\n","protected":false},"excerpt":{"rendered":"<p>REF. \u00a0 \u00a0 \u00a0 CURSO C095 \ud83d\udcda METODOLOGIA DA MATEM\u00c1TICA: MODELAGEM E RESOLU\u00c7\u00c3O DE PROBLEMAS NO ENSINO M\u00c9DIO C444 \ud83d\udcda\u00a0ENSINO [&hellip;]<\/p>\n","protected":false},"author":3,"featured_media":0,"parent":0,"menu_order":0,"comment_status":"closed","ping_status":"closed","template":"templates\/template-page-full-width.php","meta":{"_bbp_topic_count":0,"_bbp_reply_count":0,"_bbp_total_topic_count":0,"_bbp_total_reply_count":0,"_bbp_voice_count":0,"_bbp_anonymous_reply_count":0,"_bbp_topic_count_hidden":0,"_bbp_reply_count_hidden":0,"_bbp_forum_subforum_count":0,"content-type":"","pmpro_default_level":"","footnotes":""},"class_list":["post-24158","page","type-page","status-publish","hentry","pmpro-has-access"],"aioseo_notices":[],"jetpack_sharing_enabled":true,"_links":{"self":[{"href":"https:\/\/iefc.com.br\/index.php\/wp-json\/wp\/v2\/pages\/24158","targetHints":{"allow":["GET"]}}],"collection":[{"href":"https:\/\/iefc.com.br\/index.php\/wp-json\/wp\/v2\/pages"}],"about":[{"href":"https:\/\/iefc.com.br\/index.php\/wp-json\/wp\/v2\/types\/page"}],"author":[{"embeddable":true,"href":"https:\/\/iefc.com.br\/index.php\/wp-json\/wp\/v2\/users\/3"}],"replies":[{"embeddable":true,"href":"https:\/\/iefc.com.br\/index.php\/wp-json\/wp\/v2\/comments?post=24158"}],"version-history":[{"count":7,"href":"https:\/\/iefc.com.br\/index.php\/wp-json\/wp\/v2\/pages\/24158\/revisions"}],"predecessor-version":[{"id":24172,"href":"https:\/\/iefc.com.br\/index.php\/wp-json\/wp\/v2\/pages\/24158\/revisions\/24172"}],"wp:attachment":[{"href":"https:\/\/iefc.com.br\/index.php\/wp-json\/wp\/v2\/media?parent=24158"}],"curies":[{"name":"wp","href":"https:\/\/api.w.org\/{rel}","templated":true}]}}