{"id":24165,"date":"2023-05-18T18:10:42","date_gmt":"2023-05-18T21:10:42","guid":{"rendered":"https:\/\/iefc.com.br\/?page_id=24165"},"modified":"2023-05-19T09:21:21","modified_gmt":"2023-05-19T12:21:21","slug":"tempo-integral","status":"publish","type":"page","link":"https:\/\/iefc.com.br\/index.php\/tempo-integral\/","title":{"rendered":"TEMPO INTEGRAL &#8211; Forma\u00e7\u00f5es"},"content":{"rendered":"<p><strong><span style=\"color: #008000;\">REF. \u00a0 \u00a0 \u00a0 <span style=\"color: #000000;\">CURSO<\/span><\/span><\/strong><\/p>\n<p><strong><span style=\"color: #008000;\">C035<\/span>\u00a0\ud83d\udcda EDUCA\u00c7\u00c3O EM TEMPO INTEGRAL E SUAS DIRETRIZES<\/strong><\/p>\n<p><strong><span style=\"color: #008000;\">C214<\/span> \ud83d\udcda EDUCA\u00c7\u00c3O EM TEMPO INTEGRAL: BASES HIST\u00d3RICAS E TE\u00d3RICAS<\/strong><\/p>\n<p><strong><span style=\"color: #008000;\">C374<\/span>\u00a0\ud83d\udcda ESCOLA EM TEMPO INTEGRAL: SOCIOLOGIA E TEATRO NA SALA DE AULA<\/strong><\/p>\n<p><strong><span style=\"color: #008000;\">C430<\/span>\u00a0\ud83d\udcda EDUCA\u00c7\u00c3O EM TEMPO INTEGRAL: ORIENTA\u00c7\u00c3O PEDAG\u00d3GICA NO ENSINO FUNDAMENTAL<\/strong><\/p>\n<p><strong><span style=\"color: #008000;\">C452<\/span>\u00a0\ud83d\udcda EDUCA\u00c7\u00c3O EM TEMPO INTEGRAL: CURR\u00cdCULO E RECURSOS HUMANOS<\/strong><\/p>\n<p><strong><span style=\"color: #008000;\">C453<\/span>\u00a0\ud83d\udcda EDUCA\u00c7\u00c3O EM TEMPO INTEGRAL: O TEMPO, O ESPA\u00c7O E AS PR\u00c1TICAS PEDAG\u00d3GICAS<\/strong><\/p>\n<p><strong><span style=\"color: #008000;\">C454<\/span>\u00a0\ud83d\udcda EDUCA\u00c7\u00c3O EM TEMPO INTEGRAL: DESENVOLVIMENTO E APRENDIZAGEM<\/strong><\/p>\n<p><strong><span style=\"color: #008000;\">C455<\/span>\u00a0\ud83d\udcda EDUCA\u00c7\u00c3O EM TEMPO INTEGRAL: UM PROJETO DE FUTURO<\/strong><\/p>\n<p><strong><span style=\"color: #008000;\">C456<\/span>\u00a0\ud83d\udcda ESCOLA EM TEMPO INTEGRAL: DIREITOS HUMANOS E SOCIEDADE<\/strong><\/p>\n<p><strong><span style=\"color: #008000;\">C459<\/span>\u00a0\ud83d\udcda EDUCA\u00c7\u00c3O EM TEMPO INTEGRAL: NIVELAMENTO E AVALIA\u00c7\u00c3O DA APRENDIZAGEM<\/strong><\/p>\n<p><strong><span style=\"color: #008000;\">C553<\/span>\u00a0\ud83d\udcda EDUCA\u00c7\u00c3O PLENA EM TEMPO INTEGRAL<\/strong><\/p>\n<p><strong><span style=\"color: #008000;\">C563<\/span>\u00a0\ud83d\udcda EDUCA\u00c7\u00c3O EM TEMPO INTEGRAL: GEST\u00c3O ESCOLAR E CURR\u00cdCULO NO ENSINO FUNDAMENTAL<\/strong><\/p>\n<p><strong>Metodologias:<\/strong><br \/>\nCurso de Forma\u00e7\u00e3o Continuada;<br \/>\nPalestra;<br \/>\nWorkshop.<\/p>\n<p><strong>Carga Hor\u00e1ria:<\/strong><br \/>\nde 40 a 180 Horas. (2 a 5 dias de estudos)<\/p>\n<p><strong>Formas:<\/strong><br \/>\nPresencial;<br \/>\n\u00c0 Dist\u00e2ncia;<br \/>\nOn-line;<br \/>\nH\u00edbrido.<\/p>\n<p><strong><span style=\"color: #008000;\">REF. \u00a0 \u00a0 \u00a0 \u00a0 \u00a0<span style=\"color: #000000;\">CURSO<\/span><\/span><\/strong><\/p>\n<p><strong><span style=\"color: #008000;\">CPB40<\/span>\u00a0\ud83d\udcda CURSO PROFISSIONAL B\u00c1SICO DE EDUCA\u00c7\u00c3O EM TEMPO INTEGRAL: REDE DE CONHECIMENTO<\/strong><\/p>\n<p><strong>Metodologias:<\/strong><br \/>\nCurso Profissional B\u00e1sico (M\u00e9dia Dura\u00e7\u00e3o)<br \/>\n12 Disciplinas Listadas em Hist\u00f3rico Escolar<\/p>\n<p><strong>Carga Hor\u00e1ria:<\/strong><br \/>\n300 Horas. (3 a 6 meses de estudos)<\/p>\n<p><strong>Forma:<\/strong><br \/>\nPresencial;<br \/>\n\u00c0 Dist\u00e2ncia;<br \/>\nOn-line;<br \/>\nH\u00edbrido.<\/p>\n<p>\u26a0\ufe0f N\u00e3o encontrou um tema que satisfa\u00e7a as suas necessidades atuais na lista acima?<\/p>\n<p>\ud83d\udcf2 Contate-nos e pe\u00e7a uma forma\u00e7\u00e3o personalizada! Faremos o poss\u00edvel para atender a sua demanda!<\/p>\n","protected":false},"excerpt":{"rendered":"<p>REF. \u00a0 \u00a0 \u00a0 CURSO C035\u00a0\ud83d\udcda EDUCA\u00c7\u00c3O EM TEMPO INTEGRAL E SUAS DIRETRIZES C214 \ud83d\udcda EDUCA\u00c7\u00c3O EM TEMPO INTEGRAL: BASES [&hellip;]<\/p>\n","protected":false},"author":3,"featured_media":0,"parent":0,"menu_order":0,"comment_status":"closed","ping_status":"closed","template":"templates\/template-page-full-width.php","meta":{"_bbp_topic_count":0,"_bbp_reply_count":0,"_bbp_total_topic_count":0,"_bbp_total_reply_count":0,"_bbp_voice_count":0,"_bbp_anonymous_reply_count":0,"_bbp_topic_count_hidden":0,"_bbp_reply_count_hidden":0,"_bbp_forum_subforum_count":0,"content-type":"","pmpro_default_level":"","footnotes":""},"class_list":["post-24165","page","type-page","status-publish","hentry","pmpro-has-access"],"aioseo_notices":[],"jetpack_sharing_enabled":true,"_links":{"self":[{"href":"https:\/\/iefc.com.br\/index.php\/wp-json\/wp\/v2\/pages\/24165","targetHints":{"allow":["GET"]}}],"collection":[{"href":"https:\/\/iefc.com.br\/index.php\/wp-json\/wp\/v2\/pages"}],"about":[{"href":"https:\/\/iefc.com.br\/index.php\/wp-json\/wp\/v2\/types\/page"}],"author":[{"embeddable":true,"href":"https:\/\/iefc.com.br\/index.php\/wp-json\/wp\/v2\/users\/3"}],"replies":[{"embeddable":true,"href":"https:\/\/iefc.com.br\/index.php\/wp-json\/wp\/v2\/comments?post=24165"}],"version-history":[{"count":3,"href":"https:\/\/iefc.com.br\/index.php\/wp-json\/wp\/v2\/pages\/24165\/revisions"}],"predecessor-version":[{"id":24205,"href":"https:\/\/iefc.com.br\/index.php\/wp-json\/wp\/v2\/pages\/24165\/revisions\/24205"}],"wp:attachment":[{"href":"https:\/\/iefc.com.br\/index.php\/wp-json\/wp\/v2\/media?parent=24165"}],"curies":[{"name":"wp","href":"https:\/\/api.w.org\/{rel}","templated":true}]}}