{"id":24181,"date":"2023-05-19T07:49:51","date_gmt":"2023-05-19T10:49:51","guid":{"rendered":"https:\/\/iefc.com.br\/?page_id=24181"},"modified":"2023-05-19T08:22:46","modified_gmt":"2023-05-19T11:22:46","slug":"neuropsicopedagogia","status":"publish","type":"page","link":"https:\/\/iefc.com.br\/index.php\/neuropsicopedagogia\/","title":{"rendered":"NEUROPSICOPEDAGOGIA &#8211; Forma\u00e7\u00f5es"},"content":{"rendered":"<p><strong><span style=\"color: #008000;\">REF. \u00a0 \u00a0 \u00a0 <span style=\"color: #000000;\">CURSO<\/span><\/span><\/strong><\/p>\n<p><strong><span style=\"color: #008000;\">C090<\/span>\u00a0\ud83d\udcda PSICOMOTRICIDADE<\/strong><\/p>\n<p><strong><span style=\"color: #008000;\">C107<\/span>\u00a0\ud83d\udcda BASES NEUROL\u00d3GICAS E COGNITIVAS DO DESENVOLVIMENTO DA APRENDIZAGEM<\/strong><\/p>\n<p><strong><span style=\"color: #008000;\">C108<\/span>\u00a0\ud83d\udcda NEUROCI\u00caNCIAS E OS PROCESSOS EDUCATIVOS<\/strong><\/p>\n<p><strong><span style=\"color: #008000;\">C113<\/span>\u00a0\ud83d\udcda NEUROEDUCA\u00c7\u00c3O: COMO O C\u00c9REBRO APRENDE ALIADO A METODOLOGIAS DIFERENTES<\/strong><\/p>\n<p><strong><span style=\"color: #008000;\">C157<\/span>\u00a0\ud83d\udcda NEUROEDUCA\u00c7\u00c3O NO PROCESSO DE APRENDIZAGEM: O DINAMISMO NA FORMA DE APRENDER<\/strong><\/p>\n<p><strong><span style=\"color: #008000;\">C158<\/span>\u00a0\ud83d\udcda NEUROEDUCA\u00c7\u00c3O NOVAS PERSPECTIVAS DE ESTIMULA\u00c7\u00c3O E DESENVOLVIMENTO DA APRENDIZAGEM<\/strong><\/p>\n<p><strong><span style=\"color: #008000;\">C172<\/span>\u00a0\ud83d\udcda NEUROEDUCA\u00c7\u00c3O: O QUE \u00c9 PRECISO SABER<\/strong><\/p>\n<p><strong><span style=\"color: #008000;\">C174<\/span>\u00a0\ud83d\udcda NEUROEDUCA\u00c7\u00c3O NO PROCESSO DE INCLUS\u00c3O: NOVAS PERSPECTIVAS DA APRENDIZAGEM<\/strong><\/p>\n<p><strong><span style=\"color: #008000;\">C190<\/span>\u00a0\ud83d\udcda NEUROCI\u00caNCIA E EDUCA\u00c7\u00c3O: INTRODU\u00c7\u00c3O AOS ESTUDOS DO C\u00c9REBRO<\/strong><\/p>\n<p><strong><span style=\"color: #008000;\">C216<\/span>\u00a0\ud83d\udcda PSICOMOTRICIDADE NO DESENVOLVIMENTO INTEGRAL DA CRIAN\u00c7A<\/strong><\/p>\n<p><strong><span style=\"color: #008000;\">C237<\/span>\u00a0\ud83d\udcda PSICOMOTRICIDADE: COMPONENTES DE MOTRICIDADE E COGNI\u00c7\u00c3O<\/strong><\/p>\n<p><strong><span style=\"color: #008000;\">C240<\/span>\u00a0\ud83d\udcda NEUROCI\u00caNCIA E NEUROEDUCA\u00c7\u00c3O<\/strong><\/p>\n<p><strong><span style=\"color: #008000;\">C241<\/span>\u00a0\ud83d\udcda NEUROPSICOPEDAGOGIA: FUN\u00c7\u00d5ES COGNITIVAS, CONATIVAS E EXECUTIVAS<\/strong><\/p>\n<p><strong><span style=\"color: #008000;\">C242<\/span>\u00a0\ud83d\udcda NEUROPSICOLOGIA E APRENDIZAGEM<\/strong><\/p>\n<p><strong><span style=\"color: #008000;\">C243<\/span>\u00a0\ud83d\udcda NEUROCI\u00caNCIA E A PR\u00c1TICA PEDAG\u00d3GICA<\/strong><\/p>\n<p><strong><span style=\"color: #008000;\">C254<\/span>\u00a0\ud83d\udcda NEUROPSICOPEDAGOGIA E APRENDIZAGEM<\/strong><\/p>\n<p><strong><span style=\"color: #008000;\">C255<\/span>\u00a0\ud83d\udcda\u00a0NEUROPSICOPEDAGOGIA E O C\u00c9REBRO HUMANO<\/strong><\/p>\n<p><strong><span style=\"color: #008000;\">C345<\/span>\u00a0\ud83d\udcda NEUROPSICOPEDAGOGIA E O DESENVOLVIMENTO DA APRENDIZAGEM DA EDUCA\u00c7\u00c3O INFANTIL E DA MEM\u00d3RIA<\/strong><\/p>\n<p><strong><span style=\"color: #008000;\">C346<\/span>\u00a0\ud83d\udcda NEUROPSICOPEDAGOGIA X PSICOPEDAGOGIA<\/strong><\/p>\n<p><strong><span style=\"color: #008000;\">C347<\/span>\u00a0\ud83d\udcda PSICOMOTRICIDADE: DESENVOLVIMENTO E APRENDIZAGEM<\/strong><\/p>\n<p><strong><span style=\"color: #008000;\">C348<\/span>\u00a0\ud83d\udcda NEUROPSICOPEDAGOGIA<\/strong><\/p>\n<p><strong><span style=\"color: #008000;\">C350<\/span>\u00a0\ud83d\udcda O NEUROPSICOPEDAGOGO E OS TRANSTORNOS GLOBAIS DO DESENVOLVIMENTO<\/strong><\/p>\n<p><strong><span style=\"color: #008000;\">C398<\/span>\u00a0\ud83d\udcda ASPECTOS NEUROL\u00d3GICOS DA APRENDIZAGEM<\/strong><\/p>\n<p><strong><span style=\"color: #008000;\">C413<\/span>\u00a0\ud83d\udcda AVALIA\u00c7\u00c3O INFANTIL NA NEUROPSICOPEDAGOGIA<\/strong><\/p>\n<p><strong><span style=\"color: #008000;\">C559<\/span>\u00a0\ud83d\udcda NEUROCI\u00caNCIAS APLICADAS \u00c0 EDUCA\u00c7\u00c3O E \u00c0 APRENDIZAGEM<\/strong><\/p>\n<p><strong><span style=\"color: #008000;\">PA01<\/span>\u00a0\ud83d\udcda DESENVOLVIMENTO HUMANO E EDUCA\u00c7\u00c3O: NEUROPEDAGOGIA<\/strong><\/p>\n<p><strong>Metodologias:<\/strong><br \/>\nCurso de Forma\u00e7\u00e3o Continuada;<br \/>\nPalestra;<br \/>\nWorkshop.<\/p>\n<p><strong>Carga Hor\u00e1ria:<\/strong><br \/>\nde 40 a 180 Horas. (2 a 5 dias de estudos)<\/p>\n<p><strong>Forma:<\/strong><br \/>\nPresencial;<br \/>\n\u00c0 Dist\u00e2ncia;<br \/>\nOn-line;<br \/>\nH\u00edbrido.<\/p>\n<p><strong><span style=\"color: #008000;\">REF. \u00a0 \u00a0 \u00a0 \u00a0 \u00a0<span style=\"color: #000000;\">CURSO<\/span><\/span><\/strong><\/p>\n<p><strong><span style=\"color: #008000;\">CPB07<\/span>\u00a0\ud83d\udcda CURSO PROFISSIONAL B\u00c1SICO DE NEUROCI\u00caNCIAS APLICADAS \u00c0 EDUCA\u00c7\u00c3O E \u00c0 APRENDIZAGEM<\/strong><\/p>\n<p><strong><span style=\"color: #008000;\">CPB14<\/span>\u00a0\ud83d\udcda CURSO PROFISSIONAL B\u00c1SICO DE NEUROPSICOPEDAGOGIA<\/strong><\/p>\n<p><strong>Metodologias:<\/strong><br \/>\nCurso Profissional B\u00e1sico (M\u00e9dia Dura\u00e7\u00e3o)<br \/>\n12 Disciplinas Listadas em Hist\u00f3rico Escolar<\/p>\n<p><strong>Carga Hor\u00e1ria:<\/strong><br \/>\n300 Horas. (3 a 6 meses de estudos)<\/p>\n<p><strong>Forma:<\/strong><br \/>\nPresencial;<br \/>\n\u00c0 Dist\u00e2ncia;<br \/>\nOn-line;<br \/>\nH\u00edbrido.<\/p>\n<p>\u26a0\ufe0f N\u00e3o encontrou um tema que satisfa\u00e7a as suas necessidades atuais na lista acima?<\/p>\n<p>\ud83d\udcf2 Contate-nos e pe\u00e7a uma forma\u00e7\u00e3o personalizada! Faremos o poss\u00edvel para atender a sua demanda!<\/p>\n","protected":false},"excerpt":{"rendered":"<p>REF. \u00a0 \u00a0 \u00a0 CURSO C090\u00a0\ud83d\udcda PSICOMOTRICIDADE C107\u00a0\ud83d\udcda BASES NEUROL\u00d3GICAS E COGNITIVAS DO DESENVOLVIMENTO DA APRENDIZAGEM C108\u00a0\ud83d\udcda NEUROCI\u00caNCIAS E OS [&hellip;]<\/p>\n","protected":false},"author":3,"featured_media":0,"parent":0,"menu_order":0,"comment_status":"closed","ping_status":"closed","template":"templates\/template-page-full-width.php","meta":{"_bbp_topic_count":0,"_bbp_reply_count":0,"_bbp_total_topic_count":0,"_bbp_total_reply_count":0,"_bbp_voice_count":0,"_bbp_anonymous_reply_count":0,"_bbp_topic_count_hidden":0,"_bbp_reply_count_hidden":0,"_bbp_forum_subforum_count":0,"content-type":"","pmpro_default_level":"","footnotes":""},"class_list":["post-24181","page","type-page","status-publish","hentry","pmpro-has-access"],"aioseo_notices":[],"jetpack_sharing_enabled":true,"_links":{"self":[{"href":"https:\/\/iefc.com.br\/index.php\/wp-json\/wp\/v2\/pages\/24181","targetHints":{"allow":["GET"]}}],"collection":[{"href":"https:\/\/iefc.com.br\/index.php\/wp-json\/wp\/v2\/pages"}],"about":[{"href":"https:\/\/iefc.com.br\/index.php\/wp-json\/wp\/v2\/types\/page"}],"author":[{"embeddable":true,"href":"https:\/\/iefc.com.br\/index.php\/wp-json\/wp\/v2\/users\/3"}],"replies":[{"embeddable":true,"href":"https:\/\/iefc.com.br\/index.php\/wp-json\/wp\/v2\/comments?post=24181"}],"version-history":[{"count":4,"href":"https:\/\/iefc.com.br\/index.php\/wp-json\/wp\/v2\/pages\/24181\/revisions"}],"predecessor-version":[{"id":24198,"href":"https:\/\/iefc.com.br\/index.php\/wp-json\/wp\/v2\/pages\/24181\/revisions\/24198"}],"wp:attachment":[{"href":"https:\/\/iefc.com.br\/index.php\/wp-json\/wp\/v2\/media?parent=24181"}],"curies":[{"name":"wp","href":"https:\/\/api.w.org\/{rel}","templated":true}]}}