{"id":15316,"date":"2019-12-04T18:20:41","date_gmt":"2019-12-04T21:20:41","guid":{"rendered":"https:\/\/iefc.com.br\/?post_type=product&#038;p=15316"},"modified":"2021-01-08T19:33:30","modified_gmt":"2021-01-08T22:33:30","slug":"c049","status":"publish","type":"product","link":"https:\/\/iefc.com.br\/index.php\/produto\/c049\/","title":{"rendered":"Cuidador Escolar #C049D02-20"},"content":{"rendered":"","protected":false},"excerpt":{"rendered":"<p>O cuidador escolar desempenha atividades muito importantes nas institui\u00e7\u00f5es de ensino, mas voc\u00ea sabe realmente o que faz um cuidador escolar? Sua fun\u00e7\u00e3o \u00e9 fundamental para o andamento das tarefas escolares dos alunos, pois garante a eles bem-estar e seguran\u00e7a durante o per\u00edodo em que se encontram na escola.<\/p>\n<p>Apesar da import\u00e2ncia desse profissional, muitas pessoas ainda n\u00e3o sabem exatamente quais s\u00e3o suas tarefas. Por isso, abaixo vamos informar qual \u00e9, de fato, o papel do cuidador educacional, qual o seu sal\u00e1rio e as atividades inerentes ao cargo.<\/p>\n<p><strong>Cuidador Escolar: saiba o que ele faz<\/strong><br \/>\nAs principais atividades desempenhadas pelo cuidador educacional est\u00e3o ligadas ao aux\u00edlio que ele presta aos alunos. Ele deve ajudar os estudantes a realizar as tarefas, zelar pela seguran\u00e7a de todos, observar poss\u00edveis altera\u00e7\u00f5es de comportamento e cuidar para que a rela\u00e7\u00e3o entre os alunos seja saud\u00e1vel.<br \/>\nO cuidador educacional tem ainda um papel muito importante na vida dos alunos com defici\u00eancia e Transtorno do Espectro Autista (TEA), pois \u00e9 ele quem atende \u00e0s necessidades de cuidados e apoio \u00e0s atividades de vida aut\u00f4noma (AVA) e atividades de vida pr\u00e1tica (AVP) desses estudantes.<\/p>\n<p style=\"text-align: center;\" align=\"justify\"><span style=\"color: #339966;\"><strong>AO PAGAR O CURSO, VOC\u00ca EST\u00c1 DE ACORDO COM O SEGUINTE TERMO<\/strong><\/span><\/p>\n<p align=\"justify\"><img loading=\"lazy\" decoding=\"async\" class=\"size-full wp-image-20793 aligncenter\" src=\"https:\/\/iefc.com.br\/wp-content\/uploads\/2020\/04\/Acordo-on-line-iEFC-12000.jpg\" alt=\"\" width=\"720\" height=\"978\" srcset=\"https:\/\/i0.wp.com\/iefc.com.br\/wp-content\/uploads\/2020\/04\/Acordo-on-line-iEFC-12000.jpg?w=720&amp;ssl=1 720w, https:\/\/i0.wp.com\/iefc.com.br\/wp-content\/uploads\/2020\/04\/Acordo-on-line-iEFC-12000.jpg?resize=221%2C300&amp;ssl=1 221w, https:\/\/i0.wp.com\/iefc.com.br\/wp-content\/uploads\/2020\/04\/Acordo-on-line-iEFC-12000.jpg?resize=300%2C408&amp;ssl=1 300w, https:\/\/i0.wp.com\/iefc.com.br\/wp-content\/uploads\/2020\/04\/Acordo-on-line-iEFC-12000.jpg?resize=600%2C815&amp;ssl=1 600w\" sizes=\"auto, (max-width: 720px) 100vw, 720px\" \/><\/p>\n<p><a href=\"https:\/\/iefc.com.br\/wp-content\/uploads\/2020\/04\/Acordo-on-line-iEFC-12000.pdf\" target=\"_blank\" rel=\"noopener noreferrer\"><img loading=\"lazy\" decoding=\"async\" class=\"aligncenter wp-image-20501\" src=\"https:\/\/iefc.com.br\/wp-content\/uploads\/2020\/03\/bot_pdf.jpg\" alt=\"\" width=\"399\" height=\"61\" srcset=\"https:\/\/i0.wp.com\/iefc.com.br\/wp-content\/uploads\/2020\/03\/bot_pdf.jpg?w=635&amp;ssl=1 635w, https:\/\/i0.wp.com\/iefc.com.br\/wp-content\/uploads\/2020\/03\/bot_pdf.jpg?resize=300%2C46&amp;ssl=1 300w, https:\/\/i0.wp.com\/iefc.com.br\/wp-content\/uploads\/2020\/03\/bot_pdf.jpg?resize=600%2C92&amp;ssl=1 600w\" sizes=\"auto, (max-width: 399px) 100vw, 399px\" \/><strong>CURSO DISPON\u00cdVEL PARA ACOMPANHAMENTO PELO YOUTUBE<\/strong><\/a><\/p>\n<p>https:\/\/www.youtube.com\/playlist?list=PLngjXVQw3ds7JRz6NF0KcVJOrpNz3AsRn<\/p>\n<p><span style=\"color: #0000ff;\"><strong>CERTIFICA\u00c7\u00c3O MEDIANTE PAGAMENTO<\/strong><\/span><\/p>\n","protected":false},"featured_media":22790,"comment_status":"open","ping_status":"closed","template":"","meta":{"_bbp_topic_count":0,"_bbp_reply_count":0,"_bbp_total_topic_count":0,"_bbp_total_reply_count":0,"_bbp_voice_count":0,"_bbp_anonymous_reply_count":0,"_bbp_topic_count_hidden":0,"_bbp_reply_count_hidden":0,"_bbp_forum_subforum_count":0,"content-type":"","pmpro_default_level":"","jetpack_publicize_message":"","jetpack_publicize_feature_enabled":true,"jetpack_social_post_already_shared":true,"jetpack_social_options":{"image_generator_settings":{"template":"highway","default_image_id":0,"font":"","enabled":false},"version":2}},"product_brand":[],"product_cat":[122,171,136],"product_tag":[157,172],"class_list":{"0":"post-15316","1":"product","2":"type-product","3":"status-publish","4":"has-post-thumbnail","6":"product_cat-curso","7":"product_cat-digital","8":"product_cat-psicopedagogia","9":"product_tag-cuidador-escolar","10":"product_tag-digital","11":"pmpro-has-access","13":"first","14":"instock","15":"sold-individually","16":"shipping-taxable","17":"purchasable","18":"product-type-simple"},"aioseo_notices":[],"jetpack_publicize_connections":[],"jetpack_sharing_enabled":true,"_links":{"self":[{"href":"https:\/\/iefc.com.br\/index.php\/wp-json\/wp\/v2\/product\/15316","targetHints":{"allow":["GET"]}}],"collection":[{"href":"https:\/\/iefc.com.br\/index.php\/wp-json\/wp\/v2\/product"}],"about":[{"href":"https:\/\/iefc.com.br\/index.php\/wp-json\/wp\/v2\/types\/product"}],"replies":[{"embeddable":true,"href":"https:\/\/iefc.com.br\/index.php\/wp-json\/wp\/v2\/comments?post=15316"}],"wp:featuredmedia":[{"embeddable":true,"href":"https:\/\/iefc.com.br\/index.php\/wp-json\/wp\/v2\/media\/22790"}],"wp:attachment":[{"href":"https:\/\/iefc.com.br\/index.php\/wp-json\/wp\/v2\/media?parent=15316"}],"wp:term":[{"taxonomy":"product_brand","embeddable":true,"href":"https:\/\/iefc.com.br\/index.php\/wp-json\/wp\/v2\/product_brand?post=15316"},{"taxonomy":"product_cat","embeddable":true,"href":"https:\/\/iefc.com.br\/index.php\/wp-json\/wp\/v2\/product_cat?post=15316"},{"taxonomy":"product_tag","embeddable":true,"href":"https:\/\/iefc.com.br\/index.php\/wp-json\/wp\/v2\/product_tag?post=15316"}],"curies":[{"name":"wp","href":"https:\/\/api.w.org\/{rel}","templated":true}]}}