{"id":22771,"date":"2021-01-08T17:32:00","date_gmt":"2021-01-08T20:32:00","guid":{"rendered":"https:\/\/iefc.com.br\/?post_type=product&#038;p=22771"},"modified":"2021-01-11T11:26:54","modified_gmt":"2021-01-11T14:26:54","slug":"c005d02-20","status":"publish","type":"product","link":"https:\/\/iefc.com.br\/index.php\/produto\/c005d02-20\/","title":{"rendered":"Secretaria Escolar #C005D02"},"content":{"rendered":"","protected":false},"excerpt":{"rendered":"<p>A <strong>Secretaria Escolar<\/strong> \u00e9 a respons\u00e1vel direta da Secretaria da Unidade educativa. Seu papel reveste-se de indiscut\u00edvel import\u00e2ncia para o melhor<br \/>\nfuncionamento da escola, competindo-lhe a organiza\u00e7\u00e3o e preserva\u00e7\u00e3o de toda a documenta\u00e7\u00e3o da escola, de forma escrita ou digitalizada.<\/p>\n<p>A amplitude de suas fun\u00e7\u00f5es, a coloca em rela\u00e7\u00e3o direta e permanente com diferentes \u00e1reas de atua\u00e7\u00e3o da Unidade Educativa, exigindo sua intera\u00e7\u00e3o com todos os envolvidos, no trabalho escolar.<\/p>\n<p>A secret\u00e1ria da escola atinge seus objetivos atrav\u00e9s do trabalho coletivo. Os objetivos s\u00e3o alcan\u00e7ados quando todos os membros se sentem respons\u00e1veis por sua realiza\u00e7\u00e3o.<\/p>\n<p style=\"text-align: center;\" align=\"justify\"><span style=\"color: #339966;\"><strong>AO PAGAR O CURSO, VOC\u00ca EST\u00c1 DE ACORDO COM O SEGUINTE TERMO<\/strong><\/span><\/p>\n<p align=\"justify\"><img loading=\"lazy\" decoding=\"async\" class=\"size-full wp-image-20794 aligncenter\" src=\"https:\/\/iefc.com.br\/wp-content\/uploads\/2020\/03\/Acordo-on-line-iEFC-8000.jpg\" alt=\"\" width=\"720\" height=\"978\" srcset=\"https:\/\/i0.wp.com\/iefc.com.br\/wp-content\/uploads\/2020\/03\/Acordo-on-line-iEFC-8000.jpg?w=720&amp;ssl=1 720w, https:\/\/i0.wp.com\/iefc.com.br\/wp-content\/uploads\/2020\/03\/Acordo-on-line-iEFC-8000.jpg?resize=221%2C300&amp;ssl=1 221w, https:\/\/i0.wp.com\/iefc.com.br\/wp-content\/uploads\/2020\/03\/Acordo-on-line-iEFC-8000.jpg?resize=300%2C408&amp;ssl=1 300w, https:\/\/i0.wp.com\/iefc.com.br\/wp-content\/uploads\/2020\/03\/Acordo-on-line-iEFC-8000.jpg?resize=600%2C815&amp;ssl=1 600w\" sizes=\"auto, (max-width: 720px) 100vw, 720px\" \/><a href=\"https:\/\/iefc.com.br\/wp-content\/uploads\/2020\/03\/Acordo-on-line-iEFC-8000.pdf\" target=\"_blank\" rel=\"noopener noreferrer\"><img loading=\"lazy\" decoding=\"async\" class=\"aligncenter wp-image-20501\" src=\"https:\/\/iefc.com.br\/wp-content\/uploads\/2020\/03\/bot_pdf.jpg\" alt=\"\" width=\"399\" height=\"61\" srcset=\"https:\/\/i0.wp.com\/iefc.com.br\/wp-content\/uploads\/2020\/03\/bot_pdf.jpg?w=635&amp;ssl=1 635w, https:\/\/i0.wp.com\/iefc.com.br\/wp-content\/uploads\/2020\/03\/bot_pdf.jpg?resize=300%2C46&amp;ssl=1 300w, https:\/\/i0.wp.com\/iefc.com.br\/wp-content\/uploads\/2020\/03\/bot_pdf.jpg?resize=600%2C92&amp;ssl=1 600w\" sizes=\"auto, (max-width: 399px) 100vw, 399px\" \/><\/a><\/p>\n","protected":false},"featured_media":22772,"comment_status":"open","ping_status":"closed","template":"","meta":{"_bbp_topic_count":0,"_bbp_reply_count":0,"_bbp_total_topic_count":0,"_bbp_total_reply_count":0,"_bbp_voice_count":0,"_bbp_anonymous_reply_count":0,"_bbp_topic_count_hidden":0,"_bbp_reply_count_hidden":0,"_bbp_forum_subforum_count":0,"content-type":"","pmpro_default_level":"","jetpack_publicize_message":"","jetpack_publicize_feature_enabled":true,"jetpack_social_post_already_shared":true,"jetpack_social_options":{"image_generator_settings":{"template":"highway","default_image_id":0,"font":"","enabled":false},"version":2}},"product_brand":[],"product_cat":[128,122,134,182,186],"product_tag":[183,187],"class_list":{"0":"post-22771","1":"product","2":"type-product","3":"status-publish","4":"has-post-thumbnail","6":"product_cat-atualidades","7":"product_cat-curso","8":"product_cat-curso-rapido","9":"product_cat-ead","10":"product_cat-secretaria","11":"product_tag-ead","12":"product_tag-secretaria-escolar","13":"pmpro-has-access","15":"first","16":"instock","17":"sold-individually","18":"shipping-taxable","19":"purchasable","20":"product-type-simple"},"aioseo_notices":[],"jetpack_publicize_connections":[],"jetpack_sharing_enabled":true,"_links":{"self":[{"href":"https:\/\/iefc.com.br\/index.php\/wp-json\/wp\/v2\/product\/22771","targetHints":{"allow":["GET"]}}],"collection":[{"href":"https:\/\/iefc.com.br\/index.php\/wp-json\/wp\/v2\/product"}],"about":[{"href":"https:\/\/iefc.com.br\/index.php\/wp-json\/wp\/v2\/types\/product"}],"replies":[{"embeddable":true,"href":"https:\/\/iefc.com.br\/index.php\/wp-json\/wp\/v2\/comments?post=22771"}],"wp:featuredmedia":[{"embeddable":true,"href":"https:\/\/iefc.com.br\/index.php\/wp-json\/wp\/v2\/media\/22772"}],"wp:attachment":[{"href":"https:\/\/iefc.com.br\/index.php\/wp-json\/wp\/v2\/media?parent=22771"}],"wp:term":[{"taxonomy":"product_brand","embeddable":true,"href":"https:\/\/iefc.com.br\/index.php\/wp-json\/wp\/v2\/product_brand?post=22771"},{"taxonomy":"product_cat","embeddable":true,"href":"https:\/\/iefc.com.br\/index.php\/wp-json\/wp\/v2\/product_cat?post=22771"},{"taxonomy":"product_tag","embeddable":true,"href":"https:\/\/iefc.com.br\/index.php\/wp-json\/wp\/v2\/product_tag?post=22771"}],"curies":[{"name":"wp","href":"https:\/\/api.w.org\/{rel}","templated":true}]}}