{"id":22775,"date":"2021-01-08T17:49:12","date_gmt":"2021-01-08T20:49:12","guid":{"rendered":"https:\/\/iefc.com.br\/?post_type=product&#038;p=22775"},"modified":"2021-01-11T11:26:45","modified_gmt":"2021-01-11T14:26:45","slug":"c013","status":"publish","type":"product","link":"https:\/\/iefc.com.br\/index.php\/produto\/c013\/","title":{"rendered":"Cuidador Social #C013D02"},"content":{"rendered":"","protected":false},"excerpt":{"rendered":"<div class=\"page\" title=\"Page 2\">\n<div class=\"section\">\n<div class=\"layoutArea\">\n<div class=\"column\">\n<p>O <strong>Cuidador Social<\/strong> \u00e9 o profissional respons\u00e1vel pelo apoio e recep\u00e7\u00e3o de usu\u00e1rios das unidades de acolhimento, sejam eles idosos, crian\u00e7as ou pessoas com defici\u00eancia. O objetivo \u00e9 promover a participa\u00e7\u00e3o social, autonomia e autoestima desses atendidos.<br \/>\nNa sua rotina de trabalho, est\u00e3o presentes atividades tais como:<br \/>\n-orienta\u00e7\u00e3o, encaminhamento e informa\u00e7\u00e3o sobre servi\u00e7os, projetos e benef\u00edcios concedidos aos usu\u00e1rios e seus familiares<br \/>\n-acompanhamento nos servi\u00e7os de educa\u00e7\u00e3o, sa\u00fade e outras necess\u00e1rias no dia a dia, bem como aquelas que requerem sa\u00eddas dos centros de acolhimento<br \/>\n-desenvolvimento de atividades recreativas<br \/>\n-atividades de higiene e cuidados b\u00e1sicos aos usu\u00e1rios<br \/>\n-zelar pela sa\u00fade e integridade dos pacientes<br \/>\n-orienta\u00e7\u00e3o e aux\u00edlio na alimenta\u00e7\u00e3o e locomo\u00e7\u00e3o<br \/>\n-acompanhamento e avalia\u00e7\u00e3o do processo de desenvolvimento psicomotor e comportamental do usu\u00e1rio<br \/>\n-ministrar medicamentos<br \/>\n-prestar primeiros socorros e pequenos curativos<\/p>\n<\/div>\n<\/div>\n<\/div>\n<\/div>\n<p style=\"text-align: center;\" align=\"justify\"><span style=\"color: #339966;\"><strong>AO PAGAR O CURSO, VOC\u00ca EST\u00c1 DE ACORDO COM O SEGUINTE TERMO<\/strong><\/span><\/p>\n<p align=\"justify\"><img loading=\"lazy\" decoding=\"async\" class=\"size-full wp-image-20795 aligncenter\" src=\"https:\/\/iefc.com.br\/wp-content\/uploads\/2020\/03\/Acordo-on-line-iEFC-10000.jpg\" alt=\"\" width=\"720\" height=\"978\" srcset=\"https:\/\/i0.wp.com\/iefc.com.br\/wp-content\/uploads\/2020\/03\/Acordo-on-line-iEFC-10000.jpg?w=720&amp;ssl=1 720w, https:\/\/i0.wp.com\/iefc.com.br\/wp-content\/uploads\/2020\/03\/Acordo-on-line-iEFC-10000.jpg?resize=221%2C300&amp;ssl=1 221w, https:\/\/i0.wp.com\/iefc.com.br\/wp-content\/uploads\/2020\/03\/Acordo-on-line-iEFC-10000.jpg?resize=300%2C408&amp;ssl=1 300w, https:\/\/i0.wp.com\/iefc.com.br\/wp-content\/uploads\/2020\/03\/Acordo-on-line-iEFC-10000.jpg?resize=600%2C815&amp;ssl=1 600w\" sizes=\"auto, (max-width: 720px) 100vw, 720px\" \/><a href=\"https:\/\/iefc.com.br\/wp-content\/uploads\/2020\/03\/Acordo-on-line-iEFC-10000.pdf\" target=\"_blank\" rel=\"noopener noreferrer\"><img loading=\"lazy\" decoding=\"async\" class=\"aligncenter wp-image-20501\" src=\"https:\/\/iefc.com.br\/wp-content\/uploads\/2020\/03\/bot_pdf.jpg\" alt=\"\" width=\"399\" height=\"61\" srcset=\"https:\/\/i0.wp.com\/iefc.com.br\/wp-content\/uploads\/2020\/03\/bot_pdf.jpg?w=635&amp;ssl=1 635w, https:\/\/i0.wp.com\/iefc.com.br\/wp-content\/uploads\/2020\/03\/bot_pdf.jpg?resize=300%2C46&amp;ssl=1 300w, https:\/\/i0.wp.com\/iefc.com.br\/wp-content\/uploads\/2020\/03\/bot_pdf.jpg?resize=600%2C92&amp;ssl=1 600w\" sizes=\"auto, (max-width: 399px) 100vw, 399px\" \/><\/a><\/p>\n","protected":false},"featured_media":22776,"comment_status":"open","ping_status":"closed","template":"","meta":{"_bbp_topic_count":0,"_bbp_reply_count":0,"_bbp_total_topic_count":0,"_bbp_total_reply_count":0,"_bbp_voice_count":0,"_bbp_anonymous_reply_count":0,"_bbp_topic_count_hidden":0,"_bbp_reply_count_hidden":0,"_bbp_forum_subforum_count":0,"content-type":"","pmpro_default_level":"","jetpack_publicize_message":"","jetpack_publicize_feature_enabled":true,"jetpack_social_post_already_shared":true,"jetpack_social_options":{"image_generator_settings":{"template":"highway","default_image_id":0,"font":"","enabled":false},"version":2}},"product_brand":[],"product_cat":[122,134,182],"product_tag":[188,162],"class_list":{"0":"post-22775","1":"product","2":"type-product","3":"status-publish","4":"has-post-thumbnail","6":"product_cat-curso","7":"product_cat-curso-rapido","8":"product_cat-ead","9":"product_tag-cuidador-social","10":"product_tag-servico-social","11":"pmpro-has-access","13":"first","14":"instock","15":"sold-individually","16":"shipping-taxable","17":"purchasable","18":"product-type-simple"},"aioseo_notices":[],"jetpack_publicize_connections":[],"jetpack_sharing_enabled":true,"_links":{"self":[{"href":"https:\/\/iefc.com.br\/index.php\/wp-json\/wp\/v2\/product\/22775","targetHints":{"allow":["GET"]}}],"collection":[{"href":"https:\/\/iefc.com.br\/index.php\/wp-json\/wp\/v2\/product"}],"about":[{"href":"https:\/\/iefc.com.br\/index.php\/wp-json\/wp\/v2\/types\/product"}],"replies":[{"embeddable":true,"href":"https:\/\/iefc.com.br\/index.php\/wp-json\/wp\/v2\/comments?post=22775"}],"wp:featuredmedia":[{"embeddable":true,"href":"https:\/\/iefc.com.br\/index.php\/wp-json\/wp\/v2\/media\/22776"}],"wp:attachment":[{"href":"https:\/\/iefc.com.br\/index.php\/wp-json\/wp\/v2\/media?parent=22775"}],"wp:term":[{"taxonomy":"product_brand","embeddable":true,"href":"https:\/\/iefc.com.br\/index.php\/wp-json\/wp\/v2\/product_brand?post=22775"},{"taxonomy":"product_cat","embeddable":true,"href":"https:\/\/iefc.com.br\/index.php\/wp-json\/wp\/v2\/product_cat?post=22775"},{"taxonomy":"product_tag","embeddable":true,"href":"https:\/\/iefc.com.br\/index.php\/wp-json\/wp\/v2\/product_tag?post=22775"}],"curies":[{"name":"wp","href":"https:\/\/api.w.org\/{rel}","templated":true}]}}