{"id":22777,"date":"2021-01-08T18:01:50","date_gmt":"2021-01-08T21:01:50","guid":{"rendered":"https:\/\/iefc.com.br\/?post_type=product&#038;p=22777"},"modified":"2021-01-11T11:26:34","modified_gmt":"2021-01-11T14:26:34","slug":"c015","status":"publish","type":"product","link":"https:\/\/iefc.com.br\/index.php\/produto\/c015\/","title":{"rendered":"Educa\u00e7\u00e3o Infantil #C015D02"},"content":{"rendered":"","protected":false},"excerpt":{"rendered":"<p>Tamb\u00e9m conhecida como ensino infantil, a <strong>Educa\u00e7\u00e3o Infantil<\/strong> \u00e9 a primeira etapa da educa\u00e7\u00e3o b\u00e1sica. Ela atende crian\u00e7as de zero a cinco anos de idade, que est\u00e3o tendo os primeiros contatos com a escola, e por isso mesmo integra ensino e cuidado, funcionando como um complemento da educa\u00e7\u00e3o familiar. Mas qual a finalidade da educa\u00e7\u00e3o infantil?<\/p>\n<p>Seu principal objetivo \u00e9 promover nos pequenos estudantes o desenvolvimento dos aspectos f\u00edsico, motor, cognitivo, social e emocional, al\u00e9m de fomentar a explora\u00e7\u00e3o, as descobertas e a experimenta\u00e7\u00e3o. \u00c9 nesta fase tamb\u00e9m que as crian\u00e7as come\u00e7am a interagir com pessoas de fora do seu c\u00edrculo familiar e comunit\u00e1rio, principalmente atrav\u00e9s da realiza\u00e7\u00e3o de jogos e atividades que envolvem a ludicidade.<\/p>\n<p><strong>A import\u00e2ncia da Educa\u00e7\u00e3o Infantil<\/strong><\/p>\n<p>A Educa\u00e7\u00e3o Infantil \u00e9 considerada uma das mais importantes etapas da forma\u00e7\u00e3o das crian\u00e7as, pois \u00e9 onde elas come\u00e7am a existir fora do conv\u00edvio familiar, o que envolve lidar com diferen\u00e7as, o desenvolvimento da personalidade e da autonomia, a cria\u00e7\u00e3o de la\u00e7os de amizade e as descobertas em diferentes \u00e1reas do conhecimento. Ela funciona como uma base para as demais etapas da educa\u00e7\u00e3o formal, e o correto aproveitamento desta etapa permite que os pequenos cres\u00e7am com mais autonomia e tenham mais sucesso em sua vida escolar e individual.<\/p>\n<p>E como lidar com beb\u00eas e crian\u00e7as exige cuidados especiais e muito tato, a proposta pedag\u00f3gica da educa\u00e7\u00e3o infantil prev\u00ea a realiza\u00e7\u00e3o de jogos, brincadeiras e atividades prazerosas que al\u00e9m de ensinar, divertem, tornando o processo de constru\u00e7\u00e3o do conhecimento muito mais assertivo e divertido.<\/p>\n<p>Certificado de 120 Horas\/Aula<\/p>\n<p style=\"text-align: center;\" align=\"justify\"><span style=\"color: #339966;\"><strong>AO PAGAR O CURSO, VOC\u00ca EST\u00c1 DE ACORDO COM O SEGUINTE TERMO<\/strong><\/span><\/p>\n<p align=\"justify\"><img loading=\"lazy\" decoding=\"async\" class=\"size-full wp-image-20793 aligncenter\" src=\"https:\/\/iefc.com.br\/wp-content\/uploads\/2020\/04\/Acordo-on-line-iEFC-12000.jpg\" alt=\"\" width=\"720\" height=\"978\" srcset=\"https:\/\/i0.wp.com\/iefc.com.br\/wp-content\/uploads\/2020\/04\/Acordo-on-line-iEFC-12000.jpg?w=720&amp;ssl=1 720w, https:\/\/i0.wp.com\/iefc.com.br\/wp-content\/uploads\/2020\/04\/Acordo-on-line-iEFC-12000.jpg?resize=221%2C300&amp;ssl=1 221w, https:\/\/i0.wp.com\/iefc.com.br\/wp-content\/uploads\/2020\/04\/Acordo-on-line-iEFC-12000.jpg?resize=300%2C408&amp;ssl=1 300w, https:\/\/i0.wp.com\/iefc.com.br\/wp-content\/uploads\/2020\/04\/Acordo-on-line-iEFC-12000.jpg?resize=600%2C815&amp;ssl=1 600w\" sizes=\"auto, (max-width: 720px) 100vw, 720px\" \/><\/p>\n<p><a href=\"https:\/\/iefc.com.br\/wp-content\/uploads\/2020\/04\/Acordo-on-line-iEFC-12000.pdf\" target=\"_blank\" rel=\"noopener noreferrer\"><img loading=\"lazy\" decoding=\"async\" class=\"aligncenter wp-image-20501\" src=\"https:\/\/iefc.com.br\/wp-content\/uploads\/2020\/03\/bot_pdf.jpg\" alt=\"\" width=\"399\" height=\"61\" srcset=\"https:\/\/i0.wp.com\/iefc.com.br\/wp-content\/uploads\/2020\/03\/bot_pdf.jpg?w=635&amp;ssl=1 635w, https:\/\/i0.wp.com\/iefc.com.br\/wp-content\/uploads\/2020\/03\/bot_pdf.jpg?resize=300%2C46&amp;ssl=1 300w, https:\/\/i0.wp.com\/iefc.com.br\/wp-content\/uploads\/2020\/03\/bot_pdf.jpg?resize=600%2C92&amp;ssl=1 600w\" sizes=\"auto, (max-width: 399px) 100vw, 399px\" \/><br \/>\n<\/a><\/p>\n<p><span style=\"color: #0000ff;\"><strong>CERTIFICA\u00c7\u00c3O MEDIANTE PAGAMENTO<\/strong><\/span><\/p>\n","protected":false},"featured_media":22778,"comment_status":"open","ping_status":"closed","template":"","meta":{"_bbp_topic_count":0,"_bbp_reply_count":0,"_bbp_total_topic_count":0,"_bbp_total_reply_count":0,"_bbp_voice_count":0,"_bbp_anonymous_reply_count":0,"_bbp_topic_count_hidden":0,"_bbp_reply_count_hidden":0,"_bbp_forum_subforum_count":0,"content-type":"","pmpro_default_level":"","jetpack_publicize_message":"","jetpack_publicize_feature_enabled":true,"jetpack_social_post_already_shared":true,"jetpack_social_options":{"image_generator_settings":{"template":"highway","default_image_id":0,"font":"","enabled":false},"version":2}},"product_brand":[],"product_cat":[182,144,136],"product_tag":[183,145,137],"class_list":{"0":"post-22777","1":"product","2":"type-product","3":"status-publish","4":"has-post-thumbnail","6":"product_cat-ead","7":"product_cat-educacao-infantil","8":"product_cat-psicopedagogia","9":"product_tag-ead","10":"product_tag-educacao-infantil","11":"product_tag-psicopedagogia","12":"pmpro-has-access","14":"first","15":"instock","16":"sold-individually","17":"shipping-taxable","18":"purchasable","19":"product-type-simple"},"aioseo_notices":[],"jetpack_publicize_connections":[],"jetpack_sharing_enabled":true,"_links":{"self":[{"href":"https:\/\/iefc.com.br\/index.php\/wp-json\/wp\/v2\/product\/22777","targetHints":{"allow":["GET"]}}],"collection":[{"href":"https:\/\/iefc.com.br\/index.php\/wp-json\/wp\/v2\/product"}],"about":[{"href":"https:\/\/iefc.com.br\/index.php\/wp-json\/wp\/v2\/types\/product"}],"replies":[{"embeddable":true,"href":"https:\/\/iefc.com.br\/index.php\/wp-json\/wp\/v2\/comments?post=22777"}],"wp:featuredmedia":[{"embeddable":true,"href":"https:\/\/iefc.com.br\/index.php\/wp-json\/wp\/v2\/media\/22778"}],"wp:attachment":[{"href":"https:\/\/iefc.com.br\/index.php\/wp-json\/wp\/v2\/media?parent=22777"}],"wp:term":[{"taxonomy":"product_brand","embeddable":true,"href":"https:\/\/iefc.com.br\/index.php\/wp-json\/wp\/v2\/product_brand?post=22777"},{"taxonomy":"product_cat","embeddable":true,"href":"https:\/\/iefc.com.br\/index.php\/wp-json\/wp\/v2\/product_cat?post=22777"},{"taxonomy":"product_tag","embeddable":true,"href":"https:\/\/iefc.com.br\/index.php\/wp-json\/wp\/v2\/product_tag?post=22777"}],"curies":[{"name":"wp","href":"https:\/\/api.w.org\/{rel}","templated":true}]}}