{"id":22779,"date":"2021-01-08T18:11:38","date_gmt":"2021-01-08T21:11:38","guid":{"rendered":"https:\/\/iefc.com.br\/?post_type=product&#038;p=22779"},"modified":"2021-01-11T11:25:50","modified_gmt":"2021-01-11T14:25:50","slug":"c023","status":"publish","type":"product","link":"https:\/\/iefc.com.br\/index.php\/produto\/c023\/","title":{"rendered":"Inclus\u00e3o e Socializa\u00e7\u00e3o #C023D02"},"content":{"rendered":"","protected":false},"excerpt":{"rendered":"<p>\u00c9 na escola que aprendemos a ler e escrever, subtrair e multiplicar. Descobrimos que Pedro \u00c1lvares Cabral avistou esse peda\u00e7o de terra chamado, posteriormente, Brasil, l\u00e1 por volta de 1500. Professores nos falam sobre o mar, as serras e ficamos fascinados com a funcionalidade do nosso corpo. E \u00e9 tamb\u00e9m nesse per\u00edodo que come\u00e7amos a nos deparar com outras crian\u00e7as que veem e interagem com o mundo de uma maneira diferente, ou de um \u00e2ngulo distinto. Pelo menos \u00e9 assim que deveria funcionar nas escolas brasileiras, j\u00e1 que cada vez mais gestores, professores e pais discutem pol\u00edticas para adequar as escolas \u00e0s crian\u00e7as com limita\u00e7\u00f5es f\u00edsicas.<\/p>\n<p>Mais do que construir e reformular o espa\u00e7o escolar para atend\u00ea-las, \u00e9 necess\u00e1rio adaptar o curr\u00edculo para que todos os alunos, com algum tipo de limita\u00e7\u00e3o f\u00edsica ou n\u00e3o, explorem as suas potencialidades e capacidades.<\/p>\n<p>Em termos gerais, a educa\u00e7\u00e3o inclusiva busca exatamente isso: educar todos em um mesmo contexto escolar. Esse novo conceito s\u00f3 surgiu na \u00faltima d\u00e9cada. Antes, as institui\u00e7\u00f5es de ensino eram divididas de acordo com o servi\u00e7o que ofereciam: a escola regular e a especial. Portanto, um aluno com limita\u00e7\u00f5es f\u00edsicas frequentaria uma escola especial, onde conviveria com crian\u00e7as que tamb\u00e9m possu\u00edam algum tipo de limita\u00e7\u00e3o.<\/p>\n<p>Certificado de 120 Horas\/Aula<\/p>\n<p style=\"text-align: center;\" align=\"justify\"><span style=\"color: #339966;\"><strong>AO PAGAR O CURSO, VOC\u00ca EST\u00c1 DE ACORDO COM O SEGUINTE TERMO<\/strong><\/span><\/p>\n<p align=\"justify\"><img loading=\"lazy\" decoding=\"async\" class=\"size-full wp-image-20793 aligncenter\" src=\"https:\/\/iefc.com.br\/wp-content\/uploads\/2020\/04\/Acordo-on-line-iEFC-12000.jpg\" alt=\"\" width=\"720\" height=\"978\" srcset=\"https:\/\/i0.wp.com\/iefc.com.br\/wp-content\/uploads\/2020\/04\/Acordo-on-line-iEFC-12000.jpg?w=720&amp;ssl=1 720w, https:\/\/i0.wp.com\/iefc.com.br\/wp-content\/uploads\/2020\/04\/Acordo-on-line-iEFC-12000.jpg?resize=221%2C300&amp;ssl=1 221w, https:\/\/i0.wp.com\/iefc.com.br\/wp-content\/uploads\/2020\/04\/Acordo-on-line-iEFC-12000.jpg?resize=300%2C408&amp;ssl=1 300w, https:\/\/i0.wp.com\/iefc.com.br\/wp-content\/uploads\/2020\/04\/Acordo-on-line-iEFC-12000.jpg?resize=600%2C815&amp;ssl=1 600w\" sizes=\"auto, (max-width: 720px) 100vw, 720px\" \/><\/p>\n<p><a href=\"https:\/\/iefc.com.br\/wp-content\/uploads\/2020\/04\/Acordo-on-line-iEFC-12000.pdf\" target=\"_blank\" rel=\"noopener noreferrer\"><img loading=\"lazy\" decoding=\"async\" class=\"aligncenter wp-image-20501\" src=\"https:\/\/iefc.com.br\/wp-content\/uploads\/2020\/03\/bot_pdf.jpg\" alt=\"\" width=\"399\" height=\"61\" srcset=\"https:\/\/i0.wp.com\/iefc.com.br\/wp-content\/uploads\/2020\/03\/bot_pdf.jpg?w=635&amp;ssl=1 635w, https:\/\/i0.wp.com\/iefc.com.br\/wp-content\/uploads\/2020\/03\/bot_pdf.jpg?resize=300%2C46&amp;ssl=1 300w, https:\/\/i0.wp.com\/iefc.com.br\/wp-content\/uploads\/2020\/03\/bot_pdf.jpg?resize=600%2C92&amp;ssl=1 600w\" sizes=\"auto, (max-width: 399px) 100vw, 399px\" \/><br \/>\n<\/a><\/p>\n<p><span style=\"color: #0000ff;\"><strong>CERTIFICA\u00c7\u00c3O MEDIANTE PAGAMENTO<\/strong><\/span><\/p>\n","protected":false},"featured_media":22780,"comment_status":"open","ping_status":"closed","template":"","meta":{"_bbp_topic_count":0,"_bbp_reply_count":0,"_bbp_total_topic_count":0,"_bbp_total_reply_count":0,"_bbp_voice_count":0,"_bbp_anonymous_reply_count":0,"_bbp_topic_count_hidden":0,"_bbp_reply_count_hidden":0,"_bbp_forum_subforum_count":0,"content-type":"","pmpro_default_level":"","jetpack_publicize_message":"","jetpack_publicize_feature_enabled":true,"jetpack_social_post_already_shared":true,"jetpack_social_options":{"image_generator_settings":{"template":"highway","default_image_id":0,"font":"","enabled":false},"version":2}},"product_brand":[],"product_cat":[182,123,189,136],"product_tag":[183,127,190,137],"class_list":{"0":"post-22779","1":"product","2":"type-product","3":"status-publish","4":"has-post-thumbnail","6":"product_cat-ead","7":"product_cat-educacao-especial","8":"product_cat-inclusao","9":"product_cat-psicopedagogia","10":"product_tag-ead","11":"product_tag-educacao-especial","12":"product_tag-inclusao","13":"product_tag-psicopedagogia","14":"pmpro-has-access","16":"first","17":"instock","18":"sold-individually","19":"shipping-taxable","20":"purchasable","21":"product-type-simple"},"aioseo_notices":[],"jetpack_publicize_connections":[],"jetpack_sharing_enabled":true,"_links":{"self":[{"href":"https:\/\/iefc.com.br\/index.php\/wp-json\/wp\/v2\/product\/22779","targetHints":{"allow":["GET"]}}],"collection":[{"href":"https:\/\/iefc.com.br\/index.php\/wp-json\/wp\/v2\/product"}],"about":[{"href":"https:\/\/iefc.com.br\/index.php\/wp-json\/wp\/v2\/types\/product"}],"replies":[{"embeddable":true,"href":"https:\/\/iefc.com.br\/index.php\/wp-json\/wp\/v2\/comments?post=22779"}],"wp:featuredmedia":[{"embeddable":true,"href":"https:\/\/iefc.com.br\/index.php\/wp-json\/wp\/v2\/media\/22780"}],"wp:attachment":[{"href":"https:\/\/iefc.com.br\/index.php\/wp-json\/wp\/v2\/media?parent=22779"}],"wp:term":[{"taxonomy":"product_brand","embeddable":true,"href":"https:\/\/iefc.com.br\/index.php\/wp-json\/wp\/v2\/product_brand?post=22779"},{"taxonomy":"product_cat","embeddable":true,"href":"https:\/\/iefc.com.br\/index.php\/wp-json\/wp\/v2\/product_cat?post=22779"},{"taxonomy":"product_tag","embeddable":true,"href":"https:\/\/iefc.com.br\/index.php\/wp-json\/wp\/v2\/product_tag?post=22779"}],"curies":[{"name":"wp","href":"https:\/\/api.w.org\/{rel}","templated":true}]}}