{"id":22785,"date":"2021-01-08T18:42:13","date_gmt":"2021-01-08T21:42:13","guid":{"rendered":"https:\/\/iefc.com.br\/?post_type=product&#038;p=22785"},"modified":"2021-01-08T18:48:46","modified_gmt":"2021-01-08T21:48:46","slug":"c032","status":"publish","type":"product","link":"https:\/\/iefc.com.br\/index.php\/produto\/c032\/","title":{"rendered":"Rela\u00e7\u00f5es Humanas #C032D02"},"content":{"rendered":"","protected":false},"excerpt":{"rendered":"<div class=\"page\" title=\"Page 2\">\n<div class=\"section\">\n<div class=\"layoutArea\">\n<div class=\"column\">\n<p>O que s\u00e3o as <strong>Rela\u00e7\u00f5es Humanas<\/strong>?<br \/>\nSomos seres soci\u00e1veis e, como tais, estamos em constante contato com outras pessoas.<br \/>\nAli\u00e1s, \u00e9 poss\u00edvel dizer que constru\u00edmos toda a nossa exist\u00eancia com base nos la\u00e7os que tecemos ao longo dos anos.<br \/>\nIsso vale para a nossa fam\u00edlia, amigos, colegas de trabalho e at\u00e9 mesmo ilustres desconhecidos que encontramos pelo caminho.<br \/>\nDesse modo, podemos classificar as rela\u00e7\u00f5es humanas como as intera\u00e7\u00f5es que realizamos com todos esses indiv\u00edduos ao longo de nossas vidas \u2013 e, \u00e9 claro, todas as implica\u00e7\u00f5es que isso gera.<br \/>\nDefinitivamente, trata-se de algo complexo, por mais natural que possa ser.<br \/>\nAfinal, as rela\u00e7\u00f5es humanas implicam em trocas constantes, em compreender sentimentos e em aprimorar diariamente a arte da comunica\u00e7\u00e3o.<br \/>\nTudo isso, por sua vez, pode gerar conflitos dos mais diversos \u2013 e nem sempre estamos exatamente preparados para lidar com eles.<br \/>\nNo entanto, n\u00e3o h\u00e1 melhor forma de aprendermos a superar os problemas com outras pessoas do que a partir do conv\u00edvio com elas.<br \/>\n\u00c9 no contato das rela\u00e7\u00f5es humanas que nos desenvolvemos e fortalecemos a nossa intelig\u00eancia emocional.<br \/>\n\u00c9 pelo exemplo do outro que entendemos como \u00e9 poss\u00edvel fazer melhor.<br \/>\nN\u00e3o por acaso, nunca se falou tanto de empatia e da sua import\u00e2ncia.<br \/>\nO mundo pode at\u00e9 ser cada vez mais de rob\u00f4s, mas as novas gera\u00e7\u00f5es pedem por mais contato, olho no olho e verdadeiras experi\u00eancias.<br \/>\nE como seria poss\u00edvel seguir nesse caminho sem a capacidade de se colocar no lugar do outro e entender as suas dores?<br \/>\nBom, j\u00e1 deu para ver que, definitivamente, esse n\u00e3o \u00e9 um assunto que possa ser definido como simples.<br \/>\nAs rela\u00e7\u00f5es humanas, afinal de contas, n\u00e3o o s\u00e3o.<\/p>\n<\/div>\n<\/div>\n<\/div>\n<\/div>\n<p style=\"text-align: center;\" align=\"justify\"><span style=\"color: #339966;\"><strong>AO PAGAR O CURSO, VOC\u00ca EST\u00c1 DE ACORDO COM O SEGUINTE TERMO<\/strong><\/span><\/p>\n<p align=\"justify\"><a href=\"https:\/\/iefc.com.br\/wp-content\/uploads\/2021\/01\/Acordo-on-line-iEFC-6000.jpg\"><img loading=\"lazy\" decoding=\"async\" class=\"alignnone wp-image-22765 size-full\" src=\"https:\/\/iefc.com.br\/wp-content\/uploads\/2021\/01\/Acordo-on-line-iEFC-6000.jpg\" alt=\"\" width=\"720\" height=\"978\" srcset=\"https:\/\/i0.wp.com\/iefc.com.br\/wp-content\/uploads\/2021\/01\/Acordo-on-line-iEFC-6000.jpg?w=720&amp;ssl=1 720w, https:\/\/i0.wp.com\/iefc.com.br\/wp-content\/uploads\/2021\/01\/Acordo-on-line-iEFC-6000.jpg?resize=221%2C300&amp;ssl=1 221w, https:\/\/i0.wp.com\/iefc.com.br\/wp-content\/uploads\/2021\/01\/Acordo-on-line-iEFC-6000.jpg?resize=300%2C408&amp;ssl=1 300w, https:\/\/i0.wp.com\/iefc.com.br\/wp-content\/uploads\/2021\/01\/Acordo-on-line-iEFC-6000.jpg?resize=600%2C815&amp;ssl=1 600w\" sizes=\"auto, (max-width: 720px) 100vw, 720px\" \/><\/a><a href=\"https:\/\/iefc.com.br\/wp-content\/uploads\/2020\/03\/Acordo-on-line-iEFC-6000.pdf\" target=\"_blank\" rel=\"noopener noreferrer\"><img loading=\"lazy\" decoding=\"async\" class=\"aligncenter wp-image-20501\" src=\"https:\/\/iefc.com.br\/wp-content\/uploads\/2020\/03\/bot_pdf.jpg\" alt=\"\" width=\"399\" height=\"61\" srcset=\"https:\/\/i0.wp.com\/iefc.com.br\/wp-content\/uploads\/2020\/03\/bot_pdf.jpg?w=635&amp;ssl=1 635w, https:\/\/i0.wp.com\/iefc.com.br\/wp-content\/uploads\/2020\/03\/bot_pdf.jpg?resize=300%2C46&amp;ssl=1 300w, https:\/\/i0.wp.com\/iefc.com.br\/wp-content\/uploads\/2020\/03\/bot_pdf.jpg?resize=600%2C92&amp;ssl=1 600w\" sizes=\"auto, (max-width: 399px) 100vw, 399px\" \/><\/a><\/p>\n","protected":false},"featured_media":22786,"comment_status":"open","ping_status":"closed","template":"","meta":{"_bbp_topic_count":0,"_bbp_reply_count":0,"_bbp_total_topic_count":0,"_bbp_total_reply_count":0,"_bbp_voice_count":0,"_bbp_anonymous_reply_count":0,"_bbp_topic_count_hidden":0,"_bbp_reply_count_hidden":0,"_bbp_forum_subforum_count":0,"content-type":"","pmpro_default_level":"","jetpack_publicize_message":"","jetpack_publicize_feature_enabled":true,"jetpack_social_post_already_shared":true,"jetpack_social_options":{"image_generator_settings":{"template":"highway","default_image_id":0,"font":"","enabled":false},"version":2}},"product_brand":[],"product_cat":[122,134,182,198],"product_tag":[183,199],"class_list":{"0":"post-22785","1":"product","2":"type-product","3":"status-publish","4":"has-post-thumbnail","6":"product_cat-curso","7":"product_cat-curso-rapido","8":"product_cat-ead","9":"product_cat-mercado-de-trabalho","10":"product_tag-ead","11":"product_tag-mercado-de-trabalho","12":"pmpro-has-access","14":"first","15":"instock","16":"sold-individually","17":"shipping-taxable","18":"purchasable","19":"product-type-simple"},"aioseo_notices":[],"jetpack_publicize_connections":[],"jetpack_sharing_enabled":true,"_links":{"self":[{"href":"https:\/\/iefc.com.br\/index.php\/wp-json\/wp\/v2\/product\/22785","targetHints":{"allow":["GET"]}}],"collection":[{"href":"https:\/\/iefc.com.br\/index.php\/wp-json\/wp\/v2\/product"}],"about":[{"href":"https:\/\/iefc.com.br\/index.php\/wp-json\/wp\/v2\/types\/product"}],"replies":[{"embeddable":true,"href":"https:\/\/iefc.com.br\/index.php\/wp-json\/wp\/v2\/comments?post=22785"}],"wp:featuredmedia":[{"embeddable":true,"href":"https:\/\/iefc.com.br\/index.php\/wp-json\/wp\/v2\/media\/22786"}],"wp:attachment":[{"href":"https:\/\/iefc.com.br\/index.php\/wp-json\/wp\/v2\/media?parent=22785"}],"wp:term":[{"taxonomy":"product_brand","embeddable":true,"href":"https:\/\/iefc.com.br\/index.php\/wp-json\/wp\/v2\/product_brand?post=22785"},{"taxonomy":"product_cat","embeddable":true,"href":"https:\/\/iefc.com.br\/index.php\/wp-json\/wp\/v2\/product_cat?post=22785"},{"taxonomy":"product_tag","embeddable":true,"href":"https:\/\/iefc.com.br\/index.php\/wp-json\/wp\/v2\/product_tag?post=22785"}],"curies":[{"name":"wp","href":"https:\/\/api.w.org\/{rel}","templated":true}]}}