{"id":22787,"date":"2021-01-08T19:21:09","date_gmt":"2021-01-08T22:21:09","guid":{"rendered":"https:\/\/iefc.com.br\/?post_type=product&#038;p=22787"},"modified":"2021-01-08T19:25:58","modified_gmt":"2021-01-08T22:25:58","slug":"c044","status":"publish","type":"product","link":"https:\/\/iefc.com.br\/index.php\/produto\/c044\/","title":{"rendered":"Supervis\u00e3o Escolar #C044D02"},"content":{"rendered":"","protected":false},"excerpt":{"rendered":"<p>A <strong>Supervis\u00e3o Escolar<\/strong> constitui-se num trabalho profissional que tem o compromisso juntamente com os professores de garantir os princ\u00edpios de liberdade e solidariedade humana, no pleno desenvolvimento do educando, no seu preparo para o exerc\u00edcio da cidadania e sua qualifica\u00e7\u00e3o para o trabalho e, para isso assegurar a qualidade de ensino, da educa\u00e7\u00e3o, da forma\u00e7\u00e3o humana. No cen\u00e1rio nacional, a supervis\u00e3o escolar tornou-se \u201cfun\u00e7\u00e3o meio\u201d, que garantiria a efici\u00eancia da tarefa educativa, atrav\u00e9s do controle da produtividade do trabalho docente. Neste sentido, o presente artigo objetivou levantar o papel, a relev\u00e2ncia e as atribui\u00e7\u00f5es do supervisor educacional de uma escola Estadual do Munic\u00edpio de S\u00e3o Bernardo do Campo &#8211; S\u00e3o Paulo. A amostra representativa desta pesquisa foi de tr\u00eas professores da referida institui\u00e7\u00e3o de ensino. O instrumento de coleta de dados foi o question\u00e1rio, com quest\u00f5es abertas. Os dados s\u00e3o apresentados na \u00edntegra expressos por gr\u00e1ficos, quando \u00e9 o caso, de maneira que explicitem a realidade na vis\u00e3o dos educadores, al\u00e9m de proporcionar um panorama geral do tema.<\/p>\n<p>Ao se estabelecer um conceito supervis\u00e3o, \u00e9 importante esclarecer o sentido etimol\u00f3gico do termo. A palavra Supervis\u00e3o \u00e9 formada pelos voc\u00e1bulos super (sobre) e vis\u00e3o (a\u00e7\u00e3o de ver). Indica a atitude de ver com mais clareza uma a\u00e7\u00e3o qualquer. Como significa\u00e7\u00e3o estrita do termo, pode-se dizer que significa olhar de cima, dando uma \u201cid\u00e9ia de vis\u00e3o global\u201d.<\/p>\n<p>Certificado de 120 Horas\/Aula<\/p>\n<p style=\"text-align: center;\" align=\"justify\"><span style=\"color: #339966;\"><strong>AO PAGAR O CURSO, VOC\u00ca EST\u00c1 DE ACORDO COM O SEGUINTE TERMO<\/strong><\/span><\/p>\n<p align=\"justify\"><img loading=\"lazy\" decoding=\"async\" class=\"size-full wp-image-20793 aligncenter\" src=\"https:\/\/iefc.com.br\/wp-content\/uploads\/2020\/04\/Acordo-on-line-iEFC-12000.jpg\" alt=\"\" width=\"720\" height=\"978\" srcset=\"https:\/\/i0.wp.com\/iefc.com.br\/wp-content\/uploads\/2020\/04\/Acordo-on-line-iEFC-12000.jpg?w=720&amp;ssl=1 720w, https:\/\/i0.wp.com\/iefc.com.br\/wp-content\/uploads\/2020\/04\/Acordo-on-line-iEFC-12000.jpg?resize=221%2C300&amp;ssl=1 221w, https:\/\/i0.wp.com\/iefc.com.br\/wp-content\/uploads\/2020\/04\/Acordo-on-line-iEFC-12000.jpg?resize=300%2C408&amp;ssl=1 300w, https:\/\/i0.wp.com\/iefc.com.br\/wp-content\/uploads\/2020\/04\/Acordo-on-line-iEFC-12000.jpg?resize=600%2C815&amp;ssl=1 600w\" sizes=\"auto, (max-width: 720px) 100vw, 720px\" \/><\/p>\n<p><a href=\"https:\/\/iefc.com.br\/wp-content\/uploads\/2020\/04\/Acordo-on-line-iEFC-12000.pdf\" target=\"_blank\" rel=\"noopener noreferrer\"><img loading=\"lazy\" decoding=\"async\" class=\"aligncenter wp-image-20501\" src=\"https:\/\/iefc.com.br\/wp-content\/uploads\/2020\/03\/bot_pdf.jpg\" alt=\"\" width=\"399\" height=\"61\" srcset=\"https:\/\/i0.wp.com\/iefc.com.br\/wp-content\/uploads\/2020\/03\/bot_pdf.jpg?w=635&amp;ssl=1 635w, https:\/\/i0.wp.com\/iefc.com.br\/wp-content\/uploads\/2020\/03\/bot_pdf.jpg?resize=300%2C46&amp;ssl=1 300w, https:\/\/i0.wp.com\/iefc.com.br\/wp-content\/uploads\/2020\/03\/bot_pdf.jpg?resize=600%2C92&amp;ssl=1 600w\" sizes=\"auto, (max-width: 399px) 100vw, 399px\" \/><br \/>\n<\/a><\/p>\n<p><span style=\"color: #0000ff;\"><strong>CERTIFICA\u00c7\u00c3O MEDIANTE PAGAMENTO<\/strong><\/span><\/p>\n","protected":false},"featured_media":22788,"comment_status":"open","ping_status":"closed","template":"","meta":{"_bbp_topic_count":0,"_bbp_reply_count":0,"_bbp_total_topic_count":0,"_bbp_total_reply_count":0,"_bbp_voice_count":0,"_bbp_anonymous_reply_count":0,"_bbp_topic_count_hidden":0,"_bbp_reply_count_hidden":0,"_bbp_forum_subforum_count":0,"content-type":"","pmpro_default_level":"","jetpack_publicize_message":"","jetpack_publicize_feature_enabled":true,"jetpack_social_post_already_shared":true,"jetpack_social_options":{"image_generator_settings":{"template":"highway","default_image_id":0,"font":"","enabled":false},"version":2}},"product_brand":[],"product_cat":[141,182,200],"product_tag":[142,183,137,201],"class_list":{"0":"post-22787","1":"product","2":"type-product","3":"status-publish","4":"has-post-thumbnail","6":"product_cat-bncc","7":"product_cat-ead","8":"product_cat-supervisao-escolar","9":"product_tag-bncc","10":"product_tag-ead","11":"product_tag-psicopedagogia","12":"product_tag-supervisao-escolar","13":"pmpro-has-access","15":"first","16":"instock","17":"sold-individually","18":"shipping-taxable","19":"purchasable","20":"product-type-simple"},"aioseo_notices":[],"jetpack_publicize_connections":[],"jetpack_sharing_enabled":true,"_links":{"self":[{"href":"https:\/\/iefc.com.br\/index.php\/wp-json\/wp\/v2\/product\/22787","targetHints":{"allow":["GET"]}}],"collection":[{"href":"https:\/\/iefc.com.br\/index.php\/wp-json\/wp\/v2\/product"}],"about":[{"href":"https:\/\/iefc.com.br\/index.php\/wp-json\/wp\/v2\/types\/product"}],"replies":[{"embeddable":true,"href":"https:\/\/iefc.com.br\/index.php\/wp-json\/wp\/v2\/comments?post=22787"}],"wp:featuredmedia":[{"embeddable":true,"href":"https:\/\/iefc.com.br\/index.php\/wp-json\/wp\/v2\/media\/22788"}],"wp:attachment":[{"href":"https:\/\/iefc.com.br\/index.php\/wp-json\/wp\/v2\/media?parent=22787"}],"wp:term":[{"taxonomy":"product_brand","embeddable":true,"href":"https:\/\/iefc.com.br\/index.php\/wp-json\/wp\/v2\/product_brand?post=22787"},{"taxonomy":"product_cat","embeddable":true,"href":"https:\/\/iefc.com.br\/index.php\/wp-json\/wp\/v2\/product_cat?post=22787"},{"taxonomy":"product_tag","embeddable":true,"href":"https:\/\/iefc.com.br\/index.php\/wp-json\/wp\/v2\/product_tag?post=22787"}],"curies":[{"name":"wp","href":"https:\/\/api.w.org\/{rel}","templated":true}]}}