{"id":22791,"date":"2021-01-08T19:40:23","date_gmt":"2021-01-08T22:40:23","guid":{"rendered":"https:\/\/iefc.com.br\/?post_type=product&#038;p=22791"},"modified":"2021-01-08T19:46:23","modified_gmt":"2021-01-08T22:46:23","slug":"c053","status":"publish","type":"product","link":"https:\/\/iefc.com.br\/index.php\/produto\/c053\/","title":{"rendered":"Anos iniciais na BNCC.: Compet\u00eancias, Habilidades, Planejamento e Curr\u00edculo #C053D02"},"content":{"rendered":"","protected":false},"excerpt":{"rendered":"<div class=\"page\" title=\"Page 2\">\n<div class=\"section\">\n<div class=\"layoutArea\">\n<div class=\"column\">\n<p>Qual a abordagem pedag\u00f3gica da BNCC Ensino Fundamental \u2013 Anos Iniciais?<br \/>\nDiferente da Educa\u00e7\u00e3o Infantil, a proposta da BNCC Ensino Fundamental \u2212 Anos Iniciais \u00e9 a progress\u00e3o das m\u00faltiplas aprendizagens, articulando o trabalho com as experi\u00eancias anteriores e valorizando as situa\u00e7\u00f5es l\u00fadicas de aprendizagem.<br \/>\nSegundo o documento da BNCC:<br \/>\nTal articula\u00e7\u00e3o precisa prever tanto a progressiva sistematiza\u00e7\u00e3o dessas experi\u00eancias quanto o desenvolvimento, pelos alunos, de novas formas de rela\u00e7\u00e3o com o mundo, novas possibilidades de ler e formular hip\u00f3teses sobre os fen\u00f4menos, de test\u00e1-las, de refut\u00e1-las, de elaborar conclus\u00f5es, em uma atitude ativa na constru\u00e7\u00e3o de conhecimentos.<br \/>\nPortanto, ao compreender as mudan\u00e7as no processo de desenvolvimento da crian\u00e7a \u2212 como a maior autonomia nos movimentos e a afirma\u00e7\u00e3o de sua identidade \u2212 a BNCC Ensino Fundamental \u2212 Anos Iniciais prop\u00f5e o est\u00edmulo ao pensamento l\u00f3gico, criativo e cr\u00edtico, bem como sua capacidade de perguntar, argumentar, interagir e ampliar sua compreens\u00e3o do mundo. Ou seja:<br \/>\nAo longo do Ensino Fundamental \u2013 Anos Iniciais, a progress\u00e3o do conhecimento ocorre pela consolida\u00e7\u00e3o das aprendizagens anteriores e pela amplia\u00e7\u00e3o das pr\u00e1ticas de linguagem e da experi\u00eancia est\u00e9tica e intercultural das crian\u00e7as, considerando tanto seus interesses e suas expectativas quanto o que ainda precisam aprender.<br \/>\nAl\u00e9m disso, essa proposta pedag\u00f3gica deve assegurar, ainda, um percurso cont\u00ednuo de aprendizagens e uma maior integra\u00e7\u00e3o entre as duas etapas do Ensino Fundamental.<\/p>\n<\/div>\n<\/div>\n<\/div>\n<\/div>\n<p style=\"text-align: center;\" align=\"justify\"><span style=\"color: #339966;\"><strong>AO PAGAR O CURSO, VOC\u00ca EST\u00c1 DE ACORDO COM O SEGUINTE TERMO<\/strong><\/span><\/p>\n<p align=\"justify\"><img loading=\"lazy\" decoding=\"async\" class=\"size-full wp-image-20795 aligncenter\" src=\"https:\/\/iefc.com.br\/wp-content\/uploads\/2020\/03\/Acordo-on-line-iEFC-10000.jpg\" alt=\"\" width=\"720\" height=\"978\" srcset=\"https:\/\/i0.wp.com\/iefc.com.br\/wp-content\/uploads\/2020\/03\/Acordo-on-line-iEFC-10000.jpg?w=720&amp;ssl=1 720w, https:\/\/i0.wp.com\/iefc.com.br\/wp-content\/uploads\/2020\/03\/Acordo-on-line-iEFC-10000.jpg?resize=221%2C300&amp;ssl=1 221w, https:\/\/i0.wp.com\/iefc.com.br\/wp-content\/uploads\/2020\/03\/Acordo-on-line-iEFC-10000.jpg?resize=300%2C408&amp;ssl=1 300w, https:\/\/i0.wp.com\/iefc.com.br\/wp-content\/uploads\/2020\/03\/Acordo-on-line-iEFC-10000.jpg?resize=600%2C815&amp;ssl=1 600w\" sizes=\"auto, (max-width: 720px) 100vw, 720px\" \/><a href=\"https:\/\/iefc.com.br\/wp-content\/uploads\/2020\/03\/Acordo-on-line-iEFC-10000.pdf\" target=\"_blank\" rel=\"noopener noreferrer\"><img loading=\"lazy\" decoding=\"async\" class=\"aligncenter wp-image-20501\" src=\"https:\/\/iefc.com.br\/wp-content\/uploads\/2020\/03\/bot_pdf.jpg\" alt=\"\" width=\"399\" height=\"61\" srcset=\"https:\/\/i0.wp.com\/iefc.com.br\/wp-content\/uploads\/2020\/03\/bot_pdf.jpg?w=635&amp;ssl=1 635w, https:\/\/i0.wp.com\/iefc.com.br\/wp-content\/uploads\/2020\/03\/bot_pdf.jpg?resize=300%2C46&amp;ssl=1 300w, https:\/\/i0.wp.com\/iefc.com.br\/wp-content\/uploads\/2020\/03\/bot_pdf.jpg?resize=600%2C92&amp;ssl=1 600w\" sizes=\"auto, (max-width: 399px) 100vw, 399px\" \/><\/a><\/p>\n","protected":false},"featured_media":22792,"comment_status":"open","ping_status":"closed","template":"","meta":{"_bbp_topic_count":0,"_bbp_reply_count":0,"_bbp_total_topic_count":0,"_bbp_total_reply_count":0,"_bbp_voice_count":0,"_bbp_anonymous_reply_count":0,"_bbp_topic_count_hidden":0,"_bbp_reply_count_hidden":0,"_bbp_forum_subforum_count":0,"content-type":"","pmpro_default_level":"","jetpack_publicize_message":"","jetpack_publicize_feature_enabled":true,"jetpack_social_post_already_shared":true,"jetpack_social_options":{"image_generator_settings":{"template":"highway","default_image_id":0,"font":"","enabled":false},"version":2}},"product_brand":[],"product_cat":[141,122,134,182,136],"product_tag":[147,142,183],"class_list":{"0":"post-22791","1":"product","2":"type-product","3":"status-publish","4":"has-post-thumbnail","6":"product_cat-bncc","7":"product_cat-curso","8":"product_cat-curso-rapido","9":"product_cat-ead","10":"product_cat-psicopedagogia","11":"product_tag-anos-iniciais","12":"product_tag-bncc","13":"product_tag-ead","14":"pmpro-has-access","16":"first","17":"instock","18":"sold-individually","19":"shipping-taxable","20":"purchasable","21":"product-type-simple"},"aioseo_notices":[],"jetpack_publicize_connections":[],"jetpack_sharing_enabled":true,"_links":{"self":[{"href":"https:\/\/iefc.com.br\/index.php\/wp-json\/wp\/v2\/product\/22791","targetHints":{"allow":["GET"]}}],"collection":[{"href":"https:\/\/iefc.com.br\/index.php\/wp-json\/wp\/v2\/product"}],"about":[{"href":"https:\/\/iefc.com.br\/index.php\/wp-json\/wp\/v2\/types\/product"}],"replies":[{"embeddable":true,"href":"https:\/\/iefc.com.br\/index.php\/wp-json\/wp\/v2\/comments?post=22791"}],"wp:featuredmedia":[{"embeddable":true,"href":"https:\/\/iefc.com.br\/index.php\/wp-json\/wp\/v2\/media\/22792"}],"wp:attachment":[{"href":"https:\/\/iefc.com.br\/index.php\/wp-json\/wp\/v2\/media?parent=22791"}],"wp:term":[{"taxonomy":"product_brand","embeddable":true,"href":"https:\/\/iefc.com.br\/index.php\/wp-json\/wp\/v2\/product_brand?post=22791"},{"taxonomy":"product_cat","embeddable":true,"href":"https:\/\/iefc.com.br\/index.php\/wp-json\/wp\/v2\/product_cat?post=22791"},{"taxonomy":"product_tag","embeddable":true,"href":"https:\/\/iefc.com.br\/index.php\/wp-json\/wp\/v2\/product_tag?post=22791"}],"curies":[{"name":"wp","href":"https:\/\/api.w.org\/{rel}","templated":true}]}}