{"id":22803,"date":"2021-01-11T10:03:07","date_gmt":"2021-01-11T13:03:07","guid":{"rendered":"https:\/\/iefc.com.br\/?post_type=product&#038;p=22803"},"modified":"2021-01-11T10:08:33","modified_gmt":"2021-01-11T13:08:33","slug":"c070","status":"publish","type":"product","link":"https:\/\/iefc.com.br\/index.php\/produto\/c070\/","title":{"rendered":"Orientador Social #C070D02"},"content":{"rendered":"","protected":false},"excerpt":{"rendered":"<p>A profiss\u00e3o de <strong>Orientador Social<\/strong> \u00e9 muito procurada pelas pessoas interessadas na \u00e1rea social e da educa\u00e7\u00e3o e na carreira p\u00fablica. Neste artigo, voc\u00ea entende o que faz um orientador social e descobre como se tornar um.<br \/>\nO que faz um <strong>Orientador Social<\/strong>?<br \/>\nO <strong>Orientador Social<\/strong> \u00e9 o profissional que busca defender os direitos e garantir a prote\u00e7\u00e3o de indiv\u00edduos e de fam\u00edlias em situa\u00e7\u00e3o de vulnerabilidade social ou risco social e pessoal. Para isso, ele executa trabalhos sociais e educativos com crian\u00e7as, adolescentes e seus familiares.<br \/>\nO p\u00fablico-alvo do trabalho do orientador social tamb\u00e9m pode incluir indiv\u00edduos e fam\u00edlias de baixa renda, em situa\u00e7\u00e3o de rua, v\u00edtimas de abusos e\/ou viol\u00eancias; adolescentes infratores; pessoas com defici\u00eancia; mulheres v\u00edtimas de viol\u00eancia; popula\u00e7\u00e3o ind\u00edgena, entre outros.<br \/>\nEsse profissional \u00e9 respons\u00e1vel por orientar fam\u00edlias inscritas em programas sociais, mediar conflitos, contribuir com o fortalecimento da fun\u00e7\u00e3o protetiva da fam\u00edlia e realizar atividades socioeducativas que estimulem a conviv\u00eancia familiar e a socializa\u00e7\u00e3o com a comunidade.<br \/>\nNo seu cotidiano, o orientador social deve se relacionar de maneira harmoniosa com o p\u00fablico que trabalha, entender sua realidade e suas necessidades e enxergar as oportunidades e potencialidades da comunidade. Para executar seus projetos, ele utiliza conhecimentos em direitos sociais e humanos, educa\u00e7\u00e3o e sa\u00fade e t\u00e9cnicas e metodologias da \u00e1rea social e da educa\u00e7\u00e3o.<\/p>\n<p>Certificado de 120 Horas\/Aula<\/p>\n<p style=\"text-align: center;\" align=\"justify\"><span style=\"color: #339966;\"><strong>AO PAGAR O CURSO, VOC\u00ca EST\u00c1 DE ACORDO COM O SEGUINTE TERMO<\/strong><\/span><\/p>\n<p align=\"justify\"><img loading=\"lazy\" decoding=\"async\" class=\"size-full wp-image-20793 aligncenter\" src=\"https:\/\/iefc.com.br\/wp-content\/uploads\/2020\/04\/Acordo-on-line-iEFC-12000.jpg\" alt=\"\" width=\"720\" height=\"978\" srcset=\"https:\/\/i0.wp.com\/iefc.com.br\/wp-content\/uploads\/2020\/04\/Acordo-on-line-iEFC-12000.jpg?w=720&amp;ssl=1 720w, https:\/\/i0.wp.com\/iefc.com.br\/wp-content\/uploads\/2020\/04\/Acordo-on-line-iEFC-12000.jpg?resize=221%2C300&amp;ssl=1 221w, https:\/\/i0.wp.com\/iefc.com.br\/wp-content\/uploads\/2020\/04\/Acordo-on-line-iEFC-12000.jpg?resize=300%2C408&amp;ssl=1 300w, https:\/\/i0.wp.com\/iefc.com.br\/wp-content\/uploads\/2020\/04\/Acordo-on-line-iEFC-12000.jpg?resize=600%2C815&amp;ssl=1 600w\" sizes=\"auto, (max-width: 720px) 100vw, 720px\" \/><\/p>\n<p><a href=\"https:\/\/iefc.com.br\/wp-content\/uploads\/2020\/04\/Acordo-on-line-iEFC-12000.pdf\" target=\"_blank\" rel=\"noopener noreferrer\"><img loading=\"lazy\" decoding=\"async\" class=\"aligncenter wp-image-20501\" src=\"https:\/\/iefc.com.br\/wp-content\/uploads\/2020\/03\/bot_pdf.jpg\" alt=\"\" width=\"399\" height=\"61\" srcset=\"https:\/\/i0.wp.com\/iefc.com.br\/wp-content\/uploads\/2020\/03\/bot_pdf.jpg?w=635&amp;ssl=1 635w, https:\/\/i0.wp.com\/iefc.com.br\/wp-content\/uploads\/2020\/03\/bot_pdf.jpg?resize=300%2C46&amp;ssl=1 300w, https:\/\/i0.wp.com\/iefc.com.br\/wp-content\/uploads\/2020\/03\/bot_pdf.jpg?resize=600%2C92&amp;ssl=1 600w\" sizes=\"auto, (max-width: 399px) 100vw, 399px\" \/><br \/>\n<\/a><\/p>\n<p><span style=\"color: #0000ff;\"><strong>CERTIFICA\u00c7\u00c3O MEDIANTE PAGAMENTO<\/strong><\/span><\/p>\n","protected":false},"featured_media":22804,"comment_status":"open","ping_status":"closed","template":"","meta":{"_bbp_topic_count":0,"_bbp_reply_count":0,"_bbp_total_topic_count":0,"_bbp_total_reply_count":0,"_bbp_voice_count":0,"_bbp_anonymous_reply_count":0,"_bbp_topic_count_hidden":0,"_bbp_reply_count_hidden":0,"_bbp_forum_subforum_count":0,"content-type":"","pmpro_default_level":"","jetpack_publicize_message":"","jetpack_publicize_feature_enabled":true,"jetpack_social_post_already_shared":true,"jetpack_social_options":{"image_generator_settings":{"template":"highway","default_image_id":0,"font":"","enabled":false},"version":2}},"product_brand":[],"product_cat":[128,182,202],"product_tag":[183,203,162],"class_list":{"0":"post-22803","1":"product","2":"type-product","3":"status-publish","4":"has-post-thumbnail","6":"product_cat-atualidades","7":"product_cat-ead","8":"product_cat-servico-social","9":"product_tag-ead","10":"product_tag-orientador-social","11":"product_tag-servico-social","12":"pmpro-has-access","14":"first","15":"instock","16":"sold-individually","17":"shipping-taxable","18":"purchasable","19":"product-type-simple"},"aioseo_notices":[],"jetpack_publicize_connections":[],"jetpack_sharing_enabled":true,"_links":{"self":[{"href":"https:\/\/iefc.com.br\/index.php\/wp-json\/wp\/v2\/product\/22803","targetHints":{"allow":["GET"]}}],"collection":[{"href":"https:\/\/iefc.com.br\/index.php\/wp-json\/wp\/v2\/product"}],"about":[{"href":"https:\/\/iefc.com.br\/index.php\/wp-json\/wp\/v2\/types\/product"}],"replies":[{"embeddable":true,"href":"https:\/\/iefc.com.br\/index.php\/wp-json\/wp\/v2\/comments?post=22803"}],"wp:featuredmedia":[{"embeddable":true,"href":"https:\/\/iefc.com.br\/index.php\/wp-json\/wp\/v2\/media\/22804"}],"wp:attachment":[{"href":"https:\/\/iefc.com.br\/index.php\/wp-json\/wp\/v2\/media?parent=22803"}],"wp:term":[{"taxonomy":"product_brand","embeddable":true,"href":"https:\/\/iefc.com.br\/index.php\/wp-json\/wp\/v2\/product_brand?post=22803"},{"taxonomy":"product_cat","embeddable":true,"href":"https:\/\/iefc.com.br\/index.php\/wp-json\/wp\/v2\/product_cat?post=22803"},{"taxonomy":"product_tag","embeddable":true,"href":"https:\/\/iefc.com.br\/index.php\/wp-json\/wp\/v2\/product_tag?post=22803"}],"curies":[{"name":"wp","href":"https:\/\/api.w.org\/{rel}","templated":true}]}}