{"id":22805,"date":"2021-01-11T10:20:39","date_gmt":"2021-01-11T13:20:39","guid":{"rendered":"https:\/\/iefc.com.br\/?post_type=product&#038;p=22805"},"modified":"2021-01-11T10:25:31","modified_gmt":"2021-01-11T13:25:31","slug":"c072","status":"publish","type":"product","link":"https:\/\/iefc.com.br\/index.php\/produto\/c072\/","title":{"rendered":"Empreendedorismo #C072D02"},"content":{"rendered":"","protected":false},"excerpt":{"rendered":"<div class=\"page\" title=\"Page 2\">\n<div class=\"section\">\n<div class=\"layoutArea\">\n<div class=\"column\">\n<p><strong>Empreendedorismo<\/strong> n\u00e3o \u00e9 s\u00f3 abrir empresa, mas uma solu\u00e7\u00e3o para muitas de nossas dores.<br \/>\nBoa parte das ang\u00fastias contempor\u00e2neas est\u00e3o relacionadas ao trabalho ou ao dinheiro. Empreendendo, voc\u00ea tem a possibilidade de realizar o seu sonho: ganhar a vida fazendo o que gosta.<br \/>\nSeja qual for o seu hobby, acredite, \u00e9 poss\u00edvel transform\u00e1-lo em um neg\u00f3cio. Ou, ent\u00e3o, voc\u00ea pode ser mais pragm\u00e1tico e continuar separando o lazer e suas prefer\u00eancias pessoais do universo profissional e, mesmo assim, empreender.<br \/>\nMas tudo fica mais f\u00e1cil quando h\u00e1 uma paix\u00e3o por tr\u00e1s, embora ela n\u00e3o seja suficiente.<br \/>\n\u00c9 muito importante desenvolver uma mentalidade empreendedora e caracter\u00edsticas pessoais que impulsionem a empreitada. E, claro, conhecimento.<br \/>\nO empirismo e a tentativa e erro t\u00eam seu valor, mas o aprendizado formal \u00e9 um grande atalho e poupa o empreendedor de muitas dores de cabe\u00e7a.<\/p>\n<\/div>\n<\/div>\n<\/div>\n<\/div>\n<p style=\"text-align: center;\" align=\"justify\"><span style=\"color: #339966;\"><strong>AO PAGAR O CURSO, VOC\u00ca EST\u00c1 DE ACORDO COM O SEGUINTE TERMO<\/strong><\/span><\/p>\n<p align=\"justify\"><a href=\"https:\/\/iefc.com.br\/wp-content\/uploads\/2021\/01\/Acordo-on-line-iEFC-6000.jpg\"><img loading=\"lazy\" decoding=\"async\" class=\"alignnone wp-image-22765 size-full\" src=\"https:\/\/iefc.com.br\/wp-content\/uploads\/2021\/01\/Acordo-on-line-iEFC-6000.jpg\" alt=\"\" width=\"720\" height=\"978\" srcset=\"https:\/\/i0.wp.com\/iefc.com.br\/wp-content\/uploads\/2021\/01\/Acordo-on-line-iEFC-6000.jpg?w=720&amp;ssl=1 720w, https:\/\/i0.wp.com\/iefc.com.br\/wp-content\/uploads\/2021\/01\/Acordo-on-line-iEFC-6000.jpg?resize=221%2C300&amp;ssl=1 221w, https:\/\/i0.wp.com\/iefc.com.br\/wp-content\/uploads\/2021\/01\/Acordo-on-line-iEFC-6000.jpg?resize=300%2C408&amp;ssl=1 300w, https:\/\/i0.wp.com\/iefc.com.br\/wp-content\/uploads\/2021\/01\/Acordo-on-line-iEFC-6000.jpg?resize=600%2C815&amp;ssl=1 600w\" sizes=\"auto, (max-width: 720px) 100vw, 720px\" \/><\/a><a href=\"https:\/\/iefc.com.br\/wp-content\/uploads\/2020\/03\/Acordo-on-line-iEFC-6000.pdf\" target=\"_blank\" rel=\"noopener noreferrer\"><img loading=\"lazy\" decoding=\"async\" class=\"aligncenter wp-image-20501\" src=\"https:\/\/iefc.com.br\/wp-content\/uploads\/2020\/03\/bot_pdf.jpg\" alt=\"\" width=\"399\" height=\"61\" srcset=\"https:\/\/i0.wp.com\/iefc.com.br\/wp-content\/uploads\/2020\/03\/bot_pdf.jpg?w=635&amp;ssl=1 635w, https:\/\/i0.wp.com\/iefc.com.br\/wp-content\/uploads\/2020\/03\/bot_pdf.jpg?resize=300%2C46&amp;ssl=1 300w, https:\/\/i0.wp.com\/iefc.com.br\/wp-content\/uploads\/2020\/03\/bot_pdf.jpg?resize=600%2C92&amp;ssl=1 600w\" sizes=\"auto, (max-width: 399px) 100vw, 399px\" \/><\/a><\/p>\n","protected":false},"featured_media":22806,"comment_status":"open","ping_status":"closed","template":"","meta":{"_bbp_topic_count":0,"_bbp_reply_count":0,"_bbp_total_topic_count":0,"_bbp_total_reply_count":0,"_bbp_voice_count":0,"_bbp_anonymous_reply_count":0,"_bbp_topic_count_hidden":0,"_bbp_reply_count_hidden":0,"_bbp_forum_subforum_count":0,"content-type":"","pmpro_default_level":"","jetpack_publicize_message":"","jetpack_publicize_feature_enabled":true,"jetpack_social_post_already_shared":true,"jetpack_social_options":{"image_generator_settings":{"template":"highway","default_image_id":0,"font":"","enabled":false},"version":2}},"product_brand":[],"product_cat":[122,134,182,198],"product_tag":[183,204,199],"class_list":{"0":"post-22805","1":"product","2":"type-product","3":"status-publish","4":"has-post-thumbnail","6":"product_cat-curso","7":"product_cat-curso-rapido","8":"product_cat-ead","9":"product_cat-mercado-de-trabalho","10":"product_tag-ead","11":"product_tag-empreendedorismo","12":"product_tag-mercado-de-trabalho","13":"pmpro-has-access","15":"first","16":"instock","17":"sold-individually","18":"shipping-taxable","19":"purchasable","20":"product-type-simple"},"aioseo_notices":[],"jetpack_publicize_connections":[],"jetpack_sharing_enabled":true,"_links":{"self":[{"href":"https:\/\/iefc.com.br\/index.php\/wp-json\/wp\/v2\/product\/22805","targetHints":{"allow":["GET"]}}],"collection":[{"href":"https:\/\/iefc.com.br\/index.php\/wp-json\/wp\/v2\/product"}],"about":[{"href":"https:\/\/iefc.com.br\/index.php\/wp-json\/wp\/v2\/types\/product"}],"replies":[{"embeddable":true,"href":"https:\/\/iefc.com.br\/index.php\/wp-json\/wp\/v2\/comments?post=22805"}],"wp:featuredmedia":[{"embeddable":true,"href":"https:\/\/iefc.com.br\/index.php\/wp-json\/wp\/v2\/media\/22806"}],"wp:attachment":[{"href":"https:\/\/iefc.com.br\/index.php\/wp-json\/wp\/v2\/media?parent=22805"}],"wp:term":[{"taxonomy":"product_brand","embeddable":true,"href":"https:\/\/iefc.com.br\/index.php\/wp-json\/wp\/v2\/product_brand?post=22805"},{"taxonomy":"product_cat","embeddable":true,"href":"https:\/\/iefc.com.br\/index.php\/wp-json\/wp\/v2\/product_cat?post=22805"},{"taxonomy":"product_tag","embeddable":true,"href":"https:\/\/iefc.com.br\/index.php\/wp-json\/wp\/v2\/product_tag?post=22805"}],"curies":[{"name":"wp","href":"https:\/\/api.w.org\/{rel}","templated":true}]}}