{"id":22815,"date":"2021-01-11T11:16:00","date_gmt":"2021-01-11T14:16:00","guid":{"rendered":"https:\/\/iefc.com.br\/?post_type=product&#038;p=22815"},"modified":"2021-01-11T11:21:18","modified_gmt":"2021-01-11T14:21:18","slug":"c098","status":"publish","type":"product","link":"https:\/\/iefc.com.br\/index.php\/produto\/c098\/","title":{"rendered":"Ensino H\u00edbrido: Princ\u00edpios para o Planejamento Escolar #C098D02"},"content":{"rendered":"","protected":false},"excerpt":{"rendered":"<p>Com a vacina\u00e7\u00e3o em massa, a maior probabilidade \u00e9 que os alunos estejam presentes por meio per\u00edodo ou s\u00f3 alguns dias da semana, o que cria uma s\u00e9rie de desafios para as escolas, enquanto elas se esfor\u00e7am para oferecer oportunidades educacionais consistentes.<\/p>\n<p>Projetar um novo arranjo para a escola pode parecer uma tarefa enorme, mas ela n\u00e3o \u00e9 nova. Por quase uma d\u00e9cada, muitas escolas t\u00eam feito experi\u00eancias para implementar modelos de ensino h\u00edbrido que integram a aprendizagem online com instru\u00e7\u00e3o presencial para repensar tempos, espa\u00e7os e organizar equipes.<\/p>\n<p>O ensino h\u00edbrido pode ser realizado de diferentes maneiras que levam os educadores a considerar os seguintes pontos:<\/p>\n<p>\u2013 O que os alunos podem aprender bem de forma independente, especialmente quando auxiliados por tecnologias digitais de aprendizagem?<br \/>\n\u2013 Quais atividades s\u00e3o mais importantes para fazermos juntos?<\/p>\n<p>Enquanto as escolas tentam encontrar sa\u00eddas para quest\u00f5es log\u00edsticas, entenda como tr\u00eas modelos de ensino h\u00edbrido descritos abaixo podem ajudar a responder \u00e0s perguntas acima, com base em suas prioridades, necessidades e recursos dispon\u00edveis.<\/p>\n<p>A divis\u00e3o de hor\u00e1rios que as escolas precisam fazer n\u00e3o deve ser vista como mero exerc\u00edcio de planejamento para limitar o n\u00famero de funcion\u00e1rios e alunos na escola. Em vez disso, considere como o ensino h\u00edbrido pode ajudar a reimaginar recursos e agendas para potencializar o aprendizado durante os momentos online e presencial.<\/p>\n<p>Certificado de 120 Horas\/Aula<\/p>\n<p style=\"text-align: center;\" align=\"justify\"><span style=\"color: #339966;\"><strong>AO PAGAR O CURSO, VOC\u00ca EST\u00c1 DE ACORDO COM O SEGUINTE TERMO<\/strong><\/span><\/p>\n<p align=\"justify\"><img loading=\"lazy\" decoding=\"async\" class=\"size-full wp-image-20793 aligncenter\" src=\"https:\/\/iefc.com.br\/wp-content\/uploads\/2020\/04\/Acordo-on-line-iEFC-12000.jpg\" alt=\"\" width=\"720\" height=\"978\" srcset=\"https:\/\/i0.wp.com\/iefc.com.br\/wp-content\/uploads\/2020\/04\/Acordo-on-line-iEFC-12000.jpg?w=720&amp;ssl=1 720w, https:\/\/i0.wp.com\/iefc.com.br\/wp-content\/uploads\/2020\/04\/Acordo-on-line-iEFC-12000.jpg?resize=221%2C300&amp;ssl=1 221w, https:\/\/i0.wp.com\/iefc.com.br\/wp-content\/uploads\/2020\/04\/Acordo-on-line-iEFC-12000.jpg?resize=300%2C408&amp;ssl=1 300w, https:\/\/i0.wp.com\/iefc.com.br\/wp-content\/uploads\/2020\/04\/Acordo-on-line-iEFC-12000.jpg?resize=600%2C815&amp;ssl=1 600w\" sizes=\"auto, (max-width: 720px) 100vw, 720px\" \/><\/p>\n<p><a href=\"https:\/\/iefc.com.br\/wp-content\/uploads\/2020\/04\/Acordo-on-line-iEFC-12000.pdf\" target=\"_blank\" rel=\"noopener noreferrer\"><img loading=\"lazy\" decoding=\"async\" class=\"aligncenter wp-image-20501\" src=\"https:\/\/iefc.com.br\/wp-content\/uploads\/2020\/03\/bot_pdf.jpg\" alt=\"\" width=\"399\" height=\"61\" srcset=\"https:\/\/i0.wp.com\/iefc.com.br\/wp-content\/uploads\/2020\/03\/bot_pdf.jpg?w=635&amp;ssl=1 635w, https:\/\/i0.wp.com\/iefc.com.br\/wp-content\/uploads\/2020\/03\/bot_pdf.jpg?resize=300%2C46&amp;ssl=1 300w, https:\/\/i0.wp.com\/iefc.com.br\/wp-content\/uploads\/2020\/03\/bot_pdf.jpg?resize=600%2C92&amp;ssl=1 600w\" sizes=\"auto, (max-width: 399px) 100vw, 399px\" \/><br \/>\n<\/a><\/p>\n<p><span style=\"color: #0000ff;\"><strong>CERTIFICA\u00c7\u00c3O MEDIANTE PAGAMENTO<\/strong><\/span><\/p>\n","protected":false},"featured_media":22816,"comment_status":"open","ping_status":"closed","template":"","meta":{"_bbp_topic_count":0,"_bbp_reply_count":0,"_bbp_total_topic_count":0,"_bbp_total_reply_count":0,"_bbp_voice_count":0,"_bbp_anonymous_reply_count":0,"_bbp_topic_count_hidden":0,"_bbp_reply_count_hidden":0,"_bbp_forum_subforum_count":0,"content-type":"","pmpro_default_level":"","jetpack_publicize_message":"","jetpack_publicize_feature_enabled":true,"jetpack_social_post_already_shared":true,"jetpack_social_options":{"image_generator_settings":{"template":"highway","default_image_id":0,"font":"","enabled":false},"version":2}},"product_brand":[],"product_cat":[122,134,182,136],"product_tag":[183,208,137],"class_list":{"0":"post-22815","1":"product","2":"type-product","3":"status-publish","4":"has-post-thumbnail","6":"product_cat-curso","7":"product_cat-curso-rapido","8":"product_cat-ead","9":"product_cat-psicopedagogia","10":"product_tag-ead","11":"product_tag-ensino-hibrido","12":"product_tag-psicopedagogia","13":"pmpro-has-access","15":"first","16":"instock","17":"sold-individually","18":"shipping-taxable","19":"purchasable","20":"product-type-simple"},"aioseo_notices":[],"jetpack_publicize_connections":[],"jetpack_sharing_enabled":true,"_links":{"self":[{"href":"https:\/\/iefc.com.br\/index.php\/wp-json\/wp\/v2\/product\/22815","targetHints":{"allow":["GET"]}}],"collection":[{"href":"https:\/\/iefc.com.br\/index.php\/wp-json\/wp\/v2\/product"}],"about":[{"href":"https:\/\/iefc.com.br\/index.php\/wp-json\/wp\/v2\/types\/product"}],"replies":[{"embeddable":true,"href":"https:\/\/iefc.com.br\/index.php\/wp-json\/wp\/v2\/comments?post=22815"}],"wp:featuredmedia":[{"embeddable":true,"href":"https:\/\/iefc.com.br\/index.php\/wp-json\/wp\/v2\/media\/22816"}],"wp:attachment":[{"href":"https:\/\/iefc.com.br\/index.php\/wp-json\/wp\/v2\/media?parent=22815"}],"wp:term":[{"taxonomy":"product_brand","embeddable":true,"href":"https:\/\/iefc.com.br\/index.php\/wp-json\/wp\/v2\/product_brand?post=22815"},{"taxonomy":"product_cat","embeddable":true,"href":"https:\/\/iefc.com.br\/index.php\/wp-json\/wp\/v2\/product_cat?post=22815"},{"taxonomy":"product_tag","embeddable":true,"href":"https:\/\/iefc.com.br\/index.php\/wp-json\/wp\/v2\/product_tag?post=22815"}],"curies":[{"name":"wp","href":"https:\/\/api.w.org\/{rel}","templated":true}]}}