{"id":22819,"date":"2021-01-11T11:50:04","date_gmt":"2021-01-11T14:50:04","guid":{"rendered":"https:\/\/iefc.com.br\/?post_type=product&#038;p=22819"},"modified":"2021-01-11T11:55:14","modified_gmt":"2021-01-11T14:55:14","slug":"c124","status":"publish","type":"product","link":"https:\/\/iefc.com.br\/index.php\/produto\/c124\/","title":{"rendered":"Lideran\u00e7a e Motiva\u00e7\u00e3o #C124D02"},"content":{"rendered":"","protected":false},"excerpt":{"rendered":"<div class=\"page\" title=\"Page 2\">\n<div class=\"section\">\n<div class=\"layoutArea\">\n<div class=\"column\">\n<p>Compreender que lideran\u00e7a e motiva\u00e7\u00e3o andam juntas \u00e9 o primeiro passo para ter sucesso. A rela\u00e7\u00e3o entre gestores e funcion\u00e1rios \u00e9 um ponto vital para o crescimento de uma empresa. Em ag\u00eancias de comunica\u00e7\u00e3o n\u00e3o \u00e9 diferente.<br \/>\nMas, voc\u00ea sabe o que \u00e9, de fato, ser um l\u00edder? E o importante papel que ele tem para manter a equipe engajada?<br \/>\n<strong>O que \u00e9 ser um l\u00edder?<\/strong><br \/>\nAinda \u00e9 comum ver a utiliza\u00e7\u00e3o da palavra \u201cl\u00edder\u201d para designar cargos de supervis\u00e3o em equipes, apenas. Ser um l\u00edder exige muito mais que coordenar tarefas. A capacidade de orientar, ter vis\u00e3o sist\u00eamica do neg\u00f3cio e empatia com as pessoas s\u00e3o habilidades fundamentais para quem lidera.<br \/>\nNas tarefas do dia a dia, o l\u00edder \u00e9 fundamental para elencar prioridades, acompanhar o cumprimento de prazos e garantir a produtividade da equipe.<br \/>\nObserve! Uma equipe com lideran\u00e7a ativa tem maior confian\u00e7a para tomar decis\u00f5es. O l\u00edder \u00e9 respons\u00e1vel por abrir espa\u00e7o para que os funcion\u00e1rios se posicionem, troquem informa\u00e7\u00f5es e solucionem problemas.<br \/>\nAinda faz parte das atribui\u00e7\u00f5es do l\u00edder estar atento ao perfil das pessoas, incentivar para que os pontos positivos de cada um sejam potencializados, assim como amenizar os negativos. Para isso, tenha um sistema de Business Intelligence.<br \/>\nO l\u00edder tamb\u00e9m serve como guia para que a equipe caminhe de acordo com os prop\u00f3sitos da ag\u00eancia e com os objetivos do cliente. Para isso, um bom briefing tamb\u00e9m pode ajudar.<br \/>\nComo uma das compet\u00eancias em destaques, liderar tamb\u00e9m \u00e9 sin\u00f4nimo de inspirar pessoas. Para isso, n\u00e3o \u00e9 preciso ocupar a fun\u00e7\u00e3o de coordena\u00e7\u00e3o ou supervis\u00e3o em uma empresa.<br \/>\nQuem \u00e9 um bom l\u00edder inspira quem est\u00e1 \u00e0 sua volta com atitudes, posicionamento e compet\u00eancia. Por isso, lideran\u00e7a e motiva\u00e7\u00e3o s\u00e3o duas vertentes que devem ser estimuladas pela gest\u00e3o da ag\u00eancia.<\/p>\n<\/div>\n<\/div>\n<\/div>\n<\/div>\n<p style=\"text-align: center;\" align=\"justify\"><span style=\"color: #339966;\"><strong>AO PAGAR O CURSO, VOC\u00ca EST\u00c1 DE ACORDO COM O SEGUINTE TERMO<\/strong><\/span><\/p>\n<p align=\"justify\"><a href=\"https:\/\/iefc.com.br\/wp-content\/uploads\/2021\/01\/Acordo-on-line-iEFC-4000.jpg\"><img loading=\"lazy\" decoding=\"async\" class=\"wp-image-22767 size-full aligncenter\" src=\"https:\/\/iefc.com.br\/wp-content\/uploads\/2021\/01\/Acordo-on-line-iEFC-4000.jpg\" alt=\"\" width=\"681\" height=\"944\" srcset=\"https:\/\/i0.wp.com\/iefc.com.br\/wp-content\/uploads\/2021\/01\/Acordo-on-line-iEFC-4000.jpg?w=681&amp;ssl=1 681w, https:\/\/i0.wp.com\/iefc.com.br\/wp-content\/uploads\/2021\/01\/Acordo-on-line-iEFC-4000.jpg?resize=216%2C300&amp;ssl=1 216w, https:\/\/i0.wp.com\/iefc.com.br\/wp-content\/uploads\/2021\/01\/Acordo-on-line-iEFC-4000.jpg?resize=300%2C416&amp;ssl=1 300w, https:\/\/i0.wp.com\/iefc.com.br\/wp-content\/uploads\/2021\/01\/Acordo-on-line-iEFC-4000.jpg?resize=600%2C832&amp;ssl=1 600w\" sizes=\"auto, (max-width: 681px) 100vw, 681px\" \/><\/a><a href=\"https:\/\/iefc.com.br\/wp-content\/uploads\/2021\/01\/Acordo-on-line-iEFC-4000.pdf\" target=\"_blank\" rel=\"noopener noreferrer\"><img loading=\"lazy\" decoding=\"async\" class=\"aligncenter wp-image-20501\" src=\"https:\/\/iefc.com.br\/wp-content\/uploads\/2020\/03\/bot_pdf.jpg\" alt=\"\" width=\"399\" height=\"61\" srcset=\"https:\/\/i0.wp.com\/iefc.com.br\/wp-content\/uploads\/2020\/03\/bot_pdf.jpg?w=635&amp;ssl=1 635w, https:\/\/i0.wp.com\/iefc.com.br\/wp-content\/uploads\/2020\/03\/bot_pdf.jpg?resize=300%2C46&amp;ssl=1 300w, https:\/\/i0.wp.com\/iefc.com.br\/wp-content\/uploads\/2020\/03\/bot_pdf.jpg?resize=600%2C92&amp;ssl=1 600w\" sizes=\"auto, (max-width: 399px) 100vw, 399px\" \/><\/a><\/p>\n","protected":false},"featured_media":22820,"comment_status":"open","ping_status":"closed","template":"","meta":{"_bbp_topic_count":0,"_bbp_reply_count":0,"_bbp_total_topic_count":0,"_bbp_total_reply_count":0,"_bbp_voice_count":0,"_bbp_anonymous_reply_count":0,"_bbp_topic_count_hidden":0,"_bbp_reply_count_hidden":0,"_bbp_forum_subforum_count":0,"content-type":"","pmpro_default_level":"","jetpack_publicize_message":"","jetpack_publicize_feature_enabled":true,"jetpack_social_post_already_shared":true,"jetpack_social_options":{"image_generator_settings":{"template":"highway","default_image_id":0,"font":"","enabled":false},"version":2}},"product_brand":[],"product_cat":[128,122,134,182,198],"product_tag":[130,183,199],"class_list":{"0":"post-22819","1":"product","2":"type-product","3":"status-publish","4":"has-post-thumbnail","6":"product_cat-atualidades","7":"product_cat-curso","8":"product_cat-curso-rapido","9":"product_cat-ead","10":"product_cat-mercado-de-trabalho","11":"product_tag-atualidades","12":"product_tag-ead","13":"product_tag-mercado-de-trabalho","14":"pmpro-has-access","16":"first","17":"instock","18":"sold-individually","19":"shipping-taxable","20":"purchasable","21":"product-type-simple"},"aioseo_notices":[],"jetpack_publicize_connections":[],"jetpack_sharing_enabled":true,"_links":{"self":[{"href":"https:\/\/iefc.com.br\/index.php\/wp-json\/wp\/v2\/product\/22819","targetHints":{"allow":["GET"]}}],"collection":[{"href":"https:\/\/iefc.com.br\/index.php\/wp-json\/wp\/v2\/product"}],"about":[{"href":"https:\/\/iefc.com.br\/index.php\/wp-json\/wp\/v2\/types\/product"}],"replies":[{"embeddable":true,"href":"https:\/\/iefc.com.br\/index.php\/wp-json\/wp\/v2\/comments?post=22819"}],"wp:featuredmedia":[{"embeddable":true,"href":"https:\/\/iefc.com.br\/index.php\/wp-json\/wp\/v2\/media\/22820"}],"wp:attachment":[{"href":"https:\/\/iefc.com.br\/index.php\/wp-json\/wp\/v2\/media?parent=22819"}],"wp:term":[{"taxonomy":"product_brand","embeddable":true,"href":"https:\/\/iefc.com.br\/index.php\/wp-json\/wp\/v2\/product_brand?post=22819"},{"taxonomy":"product_cat","embeddable":true,"href":"https:\/\/iefc.com.br\/index.php\/wp-json\/wp\/v2\/product_cat?post=22819"},{"taxonomy":"product_tag","embeddable":true,"href":"https:\/\/iefc.com.br\/index.php\/wp-json\/wp\/v2\/product_tag?post=22819"}],"curies":[{"name":"wp","href":"https:\/\/api.w.org\/{rel}","templated":true}]}}