{"id":22823,"date":"2021-01-11T12:08:40","date_gmt":"2021-01-11T15:08:40","guid":{"rendered":"https:\/\/iefc.com.br\/?post_type=product&#038;p=22823"},"modified":"2021-01-11T12:17:41","modified_gmt":"2021-01-11T15:17:41","slug":"c134","status":"publish","type":"product","link":"https:\/\/iefc.com.br\/index.php\/produto\/c134\/","title":{"rendered":"Rotinas e Planejamento nos Anos Iniciais Segundo a BNCC #C134D02"},"content":{"rendered":"","protected":false},"excerpt":{"rendered":"<p><strong>Como as escolas devem repensar as avalia\u00e7\u00f5es na BNCC?<\/strong><br \/>\nEsse novo cen\u00e1rio exige uma mudan\u00e7a de postura por parte dos professores e da gest\u00e3o. O que fazer? As mudan\u00e7as nas rotinas da avalia\u00e7\u00e3o formativa j\u00e1 evidenciam parte do que precisa ser feito. Mas ainda existem outras dicas importantes, que vamos mostrar agora. Veja!<br \/>\n<strong>Aposte nas novas formas de avalia\u00e7\u00e3o<\/strong><br \/>\nAs avalia\u00e7\u00f5es na BNCC continuam tendo import\u00e2ncia. No entanto, existem outras formas de fazer essa an\u00e1lise global, t\u00e3o desejada pelo novo documento. Entre as op\u00e7\u00f5es, as principais s\u00e3o:<br \/>\n<strong>Feedback 360\u00ba<\/strong><br \/>\nUma avalia\u00e7\u00e3o em grupo que tem o objetivo de analisar os estudantes em \u00e2mbitos individual e grupal. Apesar de ser uma estrat\u00e9gia do mundo corporativo, chegou \u00e0s escolas por sua f\u00e1cil aplica\u00e7\u00e3o. Para isso, \u00e9 preciso:<br \/>\n&#8211; elaborar um formul\u00e1rio com perguntas que estimulem a reflex\u00e3o;<br \/>\n&#8211; orientar os alunos a fazerem uma autoavalia\u00e7\u00e3o com base nas perguntas;<br \/>\n&#8211; solicitar a apresenta\u00e7\u00e3o das respostas;<br \/>\n&#8211; indicar \u00e0 turma para avaliar os colegas.<br \/>\nEntre as diferentes possibilidades, \u00e9 poss\u00edvel avaliar o desenvolvimento do estudante em um projeto ou per\u00edodo, ou sua colabora\u00e7\u00e3o entre os membros da equipe.<\/p>\n<p style=\"text-align: center;\" align=\"justify\"><span style=\"color: #339966;\"><strong>AO PAGAR O CURSO, VOC\u00ca EST\u00c1 DE ACORDO COM O SEGUINTE TERMO<\/strong><\/span><\/p>\n<p align=\"justify\"><img loading=\"lazy\" decoding=\"async\" class=\"size-full wp-image-20794 aligncenter\" src=\"https:\/\/iefc.com.br\/wp-content\/uploads\/2020\/03\/Acordo-on-line-iEFC-8000.jpg\" alt=\"\" width=\"720\" height=\"978\" srcset=\"https:\/\/i0.wp.com\/iefc.com.br\/wp-content\/uploads\/2020\/03\/Acordo-on-line-iEFC-8000.jpg?w=720&amp;ssl=1 720w, https:\/\/i0.wp.com\/iefc.com.br\/wp-content\/uploads\/2020\/03\/Acordo-on-line-iEFC-8000.jpg?resize=221%2C300&amp;ssl=1 221w, https:\/\/i0.wp.com\/iefc.com.br\/wp-content\/uploads\/2020\/03\/Acordo-on-line-iEFC-8000.jpg?resize=300%2C408&amp;ssl=1 300w, https:\/\/i0.wp.com\/iefc.com.br\/wp-content\/uploads\/2020\/03\/Acordo-on-line-iEFC-8000.jpg?resize=600%2C815&amp;ssl=1 600w\" sizes=\"auto, (max-width: 720px) 100vw, 720px\" \/><a href=\"https:\/\/iefc.com.br\/wp-content\/uploads\/2020\/03\/Acordo-on-line-iEFC-8000.pdf\" target=\"_blank\" rel=\"noopener noreferrer\"><img loading=\"lazy\" decoding=\"async\" class=\"aligncenter wp-image-20501\" src=\"https:\/\/iefc.com.br\/wp-content\/uploads\/2020\/03\/bot_pdf.jpg\" alt=\"\" width=\"399\" height=\"61\" srcset=\"https:\/\/i0.wp.com\/iefc.com.br\/wp-content\/uploads\/2020\/03\/bot_pdf.jpg?w=635&amp;ssl=1 635w, https:\/\/i0.wp.com\/iefc.com.br\/wp-content\/uploads\/2020\/03\/bot_pdf.jpg?resize=300%2C46&amp;ssl=1 300w, https:\/\/i0.wp.com\/iefc.com.br\/wp-content\/uploads\/2020\/03\/bot_pdf.jpg?resize=600%2C92&amp;ssl=1 600w\" sizes=\"auto, (max-width: 399px) 100vw, 399px\" \/><\/a><\/p>\n","protected":false},"featured_media":22824,"comment_status":"open","ping_status":"closed","template":"","meta":{"_bbp_topic_count":0,"_bbp_reply_count":0,"_bbp_total_topic_count":0,"_bbp_total_reply_count":0,"_bbp_voice_count":0,"_bbp_anonymous_reply_count":0,"_bbp_topic_count_hidden":0,"_bbp_reply_count_hidden":0,"_bbp_forum_subforum_count":0,"content-type":"","pmpro_default_level":"","jetpack_publicize_message":"","jetpack_publicize_feature_enabled":true,"jetpack_social_post_already_shared":true,"jetpack_social_options":{"image_generator_settings":{"template":"highway","default_image_id":0,"font":"","enabled":false},"version":2}},"product_brand":[],"product_cat":[146,141,122,134,182,136],"product_tag":[147,142,183,137],"class_list":{"0":"post-22823","1":"product","2":"type-product","3":"status-publish","4":"has-post-thumbnail","6":"product_cat-anos-iniciais","7":"product_cat-bncc","8":"product_cat-curso","9":"product_cat-curso-rapido","10":"product_cat-ead","11":"product_cat-psicopedagogia","12":"product_tag-anos-iniciais","13":"product_tag-bncc","14":"product_tag-ead","15":"product_tag-psicopedagogia","16":"pmpro-has-access","18":"first","19":"instock","20":"sold-individually","21":"shipping-taxable","22":"purchasable","23":"product-type-simple"},"aioseo_notices":[],"jetpack_publicize_connections":[],"jetpack_sharing_enabled":true,"_links":{"self":[{"href":"https:\/\/iefc.com.br\/index.php\/wp-json\/wp\/v2\/product\/22823","targetHints":{"allow":["GET"]}}],"collection":[{"href":"https:\/\/iefc.com.br\/index.php\/wp-json\/wp\/v2\/product"}],"about":[{"href":"https:\/\/iefc.com.br\/index.php\/wp-json\/wp\/v2\/types\/product"}],"replies":[{"embeddable":true,"href":"https:\/\/iefc.com.br\/index.php\/wp-json\/wp\/v2\/comments?post=22823"}],"wp:featuredmedia":[{"embeddable":true,"href":"https:\/\/iefc.com.br\/index.php\/wp-json\/wp\/v2\/media\/22824"}],"wp:attachment":[{"href":"https:\/\/iefc.com.br\/index.php\/wp-json\/wp\/v2\/media?parent=22823"}],"wp:term":[{"taxonomy":"product_brand","embeddable":true,"href":"https:\/\/iefc.com.br\/index.php\/wp-json\/wp\/v2\/product_brand?post=22823"},{"taxonomy":"product_cat","embeddable":true,"href":"https:\/\/iefc.com.br\/index.php\/wp-json\/wp\/v2\/product_cat?post=22823"},{"taxonomy":"product_tag","embeddable":true,"href":"https:\/\/iefc.com.br\/index.php\/wp-json\/wp\/v2\/product_tag?post=22823"}],"curies":[{"name":"wp","href":"https:\/\/api.w.org\/{rel}","templated":true}]}}