{"id":22827,"date":"2021-01-12T19:20:25","date_gmt":"2021-01-12T22:20:25","guid":{"rendered":"https:\/\/iefc.com.br\/?post_type=product&#038;p=22827"},"modified":"2021-01-12T19:25:24","modified_gmt":"2021-01-12T22:25:24","slug":"c096","status":"publish","type":"product","link":"https:\/\/iefc.com.br\/index.php\/produto\/c096\/","title":{"rendered":"Educa\u00e7\u00e3o Matem\u00e1tica: Conceito e Tend\u00eancia #C096D02"},"content":{"rendered":"","protected":false},"excerpt":{"rendered":"<div class=\"page\" title=\"Page 15\">\n<div class=\"layoutArea\">\n<div class=\"column\">\n<p>No campo de ensino de matem\u00e1tica algumas tend\u00eancias foram surgindo com o passar dos anos. Al\u00e9m dessas tend\u00eancias apresentadas anteriormente, voltadas para a educa\u00e7\u00e3o em geral, apresentamos na seq\u00fc\u00eancia as tend\u00eancias focadas a educa\u00e7\u00e3o matem\u00e1tica. Atualmente, podemos considerar como novas tend\u00eancias em Educa\u00e7\u00e3o Matem\u00e1tica: Etnomatem\u00e1tica, Modelagem Matem\u00e1tica, Resolu\u00e7\u00e3o de Problemas, Hist\u00f3ria no Ensino da Matem\u00e1tica, Leitura e Escrita na Matem\u00e1tica, Educa\u00e7\u00e3o Matem\u00e1tica Cr\u00edtica e uso de TICs (tecnologias da informa\u00e7\u00e3o e comunica\u00e7\u00e3o).<\/p>\n<\/div>\n<\/div>\n<\/div>\n<p>Certificado de 120 Horas\/Aula<\/p>\n<p style=\"text-align: center;\" align=\"justify\"><span style=\"color: #339966;\"><strong>AO PAGAR O CURSO, VOC\u00ca EST\u00c1 DE ACORDO COM O SEGUINTE TERMO<\/strong><\/span><\/p>\n<p align=\"justify\"><img loading=\"lazy\" decoding=\"async\" class=\"size-full wp-image-20793 aligncenter\" src=\"https:\/\/iefc.com.br\/wp-content\/uploads\/2020\/04\/Acordo-on-line-iEFC-12000.jpg\" alt=\"\" width=\"720\" height=\"978\" srcset=\"https:\/\/i0.wp.com\/iefc.com.br\/wp-content\/uploads\/2020\/04\/Acordo-on-line-iEFC-12000.jpg?w=720&amp;ssl=1 720w, https:\/\/i0.wp.com\/iefc.com.br\/wp-content\/uploads\/2020\/04\/Acordo-on-line-iEFC-12000.jpg?resize=221%2C300&amp;ssl=1 221w, https:\/\/i0.wp.com\/iefc.com.br\/wp-content\/uploads\/2020\/04\/Acordo-on-line-iEFC-12000.jpg?resize=300%2C408&amp;ssl=1 300w, https:\/\/i0.wp.com\/iefc.com.br\/wp-content\/uploads\/2020\/04\/Acordo-on-line-iEFC-12000.jpg?resize=600%2C815&amp;ssl=1 600w\" sizes=\"auto, (max-width: 720px) 100vw, 720px\" \/><\/p>\n<p><a href=\"https:\/\/iefc.com.br\/wp-content\/uploads\/2020\/04\/Acordo-on-line-iEFC-12000.pdf\" target=\"_blank\" rel=\"noopener noreferrer\"><img loading=\"lazy\" decoding=\"async\" class=\"aligncenter wp-image-20501\" src=\"https:\/\/iefc.com.br\/wp-content\/uploads\/2020\/03\/bot_pdf.jpg\" alt=\"\" width=\"399\" height=\"61\" srcset=\"https:\/\/i0.wp.com\/iefc.com.br\/wp-content\/uploads\/2020\/03\/bot_pdf.jpg?w=635&amp;ssl=1 635w, https:\/\/i0.wp.com\/iefc.com.br\/wp-content\/uploads\/2020\/03\/bot_pdf.jpg?resize=300%2C46&amp;ssl=1 300w, https:\/\/i0.wp.com\/iefc.com.br\/wp-content\/uploads\/2020\/03\/bot_pdf.jpg?resize=600%2C92&amp;ssl=1 600w\" sizes=\"auto, (max-width: 399px) 100vw, 399px\" \/><br \/>\n<\/a><\/p>\n<p><span style=\"color: #0000ff;\"><strong>CERTIFICA\u00c7\u00c3O MEDIANTE PAGAMENTO<\/strong><\/span><\/p>\n","protected":false},"featured_media":22828,"comment_status":"open","ping_status":"closed","template":"","meta":{"_bbp_topic_count":0,"_bbp_reply_count":0,"_bbp_total_topic_count":0,"_bbp_total_reply_count":0,"_bbp_voice_count":0,"_bbp_anonymous_reply_count":0,"_bbp_topic_count_hidden":0,"_bbp_reply_count_hidden":0,"_bbp_forum_subforum_count":0,"content-type":"","pmpro_default_level":"","jetpack_publicize_message":"","jetpack_publicize_feature_enabled":true,"jetpack_social_post_already_shared":true,"jetpack_social_options":{"image_generator_settings":{"template":"highway","default_image_id":0,"font":"","enabled":false},"version":2}},"product_brand":[],"product_cat":[122,134,182,211,136],"product_tag":[183,212,137],"class_list":{"0":"post-22827","1":"product","2":"type-product","3":"status-publish","4":"has-post-thumbnail","6":"product_cat-curso","7":"product_cat-curso-rapido","8":"product_cat-ead","9":"product_cat-matematica","10":"product_cat-psicopedagogia","11":"product_tag-ead","12":"product_tag-matematica","13":"product_tag-psicopedagogia","14":"pmpro-has-access","16":"first","17":"instock","18":"sold-individually","19":"shipping-taxable","20":"purchasable","21":"product-type-simple"},"aioseo_notices":[],"jetpack_publicize_connections":[],"jetpack_sharing_enabled":true,"_links":{"self":[{"href":"https:\/\/iefc.com.br\/index.php\/wp-json\/wp\/v2\/product\/22827","targetHints":{"allow":["GET"]}}],"collection":[{"href":"https:\/\/iefc.com.br\/index.php\/wp-json\/wp\/v2\/product"}],"about":[{"href":"https:\/\/iefc.com.br\/index.php\/wp-json\/wp\/v2\/types\/product"}],"replies":[{"embeddable":true,"href":"https:\/\/iefc.com.br\/index.php\/wp-json\/wp\/v2\/comments?post=22827"}],"wp:featuredmedia":[{"embeddable":true,"href":"https:\/\/iefc.com.br\/index.php\/wp-json\/wp\/v2\/media\/22828"}],"wp:attachment":[{"href":"https:\/\/iefc.com.br\/index.php\/wp-json\/wp\/v2\/media?parent=22827"}],"wp:term":[{"taxonomy":"product_brand","embeddable":true,"href":"https:\/\/iefc.com.br\/index.php\/wp-json\/wp\/v2\/product_brand?post=22827"},{"taxonomy":"product_cat","embeddable":true,"href":"https:\/\/iefc.com.br\/index.php\/wp-json\/wp\/v2\/product_cat?post=22827"},{"taxonomy":"product_tag","embeddable":true,"href":"https:\/\/iefc.com.br\/index.php\/wp-json\/wp\/v2\/product_tag?post=22827"}],"curies":[{"name":"wp","href":"https:\/\/api.w.org\/{rel}","templated":true}]}}