{"id":22831,"date":"2021-01-12T19:36:32","date_gmt":"2021-01-12T22:36:32","guid":{"rendered":"https:\/\/iefc.com.br\/?post_type=product&#038;p=22831"},"modified":"2021-01-12T19:40:24","modified_gmt":"2021-01-12T22:40:24","slug":"c138","status":"publish","type":"product","link":"https:\/\/iefc.com.br\/index.php\/produto\/c138\/","title":{"rendered":"O Papel do Assistente Social no Sistema Prisional #C138D02"},"content":{"rendered":"","protected":false},"excerpt":{"rendered":"<div class=\"page\" title=\"Page 2\">\n<div class=\"section\">\n<div class=\"layoutArea\">\n<div class=\"column\">\n<p>O Servi\u00e7o Social desde do in\u00edcio da sua entrada no sistema prisional se regulou na promo\u00e7\u00e3o de medidas que buscassem garantir a reintegra\u00e7\u00e3o e a ressocializa\u00e7\u00e3o social, sendo uma das primeiras profiss\u00f5es a adentrar o sistema penitenci\u00e1rio, efetivando assim o seu fazer profissional neste territ\u00f3rio, compreendendo que o assistente social atua como um mediador dos conflitos, trabalhando para efetiva\u00e7\u00e3o dos direitos das minorias. Este artigo tem como objetivo relatar sobre o papel do assistente social no sistema penitenci\u00e1rio. Tratou-se de uma pesquisa explorat\u00f3ria e descritiva, utilizando-se da t\u00e9cnica bibliogr\u00e1fica. O <strong>Assistente Social no sistema prisional<\/strong> assegura os direitos ao apenado tendo como posicionamento a equidade e justi\u00e7a social, construindo pr\u00e1ticas humanas ao tratamento dos presos, viabilizando a concretiza\u00e7\u00e3o da defesa dos direitos humanos, sendo que\u00a0 a presen\u00e7a deste profissional na pris\u00e3o, contribui no sentido de ressocializar o preso em seu conv\u00edvio social, como tamb\u00e9m busca garantir e assegurar os direitos que ora s\u00e3o violados ou ocultos, dificultando assim a ressocializa\u00e7\u00e3o dos indiv\u00edduos na sociedade.<\/p>\n<\/div>\n<\/div>\n<\/div>\n<\/div>\n<p style=\"text-align: center;\" align=\"justify\"><span style=\"color: #339966;\"><strong>AO PAGAR O CURSO, VOC\u00ca EST\u00c1 DE ACORDO COM O SEGUINTE TERMO<\/strong><\/span><\/p>\n<p align=\"justify\"><a href=\"https:\/\/iefc.com.br\/wp-content\/uploads\/2021\/01\/Acordo-on-line-iEFC-6000.jpg\"><img loading=\"lazy\" decoding=\"async\" class=\"alignnone wp-image-22765 size-full\" src=\"https:\/\/iefc.com.br\/wp-content\/uploads\/2021\/01\/Acordo-on-line-iEFC-6000.jpg\" alt=\"\" width=\"720\" height=\"978\" srcset=\"https:\/\/i0.wp.com\/iefc.com.br\/wp-content\/uploads\/2021\/01\/Acordo-on-line-iEFC-6000.jpg?w=720&amp;ssl=1 720w, https:\/\/i0.wp.com\/iefc.com.br\/wp-content\/uploads\/2021\/01\/Acordo-on-line-iEFC-6000.jpg?resize=221%2C300&amp;ssl=1 221w, https:\/\/i0.wp.com\/iefc.com.br\/wp-content\/uploads\/2021\/01\/Acordo-on-line-iEFC-6000.jpg?resize=300%2C408&amp;ssl=1 300w, https:\/\/i0.wp.com\/iefc.com.br\/wp-content\/uploads\/2021\/01\/Acordo-on-line-iEFC-6000.jpg?resize=600%2C815&amp;ssl=1 600w\" sizes=\"auto, (max-width: 720px) 100vw, 720px\" \/><\/a><a href=\"https:\/\/iefc.com.br\/wp-content\/uploads\/2020\/03\/Acordo-on-line-iEFC-6000.pdf\" target=\"_blank\" rel=\"noopener noreferrer\"><img loading=\"lazy\" decoding=\"async\" class=\"aligncenter wp-image-20501\" src=\"https:\/\/iefc.com.br\/wp-content\/uploads\/2020\/03\/bot_pdf.jpg\" alt=\"\" width=\"399\" height=\"61\" srcset=\"https:\/\/i0.wp.com\/iefc.com.br\/wp-content\/uploads\/2020\/03\/bot_pdf.jpg?w=635&amp;ssl=1 635w, https:\/\/i0.wp.com\/iefc.com.br\/wp-content\/uploads\/2020\/03\/bot_pdf.jpg?resize=300%2C46&amp;ssl=1 300w, https:\/\/i0.wp.com\/iefc.com.br\/wp-content\/uploads\/2020\/03\/bot_pdf.jpg?resize=600%2C92&amp;ssl=1 600w\" sizes=\"auto, (max-width: 399px) 100vw, 399px\" \/><\/a><\/p>\n","protected":false},"featured_media":22832,"comment_status":"open","ping_status":"closed","template":"","meta":{"_bbp_topic_count":0,"_bbp_reply_count":0,"_bbp_total_topic_count":0,"_bbp_total_reply_count":0,"_bbp_voice_count":0,"_bbp_anonymous_reply_count":0,"_bbp_topic_count_hidden":0,"_bbp_reply_count_hidden":0,"_bbp_forum_subforum_count":0,"content-type":"","pmpro_default_level":"","jetpack_publicize_message":"","jetpack_publicize_feature_enabled":true,"jetpack_social_post_already_shared":true,"jetpack_social_options":{"image_generator_settings":{"template":"highway","default_image_id":0,"font":"","enabled":false},"version":2}},"product_brand":[],"product_cat":[128,122,134,182,202],"product_tag":[183,162],"class_list":{"0":"post-22831","1":"product","2":"type-product","3":"status-publish","4":"has-post-thumbnail","6":"product_cat-atualidades","7":"product_cat-curso","8":"product_cat-curso-rapido","9":"product_cat-ead","10":"product_cat-servico-social","11":"product_tag-ead","12":"product_tag-servico-social","13":"pmpro-has-access","15":"first","16":"instock","17":"sold-individually","18":"shipping-taxable","19":"purchasable","20":"product-type-simple"},"aioseo_notices":[],"jetpack_publicize_connections":[],"jetpack_sharing_enabled":true,"_links":{"self":[{"href":"https:\/\/iefc.com.br\/index.php\/wp-json\/wp\/v2\/product\/22831","targetHints":{"allow":["GET"]}}],"collection":[{"href":"https:\/\/iefc.com.br\/index.php\/wp-json\/wp\/v2\/product"}],"about":[{"href":"https:\/\/iefc.com.br\/index.php\/wp-json\/wp\/v2\/types\/product"}],"replies":[{"embeddable":true,"href":"https:\/\/iefc.com.br\/index.php\/wp-json\/wp\/v2\/comments?post=22831"}],"wp:featuredmedia":[{"embeddable":true,"href":"https:\/\/iefc.com.br\/index.php\/wp-json\/wp\/v2\/media\/22832"}],"wp:attachment":[{"href":"https:\/\/iefc.com.br\/index.php\/wp-json\/wp\/v2\/media?parent=22831"}],"wp:term":[{"taxonomy":"product_brand","embeddable":true,"href":"https:\/\/iefc.com.br\/index.php\/wp-json\/wp\/v2\/product_brand?post=22831"},{"taxonomy":"product_cat","embeddable":true,"href":"https:\/\/iefc.com.br\/index.php\/wp-json\/wp\/v2\/product_cat?post=22831"},{"taxonomy":"product_tag","embeddable":true,"href":"https:\/\/iefc.com.br\/index.php\/wp-json\/wp\/v2\/product_tag?post=22831"}],"curies":[{"name":"wp","href":"https:\/\/api.w.org\/{rel}","templated":true}]}}