{"id":22837,"date":"2021-01-18T11:09:39","date_gmt":"2021-01-18T14:09:39","guid":{"rendered":"https:\/\/iefc.com.br\/?post_type=product&#038;p=22837"},"modified":"2021-01-18T11:15:03","modified_gmt":"2021-01-18T14:15:03","slug":"c157","status":"publish","type":"product","link":"https:\/\/iefc.com.br\/index.php\/produto\/c157\/","title":{"rendered":"Neuroeduca\u00e7\u00e3o no Processo de Aprendizagem: O Dinamismo na Forma de Aprender #C157D02"},"content":{"rendered":"","protected":false},"excerpt":{"rendered":"<div class=\"page\" title=\"Page 5\">\n<div class=\"layoutArea\">\n<div class=\"column\">\n<p>A <strong>Neuroeduca\u00e7\u00e3o<\/strong> \u00e9 uma abordagem interdisciplinar dentro do ambiente educacional que busca respeitar a individualidade dos alunos, de forma que cada um deles aprenda de um jeito, em um ritmo, e isso deve ser explorado pelo educador.<\/p>\n<p>Os respons\u00e1veis pelo processo de aprendizagem individual s\u00e3o o funcionamento cerebral e as fun\u00e7\u00f5es cognitivas comportamentais. Dessa forma, a Neuroeduca\u00e7\u00e3o \u00e9 fruto da jun\u00e7\u00e3o de tr\u00eas \u00e1reas do conhecimento humano: a pedagogia, que se dedica aos processos de aprendizagem e educa\u00e7\u00e3o; a psicologia, que contribui para pesquisas nos campos cognitivo e comportamental; e a neuroci\u00eancia, que se concentra no funcionamento do sistema nervoso central.<\/p>\n<p>A pedagogia traz a coletividade aos processos de ensino, em que os alunos aprendem a partir da sua integra\u00e7\u00e3o com a classe e a comunidade, transformando seus saberes durante intera\u00e7\u00f5es sociais. Em contrapartida, estudos voltados para os processos cognitivos comportamentais come\u00e7aram a ganhar destaque com ideias de novas formas de ensino, visando buscar a melhor forma e processo de aprendizado de cada aluno.<\/p>\n<p>Um dos grandes respons\u00e1veis pela promo\u00e7\u00e3o dessa \u00e1rea foi o linguista Noam Chomsky, que elaborou teorias bastante consistentes sobre a aquisi\u00e7\u00e3o da linguagem individual. Segundo Chomsky, o processo depende mais de faculdades mentais do que de intera\u00e7\u00f5es sociais.<\/p>\n<p>Essa ideia abriu uma s\u00e9rie de debates e pesquisas acerca do tema, a fim de desvendar os segredos das fun\u00e7\u00f5es cognitivas: linguagem, mem\u00f3ria, racioc\u00ednio e aten\u00e7\u00e3o, entre outras habilidades cerebrais. Em seguida, surgiu a neuroci\u00eancia, por meio da qual um verdadeiro escaneamento do c\u00e9rebro levou a perceber que cada \u00e1rea desse \u00f3rg\u00e3o age de forma diferente ao responder a determinados est\u00edmulos. Dessa forma, a ideia de o processo de aprendizagem estar atrelado \u00e0s intera\u00e7\u00f5es sociais mudou, e agora, o foco est\u00e1 em rea\u00e7\u00f5es individuais a cada est\u00edmulo e comportamento pessoal.<\/p>\n<\/div>\n<\/div>\n<\/div>\n<p style=\"text-align: center;\" align=\"justify\"><span style=\"color: #339966;\"><strong>AO PAGAR O CURSO, VOC\u00ca EST\u00c1 DE ACORDO COM O SEGUINTE TERMO<\/strong><\/span><\/p>\n<p align=\"justify\"><img loading=\"lazy\" decoding=\"async\" class=\"size-full wp-image-20794 aligncenter\" src=\"https:\/\/iefc.com.br\/wp-content\/uploads\/2020\/03\/Acordo-on-line-iEFC-8000.jpg\" alt=\"\" width=\"720\" height=\"978\" srcset=\"https:\/\/i0.wp.com\/iefc.com.br\/wp-content\/uploads\/2020\/03\/Acordo-on-line-iEFC-8000.jpg?w=720&amp;ssl=1 720w, https:\/\/i0.wp.com\/iefc.com.br\/wp-content\/uploads\/2020\/03\/Acordo-on-line-iEFC-8000.jpg?resize=221%2C300&amp;ssl=1 221w, https:\/\/i0.wp.com\/iefc.com.br\/wp-content\/uploads\/2020\/03\/Acordo-on-line-iEFC-8000.jpg?resize=300%2C408&amp;ssl=1 300w, https:\/\/i0.wp.com\/iefc.com.br\/wp-content\/uploads\/2020\/03\/Acordo-on-line-iEFC-8000.jpg?resize=600%2C815&amp;ssl=1 600w\" sizes=\"auto, (max-width: 720px) 100vw, 720px\" \/><a href=\"https:\/\/iefc.com.br\/wp-content\/uploads\/2020\/03\/Acordo-on-line-iEFC-8000.pdf\" target=\"_blank\" rel=\"noopener noreferrer\"><img loading=\"lazy\" decoding=\"async\" class=\"aligncenter wp-image-20501\" src=\"https:\/\/iefc.com.br\/wp-content\/uploads\/2020\/03\/bot_pdf.jpg\" alt=\"\" width=\"399\" height=\"61\" srcset=\"https:\/\/i0.wp.com\/iefc.com.br\/wp-content\/uploads\/2020\/03\/bot_pdf.jpg?w=635&amp;ssl=1 635w, https:\/\/i0.wp.com\/iefc.com.br\/wp-content\/uploads\/2020\/03\/bot_pdf.jpg?resize=300%2C46&amp;ssl=1 300w, https:\/\/i0.wp.com\/iefc.com.br\/wp-content\/uploads\/2020\/03\/bot_pdf.jpg?resize=600%2C92&amp;ssl=1 600w\" sizes=\"auto, (max-width: 399px) 100vw, 399px\" \/><\/a><\/p>\n","protected":false},"featured_media":22838,"comment_status":"open","ping_status":"closed","template":"","meta":{"_bbp_topic_count":0,"_bbp_reply_count":0,"_bbp_total_topic_count":0,"_bbp_total_reply_count":0,"_bbp_voice_count":0,"_bbp_anonymous_reply_count":0,"_bbp_topic_count_hidden":0,"_bbp_reply_count_hidden":0,"_bbp_forum_subforum_count":0,"content-type":"","pmpro_default_level":"","jetpack_publicize_message":"","jetpack_publicize_feature_enabled":true,"jetpack_social_post_already_shared":true,"jetpack_social_options":{"image_generator_settings":{"template":"highway","default_image_id":0,"font":"","enabled":false},"version":2}},"product_brand":[],"product_cat":[128,122,134,182,166],"product_tag":[183,167],"class_list":{"0":"post-22837","1":"product","2":"type-product","3":"status-publish","4":"has-post-thumbnail","6":"product_cat-atualidades","7":"product_cat-curso","8":"product_cat-curso-rapido","9":"product_cat-ead","10":"product_cat-neuroeducacao","11":"product_tag-ead","12":"product_tag-neuroeducacao","13":"pmpro-has-access","15":"first","16":"instock","17":"sold-individually","18":"shipping-taxable","19":"purchasable","20":"product-type-simple"},"aioseo_notices":[],"jetpack_publicize_connections":[],"jetpack_sharing_enabled":true,"_links":{"self":[{"href":"https:\/\/iefc.com.br\/index.php\/wp-json\/wp\/v2\/product\/22837","targetHints":{"allow":["GET"]}}],"collection":[{"href":"https:\/\/iefc.com.br\/index.php\/wp-json\/wp\/v2\/product"}],"about":[{"href":"https:\/\/iefc.com.br\/index.php\/wp-json\/wp\/v2\/types\/product"}],"replies":[{"embeddable":true,"href":"https:\/\/iefc.com.br\/index.php\/wp-json\/wp\/v2\/comments?post=22837"}],"wp:featuredmedia":[{"embeddable":true,"href":"https:\/\/iefc.com.br\/index.php\/wp-json\/wp\/v2\/media\/22838"}],"wp:attachment":[{"href":"https:\/\/iefc.com.br\/index.php\/wp-json\/wp\/v2\/media?parent=22837"}],"wp:term":[{"taxonomy":"product_brand","embeddable":true,"href":"https:\/\/iefc.com.br\/index.php\/wp-json\/wp\/v2\/product_brand?post=22837"},{"taxonomy":"product_cat","embeddable":true,"href":"https:\/\/iefc.com.br\/index.php\/wp-json\/wp\/v2\/product_cat?post=22837"},{"taxonomy":"product_tag","embeddable":true,"href":"https:\/\/iefc.com.br\/index.php\/wp-json\/wp\/v2\/product_tag?post=22837"}],"curies":[{"name":"wp","href":"https:\/\/api.w.org\/{rel}","templated":true}]}}