{"id":22844,"date":"2021-01-18T11:43:17","date_gmt":"2021-01-18T14:43:17","guid":{"rendered":"https:\/\/iefc.com.br\/?post_type=product&#038;p=22844"},"modified":"2021-01-18T17:46:54","modified_gmt":"2021-01-18T20:46:54","slug":"c182","status":"publish","type":"product","link":"https:\/\/iefc.com.br\/index.php\/produto\/c182\/","title":{"rendered":"Anos Finais na B.N.C.C. Compet\u00eancias, Habilidades, Planejamento e Curr\u00edculo #C182D02"},"content":{"rendered":"","protected":false},"excerpt":{"rendered":"<div class=\"page\" title=\"Page 15\">\n<div class=\"layoutArea\">\n<div class=\"column\">\n<p>O Ensino Fundamental \u00e9 caracterizado por ser a etapa mais longa da Educa\u00e7\u00e3o B\u00e1sica (9 anos). Durante esta fase, os alunos passam por muitas mudan\u00e7as relacionadas ao seu desenvolvimento f\u00edsico, emocional, social, \u00e0 sua capacidade cognitiva e \u00e0 sua rotina dentro e fora da escola. O Ensino Fundamental atende desde crian\u00e7as com 6 anos de idade a adolescentes com 14 anos de idade. \u00c9 um per\u00edodo de grandes transforma\u00e7\u00f5es!<\/p>\n<p>Para abranger as <strong>compet\u00eancias<\/strong> e <strong>habilidades<\/strong> a serem desenvolvidas durante essa fase t\u00e3o complexa, divide-se a etapa do Ensino Fundamental entre os Anos iniciais (1\u00ba ao 5\u00ba Ano) e os <strong>Anos finais<\/strong> (6\u00ba ao 9\u00ba Ano). A abordagem pedag\u00f3gica nessas duas etapas apresenta v\u00e1rias caracter\u00edsticas comuns. Nos Anos finais do Ensino Fundamental, no entanto, ela se direciona cada vez mais para a inten\u00e7\u00e3o de despertar a autonomia e o protagonismo dos estudantes, preparando-os para o ingresso no Ensino M\u00e9dio.<\/p>\n<\/div>\n<\/div>\n<\/div>\n<p>Certificado de 120 Horas\/Aula<\/p>\n<p style=\"text-align: center;\" align=\"justify\"><span style=\"color: #339966;\"><strong>AO PAGAR O CURSO, VOC\u00ca EST\u00c1 DE ACORDO COM O SEGUINTE TERMO<\/strong><\/span><\/p>\n<p align=\"justify\"><img loading=\"lazy\" decoding=\"async\" class=\"size-full wp-image-20793 aligncenter\" src=\"https:\/\/iefc.com.br\/wp-content\/uploads\/2020\/04\/Acordo-on-line-iEFC-12000.jpg\" alt=\"\" width=\"720\" height=\"978\" srcset=\"https:\/\/i0.wp.com\/iefc.com.br\/wp-content\/uploads\/2020\/04\/Acordo-on-line-iEFC-12000.jpg?w=720&amp;ssl=1 720w, https:\/\/i0.wp.com\/iefc.com.br\/wp-content\/uploads\/2020\/04\/Acordo-on-line-iEFC-12000.jpg?resize=221%2C300&amp;ssl=1 221w, https:\/\/i0.wp.com\/iefc.com.br\/wp-content\/uploads\/2020\/04\/Acordo-on-line-iEFC-12000.jpg?resize=300%2C408&amp;ssl=1 300w, https:\/\/i0.wp.com\/iefc.com.br\/wp-content\/uploads\/2020\/04\/Acordo-on-line-iEFC-12000.jpg?resize=600%2C815&amp;ssl=1 600w\" sizes=\"auto, (max-width: 720px) 100vw, 720px\" \/><\/p>\n<p><a href=\"https:\/\/iefc.com.br\/wp-content\/uploads\/2020\/04\/Acordo-on-line-iEFC-12000.pdf\" target=\"_blank\" rel=\"noopener noreferrer\"><img loading=\"lazy\" decoding=\"async\" class=\"aligncenter wp-image-20501\" src=\"https:\/\/iefc.com.br\/wp-content\/uploads\/2020\/03\/bot_pdf.jpg\" alt=\"\" width=\"399\" height=\"61\" srcset=\"https:\/\/i0.wp.com\/iefc.com.br\/wp-content\/uploads\/2020\/03\/bot_pdf.jpg?w=635&amp;ssl=1 635w, https:\/\/i0.wp.com\/iefc.com.br\/wp-content\/uploads\/2020\/03\/bot_pdf.jpg?resize=300%2C46&amp;ssl=1 300w, https:\/\/i0.wp.com\/iefc.com.br\/wp-content\/uploads\/2020\/03\/bot_pdf.jpg?resize=600%2C92&amp;ssl=1 600w\" sizes=\"auto, (max-width: 399px) 100vw, 399px\" \/><br \/>\n<\/a><\/p>\n<p><span style=\"color: #0000ff;\"><strong>CERTIFICA\u00c7\u00c3O MEDIANTE PAGAMENTO<\/strong><\/span><\/p>\n","protected":false},"featured_media":22845,"comment_status":"open","ping_status":"closed","template":"","meta":{"_bbp_topic_count":0,"_bbp_reply_count":0,"_bbp_total_topic_count":0,"_bbp_total_reply_count":0,"_bbp_voice_count":0,"_bbp_anonymous_reply_count":0,"_bbp_topic_count_hidden":0,"_bbp_reply_count_hidden":0,"_bbp_forum_subforum_count":0,"content-type":"","pmpro_default_level":"","jetpack_publicize_message":"","jetpack_publicize_feature_enabled":true,"jetpack_social_post_already_shared":true,"jetpack_social_options":{"image_generator_settings":{"template":"highway","default_image_id":0,"font":"","enabled":false},"version":2}},"product_brand":[],"product_cat":[148,141,122,134,182,136],"product_tag":[143,142,216,183,217,193,137],"class_list":{"0":"post-22844","1":"product","2":"type-product","3":"status-publish","4":"has-post-thumbnail","6":"product_cat-anos-finais","7":"product_cat-bncc","8":"product_cat-curso","9":"product_cat-curso-rapido","10":"product_cat-ead","11":"product_cat-psicopedagogia","12":"product_tag-anos-finais","13":"product_tag-bncc","14":"product_tag-curriculo","15":"product_tag-ead","16":"product_tag-habilidades","17":"product_tag-planejamento","18":"product_tag-psicopedagogia","19":"pmpro-has-access","21":"first","22":"instock","23":"sold-individually","24":"shipping-taxable","25":"purchasable","26":"product-type-simple"},"aioseo_notices":[],"jetpack_publicize_connections":[],"jetpack_sharing_enabled":true,"_links":{"self":[{"href":"https:\/\/iefc.com.br\/index.php\/wp-json\/wp\/v2\/product\/22844","targetHints":{"allow":["GET"]}}],"collection":[{"href":"https:\/\/iefc.com.br\/index.php\/wp-json\/wp\/v2\/product"}],"about":[{"href":"https:\/\/iefc.com.br\/index.php\/wp-json\/wp\/v2\/types\/product"}],"replies":[{"embeddable":true,"href":"https:\/\/iefc.com.br\/index.php\/wp-json\/wp\/v2\/comments?post=22844"}],"wp:featuredmedia":[{"embeddable":true,"href":"https:\/\/iefc.com.br\/index.php\/wp-json\/wp\/v2\/media\/22845"}],"wp:attachment":[{"href":"https:\/\/iefc.com.br\/index.php\/wp-json\/wp\/v2\/media?parent=22844"}],"wp:term":[{"taxonomy":"product_brand","embeddable":true,"href":"https:\/\/iefc.com.br\/index.php\/wp-json\/wp\/v2\/product_brand?post=22844"},{"taxonomy":"product_cat","embeddable":true,"href":"https:\/\/iefc.com.br\/index.php\/wp-json\/wp\/v2\/product_cat?post=22844"},{"taxonomy":"product_tag","embeddable":true,"href":"https:\/\/iefc.com.br\/index.php\/wp-json\/wp\/v2\/product_tag?post=22844"}],"curies":[{"name":"wp","href":"https:\/\/api.w.org\/{rel}","templated":true}]}}