{"id":22846,"date":"2021-01-18T17:49:17","date_gmt":"2021-01-18T20:49:17","guid":{"rendered":"https:\/\/iefc.com.br\/?post_type=product&#038;p=22846"},"modified":"2021-01-18T17:54:02","modified_gmt":"2021-01-18T20:54:02","slug":"c184","status":"publish","type":"product","link":"https:\/\/iefc.com.br\/index.php\/produto\/c184\/","title":{"rendered":"Educa\u00e7\u00e3o Infantil na B.N.C.C.: Planejamento e Rotinas #C184D02"},"content":{"rendered":"","protected":false},"excerpt":{"rendered":"<div class=\"page\" title=\"Page 2\">\n<div class=\"section\">\n<div class=\"layoutArea\">\n<div class=\"column\">\n<p>Al\u00e9m de ensinar a crian\u00e7a sobre a organiza\u00e7\u00e3o sequencial que rege dias, semanas e anos, a rotina traz a sensa\u00e7\u00e3o de estabilidade e seguran\u00e7a \u00e0 crian\u00e7a. Isso porque ela se organiza no tempo-espa\u00e7o e entende qual o seu papel em cada momento, assim como o que est\u00e1 por vir. N\u00e3o \u00e9 mais uma aventura onde tudo pode acontecer, mas um dia bem estabelecido, de forma que ela pode se acalmar e ter a seguran\u00e7a de que o mais prov\u00e1vel \u00e9 que suas expectativas sejam cumpridas para cada momento daquele dia.<\/p>\n<p>Rotinas tamb\u00e9m favorecem a constru\u00e7\u00e3o da independ\u00eancia e da<a href=\"https:\/\/educacaoinfantil.aix.com.br\/o-eu-o-outro-e-o-nos\/\"> autonomia<\/a> da crian\u00e7a, uma vez que ela sabe exatamente o que deve fazer e n\u00e3o precisa ficar dependendo de orienta\u00e7\u00f5es o tempo todo. Outro grande benef\u00edcio \u00e9 a introdu\u00e7\u00e3o de h\u00e1bitos saud\u00e1veis, como a hora certa para comer, descansar e fazer exerc\u00edcios: isso leva \u00e0 melhoria da sa\u00fade da crian\u00e7a. Tudo isso ser\u00e1 um s\u00f3lido aprendizado para a forma\u00e7\u00e3o de um adulto respons\u00e1vel e com capacidade de organiza\u00e7\u00e3o.<\/p>\n<p>Por fim, a rotina na <strong>Educa\u00e7\u00e3o Infantil<\/strong> auxilia o professor e a pr\u00f3pria escola. Isso porque o planejamento facilita a organiza\u00e7\u00e3o das aulas, o or\u00e7amento da compra de materiais e at\u00e9 a comunica\u00e7\u00e3o com as fam\u00edlias sobre programa\u00e7\u00f5es especiais.<\/p>\n<\/div>\n<\/div>\n<\/div>\n<\/div>\n<p style=\"text-align: center;\" align=\"justify\"><span style=\"color: #339966;\"><strong>AO PAGAR O CURSO, VOC\u00ca EST\u00c1 DE ACORDO COM O SEGUINTE TERMO<\/strong><\/span><\/p>\n<p align=\"justify\"><img loading=\"lazy\" decoding=\"async\" class=\"size-full wp-image-20795 aligncenter\" src=\"https:\/\/iefc.com.br\/wp-content\/uploads\/2020\/03\/Acordo-on-line-iEFC-10000.jpg\" alt=\"\" width=\"720\" height=\"978\" srcset=\"https:\/\/i0.wp.com\/iefc.com.br\/wp-content\/uploads\/2020\/03\/Acordo-on-line-iEFC-10000.jpg?w=720&amp;ssl=1 720w, https:\/\/i0.wp.com\/iefc.com.br\/wp-content\/uploads\/2020\/03\/Acordo-on-line-iEFC-10000.jpg?resize=221%2C300&amp;ssl=1 221w, https:\/\/i0.wp.com\/iefc.com.br\/wp-content\/uploads\/2020\/03\/Acordo-on-line-iEFC-10000.jpg?resize=300%2C408&amp;ssl=1 300w, https:\/\/i0.wp.com\/iefc.com.br\/wp-content\/uploads\/2020\/03\/Acordo-on-line-iEFC-10000.jpg?resize=600%2C815&amp;ssl=1 600w\" sizes=\"auto, (max-width: 720px) 100vw, 720px\" \/><a href=\"https:\/\/iefc.com.br\/wp-content\/uploads\/2020\/03\/Acordo-on-line-iEFC-10000.pdf\" target=\"_blank\" rel=\"noopener noreferrer\"><img loading=\"lazy\" decoding=\"async\" class=\"aligncenter wp-image-20501\" src=\"https:\/\/iefc.com.br\/wp-content\/uploads\/2020\/03\/bot_pdf.jpg\" alt=\"\" width=\"399\" height=\"61\" srcset=\"https:\/\/i0.wp.com\/iefc.com.br\/wp-content\/uploads\/2020\/03\/bot_pdf.jpg?w=635&amp;ssl=1 635w, https:\/\/i0.wp.com\/iefc.com.br\/wp-content\/uploads\/2020\/03\/bot_pdf.jpg?resize=300%2C46&amp;ssl=1 300w, https:\/\/i0.wp.com\/iefc.com.br\/wp-content\/uploads\/2020\/03\/bot_pdf.jpg?resize=600%2C92&amp;ssl=1 600w\" sizes=\"auto, (max-width: 399px) 100vw, 399px\" \/><\/a><\/p>\n","protected":false},"featured_media":22847,"comment_status":"open","ping_status":"closed","template":"","meta":{"_bbp_topic_count":0,"_bbp_reply_count":0,"_bbp_total_topic_count":0,"_bbp_total_reply_count":0,"_bbp_voice_count":0,"_bbp_anonymous_reply_count":0,"_bbp_topic_count_hidden":0,"_bbp_reply_count_hidden":0,"_bbp_forum_subforum_count":0,"content-type":"","pmpro_default_level":"","jetpack_publicize_message":"","jetpack_publicize_feature_enabled":true,"jetpack_social_post_already_shared":true,"jetpack_social_options":{"image_generator_settings":{"template":"highway","default_image_id":0,"font":"","enabled":false},"version":2}},"product_brand":[],"product_cat":[141,122,134,182,144,191,136],"product_tag":[142,145,193],"class_list":{"0":"post-22846","1":"product","2":"type-product","3":"status-publish","4":"has-post-thumbnail","6":"product_cat-bncc","7":"product_cat-curso","8":"product_cat-curso-rapido","9":"product_cat-ead","10":"product_cat-educacao-infantil","11":"product_cat-planejamento","12":"product_cat-psicopedagogia","13":"product_tag-bncc","14":"product_tag-educacao-infantil","15":"product_tag-planejamento","16":"pmpro-has-access","18":"first","19":"instock","20":"sold-individually","21":"shipping-taxable","22":"purchasable","23":"product-type-simple"},"aioseo_notices":[],"jetpack_publicize_connections":[],"jetpack_sharing_enabled":true,"_links":{"self":[{"href":"https:\/\/iefc.com.br\/index.php\/wp-json\/wp\/v2\/product\/22846","targetHints":{"allow":["GET"]}}],"collection":[{"href":"https:\/\/iefc.com.br\/index.php\/wp-json\/wp\/v2\/product"}],"about":[{"href":"https:\/\/iefc.com.br\/index.php\/wp-json\/wp\/v2\/types\/product"}],"replies":[{"embeddable":true,"href":"https:\/\/iefc.com.br\/index.php\/wp-json\/wp\/v2\/comments?post=22846"}],"wp:featuredmedia":[{"embeddable":true,"href":"https:\/\/iefc.com.br\/index.php\/wp-json\/wp\/v2\/media\/22847"}],"wp:attachment":[{"href":"https:\/\/iefc.com.br\/index.php\/wp-json\/wp\/v2\/media?parent=22846"}],"wp:term":[{"taxonomy":"product_brand","embeddable":true,"href":"https:\/\/iefc.com.br\/index.php\/wp-json\/wp\/v2\/product_brand?post=22846"},{"taxonomy":"product_cat","embeddable":true,"href":"https:\/\/iefc.com.br\/index.php\/wp-json\/wp\/v2\/product_cat?post=22846"},{"taxonomy":"product_tag","embeddable":true,"href":"https:\/\/iefc.com.br\/index.php\/wp-json\/wp\/v2\/product_tag?post=22846"}],"curies":[{"name":"wp","href":"https:\/\/api.w.org\/{rel}","templated":true}]}}