{"id":22852,"date":"2021-01-18T18:16:43","date_gmt":"2021-01-18T21:16:43","guid":{"rendered":"https:\/\/iefc.com.br\/?post_type=product&#038;p=22852"},"modified":"2021-01-18T18:22:40","modified_gmt":"2021-01-18T21:22:40","slug":"c192","status":"publish","type":"product","link":"https:\/\/iefc.com.br\/index.php\/produto\/c192\/","title":{"rendered":"O Papel do Assistente Social na Previd\u00eancia Social: Benef\u00edcios Previdenci\u00e1rios #C192D02"},"content":{"rendered":"","protected":false},"excerpt":{"rendered":"<div class=\"page\" title=\"Page 2\">\n<div class=\"section\">\n<div class=\"layoutArea\">\n<div class=\"column\">\n<p>O processo de institucionaliza\u00e7\u00e3o do <strong>Servi\u00e7o Social<\/strong> como profiss\u00e3o, ultrapassando a fase de &#8220;moderno agente de caridade&#8221; est\u00e1 ligado \u00e0 cria\u00e7\u00e3o das grandes institui\u00e7\u00f5es na d\u00e9cada de 40, num momento em que o Estado passa a incorporar e regulamentar juridicamente a quest\u00e3o social, neste contexto inicia-se o trabalho do Assistente Social na Previd\u00eancia , sendo uma das principais \u00e1reas de atua\u00e7\u00e3o desse profissional.<br \/>\nAo longo de sua hist\u00f3ria, a pol\u00edtica previdenci\u00e1ria guarda rela\u00e7\u00e3o com o movimento estrutural\/conjuntural de cada momento hist\u00f3rico da sociedade brasileira, expresso em suas diversas pol\u00edticas econ\u00f4micas e na correla\u00e7\u00e3o de for\u00e7as que se estabelecem. Nessa trajet\u00f3ria, a pol\u00edtica previdenci\u00e1ria tem como caracter\u00edsticas b\u00e1sicas constitutivas o paradoxo entre a reprodu\u00e7\u00e3o da for\u00e7a de trabalho e a incorpora\u00e7\u00e3o de direitos sociais, ora tendendo \u00e0 universaliza\u00e7\u00e3o de cobertura e amplia\u00e7\u00e3o dos benef\u00edcios e servi\u00e7os, ora tendo a uma restri\u00e7\u00e3o dos mesmos com base na concep\u00e7\u00e3o das pol\u00edticas de Seguridade Social ou na concep\u00e7\u00e3o restrita do Seguro Social.<\/p>\n<\/div>\n<\/div>\n<\/div>\n<\/div>\n<p style=\"text-align: center;\" align=\"justify\"><span style=\"color: #339966;\"><strong>AO PAGAR O CURSO, VOC\u00ca EST\u00c1 DE ACORDO COM O SEGUINTE TERMO<\/strong><\/span><\/p>\n<p align=\"justify\"><img loading=\"lazy\" decoding=\"async\" class=\"size-full wp-image-20795 aligncenter\" src=\"https:\/\/iefc.com.br\/wp-content\/uploads\/2020\/03\/Acordo-on-line-iEFC-10000.jpg\" alt=\"\" width=\"720\" height=\"978\" srcset=\"https:\/\/i0.wp.com\/iefc.com.br\/wp-content\/uploads\/2020\/03\/Acordo-on-line-iEFC-10000.jpg?w=720&amp;ssl=1 720w, https:\/\/i0.wp.com\/iefc.com.br\/wp-content\/uploads\/2020\/03\/Acordo-on-line-iEFC-10000.jpg?resize=221%2C300&amp;ssl=1 221w, https:\/\/i0.wp.com\/iefc.com.br\/wp-content\/uploads\/2020\/03\/Acordo-on-line-iEFC-10000.jpg?resize=300%2C408&amp;ssl=1 300w, https:\/\/i0.wp.com\/iefc.com.br\/wp-content\/uploads\/2020\/03\/Acordo-on-line-iEFC-10000.jpg?resize=600%2C815&amp;ssl=1 600w\" sizes=\"auto, (max-width: 720px) 100vw, 720px\" \/><a href=\"https:\/\/iefc.com.br\/wp-content\/uploads\/2020\/03\/Acordo-on-line-iEFC-10000.pdf\" target=\"_blank\" rel=\"noopener noreferrer\"><img loading=\"lazy\" decoding=\"async\" class=\"aligncenter wp-image-20501\" src=\"https:\/\/iefc.com.br\/wp-content\/uploads\/2020\/03\/bot_pdf.jpg\" alt=\"\" width=\"399\" height=\"61\" srcset=\"https:\/\/i0.wp.com\/iefc.com.br\/wp-content\/uploads\/2020\/03\/bot_pdf.jpg?w=635&amp;ssl=1 635w, https:\/\/i0.wp.com\/iefc.com.br\/wp-content\/uploads\/2020\/03\/bot_pdf.jpg?resize=300%2C46&amp;ssl=1 300w, https:\/\/i0.wp.com\/iefc.com.br\/wp-content\/uploads\/2020\/03\/bot_pdf.jpg?resize=600%2C92&amp;ssl=1 600w\" sizes=\"auto, (max-width: 399px) 100vw, 399px\" \/><\/a><\/p>\n","protected":false},"featured_media":22853,"comment_status":"open","ping_status":"closed","template":"","meta":{"_bbp_topic_count":0,"_bbp_reply_count":0,"_bbp_total_topic_count":0,"_bbp_total_reply_count":0,"_bbp_voice_count":0,"_bbp_anonymous_reply_count":0,"_bbp_topic_count_hidden":0,"_bbp_reply_count_hidden":0,"_bbp_forum_subforum_count":0,"content-type":"","pmpro_default_level":"","jetpack_publicize_message":"","jetpack_publicize_feature_enabled":true,"jetpack_social_post_already_shared":true,"jetpack_social_options":{"image_generator_settings":{"template":"highway","default_image_id":0,"font":"","enabled":false},"version":2}},"product_brand":[],"product_cat":[128,122,182,202],"product_tag":[183,219,162],"class_list":{"0":"post-22852","1":"product","2":"type-product","3":"status-publish","4":"has-post-thumbnail","6":"product_cat-atualidades","7":"product_cat-curso","8":"product_cat-ead","9":"product_cat-servico-social","10":"product_tag-ead","11":"product_tag-previdencia-social","12":"product_tag-servico-social","13":"pmpro-has-access","15":"first","16":"instock","17":"sold-individually","18":"shipping-taxable","19":"purchasable","20":"product-type-simple"},"aioseo_notices":[],"jetpack_publicize_connections":[],"jetpack_sharing_enabled":true,"_links":{"self":[{"href":"https:\/\/iefc.com.br\/index.php\/wp-json\/wp\/v2\/product\/22852","targetHints":{"allow":["GET"]}}],"collection":[{"href":"https:\/\/iefc.com.br\/index.php\/wp-json\/wp\/v2\/product"}],"about":[{"href":"https:\/\/iefc.com.br\/index.php\/wp-json\/wp\/v2\/types\/product"}],"replies":[{"embeddable":true,"href":"https:\/\/iefc.com.br\/index.php\/wp-json\/wp\/v2\/comments?post=22852"}],"wp:featuredmedia":[{"embeddable":true,"href":"https:\/\/iefc.com.br\/index.php\/wp-json\/wp\/v2\/media\/22853"}],"wp:attachment":[{"href":"https:\/\/iefc.com.br\/index.php\/wp-json\/wp\/v2\/media?parent=22852"}],"wp:term":[{"taxonomy":"product_brand","embeddable":true,"href":"https:\/\/iefc.com.br\/index.php\/wp-json\/wp\/v2\/product_brand?post=22852"},{"taxonomy":"product_cat","embeddable":true,"href":"https:\/\/iefc.com.br\/index.php\/wp-json\/wp\/v2\/product_cat?post=22852"},{"taxonomy":"product_tag","embeddable":true,"href":"https:\/\/iefc.com.br\/index.php\/wp-json\/wp\/v2\/product_tag?post=22852"}],"curies":[{"name":"wp","href":"https:\/\/api.w.org\/{rel}","templated":true}]}}