{"id":22858,"date":"2021-01-18T19:22:07","date_gmt":"2021-01-18T22:22:07","guid":{"rendered":"https:\/\/iefc.com.br\/?post_type=product&#038;p=22858"},"modified":"2021-01-18T19:29:03","modified_gmt":"2021-01-18T22:29:03","slug":"c201","status":"publish","type":"product","link":"https:\/\/iefc.com.br\/index.php\/produto\/c201\/","title":{"rendered":"Gest\u00e3o Escolar no Contexto Atual e P\u00f3s-Pandemia #C201D02"},"content":{"rendered":"","protected":false},"excerpt":{"rendered":"<div class=\"page\" title=\"Page 15\">\n<div class=\"layoutArea\">\n<div class=\"column\">\n<p>Vivenciamos um ano at\u00edpico. O ano de 2020 j\u00e1 se tornou hist\u00f3rico devido \u00e0 pandemia que surpreendeu a todos. A <strong>Covid-19<\/strong> fez os profissionais de todas as \u00e1reas se reinventarem \u2013 e n\u00e3o seria diferente com a gest\u00e3o educacional. At\u00e9 os professores mais resistentes ao ensino a dist\u00e2ncia (EaD) tiveram que se acostumar ou adaptar \u00e0 nova realidade.<br \/>\nMas como gerir tudo isso? Como fazer com que os alunos tenham resultados satisfat\u00f3rios com o ensino remoto? Como fazer com que os professores se mantenham vibrantes em sua atua\u00e7\u00e3o docente? Ou, ainda mais importante, como manter os professores e alunos mentalmente saud\u00e1veis e motivados em um cen\u00e1rio sombrio de pandemia? S\u00e3o muitas perguntas que v\u00e3o surgindo ao longo desse desafio.<br \/>\nFoi ent\u00e3o que surgiu a necessidade de questionar: como fazer para conseguir potencializar a gest\u00e3o escolar frente \u00e0 pandemia de Covid-19? Sabe-se que a educa\u00e7\u00e3o a dist\u00e2ncia j\u00e1 \u00e9 uma realidade antiga; at\u00e9 os mais c\u00e9ticos j\u00e1 notaram isso e ela se fez extremamente presente no per\u00edodo obscuro de pandemia para preservar a sa\u00fade dos profissionais docentes e dos alunos.<br \/>\nN\u00e3o podemos ignorar os dados assombrosos do n\u00famero de mortes que essa doen\u00e7a causou. Um verdadeiro sinistro que faz pensar cada vez mais em como devemos agir para minimizar tal situa\u00e7\u00e3o. Por ora, queremos destacar que a busca por superar esses limites anal\u00edticos nos fez questionar como os estados, principalmente o Estado brasileiro, podem construir realidades inerentes \u00e0 pandemia com base nesses dados.<br \/>\nEm outras palavras, o modo como os gestores p\u00fablicos manipulam e fazem a publicidade dos resultados advindos da an\u00e1lise desses dados pode influenciar a pr\u00e1tica das a\u00e7\u00f5es cotidianas dos sujeitos. E essas a\u00e7\u00f5es pr\u00e1ticas podem levar ao aumento ou \u00e0 diminui\u00e7\u00e3o do n\u00edvel de cont\u00e1gio por Covid-19 em determinado territ\u00f3rio. Nossa inten\u00e7\u00e3o \u00e9 compreender se, e como, esse cen\u00e1rio est\u00e1 tendo lugar no Brasil, principalmente no que tange \u00e0 <strong>Gest\u00e3o Escolar<\/strong>.<\/p>\n<\/div>\n<\/div>\n<\/div>\n<p><strong>Certificado de 120 Horas\/Aula<\/strong><\/p>\n<p style=\"text-align: center;\" align=\"justify\"><span style=\"color: #339966;\"><strong>AO PAGAR O CURSO, VOC\u00ca EST\u00c1 DE ACORDO COM O SEGUINTE TERMO<\/strong><\/span><\/p>\n<p align=\"justify\"><img loading=\"lazy\" decoding=\"async\" class=\"size-full wp-image-20793 aligncenter\" src=\"https:\/\/iefc.com.br\/wp-content\/uploads\/2020\/04\/Acordo-on-line-iEFC-12000.jpg\" alt=\"\" width=\"720\" height=\"978\" srcset=\"https:\/\/i0.wp.com\/iefc.com.br\/wp-content\/uploads\/2020\/04\/Acordo-on-line-iEFC-12000.jpg?w=720&amp;ssl=1 720w, https:\/\/i0.wp.com\/iefc.com.br\/wp-content\/uploads\/2020\/04\/Acordo-on-line-iEFC-12000.jpg?resize=221%2C300&amp;ssl=1 221w, https:\/\/i0.wp.com\/iefc.com.br\/wp-content\/uploads\/2020\/04\/Acordo-on-line-iEFC-12000.jpg?resize=300%2C408&amp;ssl=1 300w, https:\/\/i0.wp.com\/iefc.com.br\/wp-content\/uploads\/2020\/04\/Acordo-on-line-iEFC-12000.jpg?resize=600%2C815&amp;ssl=1 600w\" sizes=\"auto, (max-width: 720px) 100vw, 720px\" \/><\/p>\n<p><a href=\"https:\/\/iefc.com.br\/wp-content\/uploads\/2020\/04\/Acordo-on-line-iEFC-12000.pdf\" target=\"_blank\" rel=\"noopener noreferrer\"><img loading=\"lazy\" decoding=\"async\" class=\"aligncenter wp-image-20501\" src=\"https:\/\/iefc.com.br\/wp-content\/uploads\/2020\/03\/bot_pdf.jpg\" alt=\"\" width=\"399\" height=\"61\" srcset=\"https:\/\/i0.wp.com\/iefc.com.br\/wp-content\/uploads\/2020\/03\/bot_pdf.jpg?w=635&amp;ssl=1 635w, https:\/\/i0.wp.com\/iefc.com.br\/wp-content\/uploads\/2020\/03\/bot_pdf.jpg?resize=300%2C46&amp;ssl=1 300w, https:\/\/i0.wp.com\/iefc.com.br\/wp-content\/uploads\/2020\/03\/bot_pdf.jpg?resize=600%2C92&amp;ssl=1 600w\" sizes=\"auto, (max-width: 399px) 100vw, 399px\" \/><br \/>\n<\/a><\/p>\n<p><span style=\"color: #0000ff;\"><strong>CERTIFICA\u00c7\u00c3O MEDIANTE PAGAMENTO<\/strong><\/span><\/p>\n","protected":false},"featured_media":22859,"comment_status":"open","ping_status":"closed","template":"","meta":{"_bbp_topic_count":0,"_bbp_reply_count":0,"_bbp_total_topic_count":0,"_bbp_total_reply_count":0,"_bbp_voice_count":0,"_bbp_anonymous_reply_count":0,"_bbp_topic_count_hidden":0,"_bbp_reply_count_hidden":0,"_bbp_forum_subforum_count":0,"content-type":"","pmpro_default_level":"","jetpack_publicize_message":"","jetpack_publicize_feature_enabled":true,"jetpack_social_post_already_shared":true,"jetpack_social_options":{"image_generator_settings":{"template":"highway","default_image_id":0,"font":"","enabled":false},"version":2}},"product_brand":[],"product_cat":[128,122,134,182],"product_tag":[177,183,215],"class_list":{"0":"post-22858","1":"product","2":"type-product","3":"status-publish","4":"has-post-thumbnail","6":"product_cat-atualidades","7":"product_cat-curso","8":"product_cat-curso-rapido","9":"product_cat-ead","10":"product_tag-covid-19","11":"product_tag-ead","12":"product_tag-gestao-escolar","13":"pmpro-has-access","15":"first","16":"instock","17":"sold-individually","18":"shipping-taxable","19":"purchasable","20":"product-type-simple"},"aioseo_notices":[],"jetpack_publicize_connections":[],"jetpack_sharing_enabled":true,"_links":{"self":[{"href":"https:\/\/iefc.com.br\/index.php\/wp-json\/wp\/v2\/product\/22858","targetHints":{"allow":["GET"]}}],"collection":[{"href":"https:\/\/iefc.com.br\/index.php\/wp-json\/wp\/v2\/product"}],"about":[{"href":"https:\/\/iefc.com.br\/index.php\/wp-json\/wp\/v2\/types\/product"}],"replies":[{"embeddable":true,"href":"https:\/\/iefc.com.br\/index.php\/wp-json\/wp\/v2\/comments?post=22858"}],"wp:featuredmedia":[{"embeddable":true,"href":"https:\/\/iefc.com.br\/index.php\/wp-json\/wp\/v2\/media\/22859"}],"wp:attachment":[{"href":"https:\/\/iefc.com.br\/index.php\/wp-json\/wp\/v2\/media?parent=22858"}],"wp:term":[{"taxonomy":"product_brand","embeddable":true,"href":"https:\/\/iefc.com.br\/index.php\/wp-json\/wp\/v2\/product_brand?post=22858"},{"taxonomy":"product_cat","embeddable":true,"href":"https:\/\/iefc.com.br\/index.php\/wp-json\/wp\/v2\/product_cat?post=22858"},{"taxonomy":"product_tag","embeddable":true,"href":"https:\/\/iefc.com.br\/index.php\/wp-json\/wp\/v2\/product_tag?post=22858"}],"curies":[{"name":"wp","href":"https:\/\/api.w.org\/{rel}","templated":true}]}}