{"id":22860,"date":"2021-01-18T19:31:11","date_gmt":"2021-01-18T22:31:11","guid":{"rendered":"https:\/\/iefc.com.br\/?post_type=product&#038;p=22860"},"modified":"2021-01-18T19:37:17","modified_gmt":"2021-01-18T22:37:17","slug":"c202","status":"publish","type":"product","link":"https:\/\/iefc.com.br\/index.php\/produto\/c202\/","title":{"rendered":"Parecer Social e Relat\u00f3rio Social na Assist\u00eancia Social #C202D02"},"content":{"rendered":"","protected":false},"excerpt":{"rendered":"<div class=\"page\" title=\"Page 2\">\n<div class=\"section\">\n<div class=\"layoutArea\">\n<div class=\"column\">\n<p>Considerados instrumentos de trabalho do Assistente Social, Relat\u00f3rio, <strong>Parecer e Laudo Social<\/strong> costumam gerar confus\u00e3o no momento em que o profissional precisa decidir por qual deles utilizar. E ainda existem o Estudo e a Per\u00edcia Social que, tamb\u00e9m, geram d\u00favidas.<br \/>\nApesar de parecerem semelhantes, cada uma dessas ferramentas possuem suas especificidades. Somadas, comp\u00f5em a metodologia de trabalho do assistente social e ajudam a aprimorar os meios de interven\u00e7\u00e3o e, em consequ\u00eancia, o enfrentamento das quest\u00f5es sociais.<br \/>\nConforme o Art. 4\u00ba da Lei 8.662\/93, uma das principais compet\u00eancias do assistente social \u00e9:<br \/>\n\u201cRealizar estudos s\u00f3cio-econ\u00f4micos com os usu\u00e1rios para fins de benef\u00edcios e servi\u00e7os sociais junto a \u00f3rg\u00e3os da administra\u00e7\u00e3o p\u00fablica direta e indireta, empresas privadas e outras entidades\u201d.<br \/>\nDa mesma forma, conforme o Art. 5\u00ba da mesma lei, algumas de suas atribui\u00e7\u00f5es fundamentais s\u00e3o:<br \/>\n\u201cVistorias, per\u00edcias t\u00e9cnicas, laudos periciais, informa\u00e7\u00f5es e pareceres sobre a mat\u00e9ria de Servi\u00e7o Social\u201d.<br \/>\nPortanto, a ess\u00eancia de seu trabalho \u00e9 elaborar estudos, diagn\u00f3sticos e interven\u00e7\u00f5es por meio de observa\u00e7\u00e3o, entrevista, registro e acompanhamento. Por isso, a compreens\u00e3o de cada instrumento t\u00e9cnico \u00e9 importante.<br \/>\nApesar de o assistente social, conforme o C\u00f3digo de \u00c9tica da profiss\u00e3o, ter a liberdade de adotar os procedimentos que achar mais interessante para cada caso, \u00e9 fundamental que saiba a diferen\u00e7a entre cada ferramenta de trabalho para, com isso, aperfei\u00e7oar seus m\u00e9todos e obter resultados mais expressivos.<\/p>\n<\/div>\n<\/div>\n<\/div>\n<\/div>\n<p style=\"text-align: center;\" align=\"justify\"><span style=\"color: #339966;\"><strong>AO PAGAR O CURSO, VOC\u00ca EST\u00c1 DE ACORDO COM O SEGUINTE TERMO<\/strong><\/span><\/p>\n<p align=\"justify\"><img loading=\"lazy\" decoding=\"async\" class=\"size-full wp-image-20795 aligncenter\" src=\"https:\/\/iefc.com.br\/wp-content\/uploads\/2020\/03\/Acordo-on-line-iEFC-10000.jpg\" alt=\"\" width=\"720\" height=\"978\" srcset=\"https:\/\/i0.wp.com\/iefc.com.br\/wp-content\/uploads\/2020\/03\/Acordo-on-line-iEFC-10000.jpg?w=720&amp;ssl=1 720w, https:\/\/i0.wp.com\/iefc.com.br\/wp-content\/uploads\/2020\/03\/Acordo-on-line-iEFC-10000.jpg?resize=221%2C300&amp;ssl=1 221w, https:\/\/i0.wp.com\/iefc.com.br\/wp-content\/uploads\/2020\/03\/Acordo-on-line-iEFC-10000.jpg?resize=300%2C408&amp;ssl=1 300w, https:\/\/i0.wp.com\/iefc.com.br\/wp-content\/uploads\/2020\/03\/Acordo-on-line-iEFC-10000.jpg?resize=600%2C815&amp;ssl=1 600w\" sizes=\"auto, (max-width: 720px) 100vw, 720px\" \/><a href=\"https:\/\/iefc.com.br\/wp-content\/uploads\/2020\/03\/Acordo-on-line-iEFC-10000.pdf\" target=\"_blank\" rel=\"noopener noreferrer\"><img loading=\"lazy\" decoding=\"async\" class=\"aligncenter wp-image-20501\" src=\"https:\/\/iefc.com.br\/wp-content\/uploads\/2020\/03\/bot_pdf.jpg\" alt=\"\" width=\"399\" height=\"61\" srcset=\"https:\/\/i0.wp.com\/iefc.com.br\/wp-content\/uploads\/2020\/03\/bot_pdf.jpg?w=635&amp;ssl=1 635w, https:\/\/i0.wp.com\/iefc.com.br\/wp-content\/uploads\/2020\/03\/bot_pdf.jpg?resize=300%2C46&amp;ssl=1 300w, https:\/\/i0.wp.com\/iefc.com.br\/wp-content\/uploads\/2020\/03\/bot_pdf.jpg?resize=600%2C92&amp;ssl=1 600w\" sizes=\"auto, (max-width: 399px) 100vw, 399px\" \/><\/a><\/p>\n","protected":false},"featured_media":22861,"comment_status":"open","ping_status":"closed","template":"","meta":{"_bbp_topic_count":0,"_bbp_reply_count":0,"_bbp_total_topic_count":0,"_bbp_total_reply_count":0,"_bbp_voice_count":0,"_bbp_anonymous_reply_count":0,"_bbp_topic_count_hidden":0,"_bbp_reply_count_hidden":0,"_bbp_forum_subforum_count":0,"content-type":"","pmpro_default_level":"","jetpack_publicize_message":"","jetpack_publicize_feature_enabled":true,"jetpack_social_post_already_shared":true,"jetpack_social_options":{"image_generator_settings":{"template":"highway","default_image_id":0,"font":"","enabled":false},"version":2}},"product_brand":[],"product_cat":[128,122,182,202],"product_tag":[183,162],"class_list":{"0":"post-22860","1":"product","2":"type-product","3":"status-publish","4":"has-post-thumbnail","6":"product_cat-atualidades","7":"product_cat-curso","8":"product_cat-ead","9":"product_cat-servico-social","10":"product_tag-ead","11":"product_tag-servico-social","12":"pmpro-has-access","14":"first","15":"instock","16":"sold-individually","17":"shipping-taxable","18":"purchasable","19":"product-type-simple"},"aioseo_notices":[],"jetpack_publicize_connections":[],"jetpack_sharing_enabled":true,"_links":{"self":[{"href":"https:\/\/iefc.com.br\/index.php\/wp-json\/wp\/v2\/product\/22860","targetHints":{"allow":["GET"]}}],"collection":[{"href":"https:\/\/iefc.com.br\/index.php\/wp-json\/wp\/v2\/product"}],"about":[{"href":"https:\/\/iefc.com.br\/index.php\/wp-json\/wp\/v2\/types\/product"}],"replies":[{"embeddable":true,"href":"https:\/\/iefc.com.br\/index.php\/wp-json\/wp\/v2\/comments?post=22860"}],"wp:featuredmedia":[{"embeddable":true,"href":"https:\/\/iefc.com.br\/index.php\/wp-json\/wp\/v2\/media\/22861"}],"wp:attachment":[{"href":"https:\/\/iefc.com.br\/index.php\/wp-json\/wp\/v2\/media?parent=22860"}],"wp:term":[{"taxonomy":"product_brand","embeddable":true,"href":"https:\/\/iefc.com.br\/index.php\/wp-json\/wp\/v2\/product_brand?post=22860"},{"taxonomy":"product_cat","embeddable":true,"href":"https:\/\/iefc.com.br\/index.php\/wp-json\/wp\/v2\/product_cat?post=22860"},{"taxonomy":"product_tag","embeddable":true,"href":"https:\/\/iefc.com.br\/index.php\/wp-json\/wp\/v2\/product_tag?post=22860"}],"curies":[{"name":"wp","href":"https:\/\/api.w.org\/{rel}","templated":true}]}}