{"id":22864,"date":"2021-01-18T19:53:27","date_gmt":"2021-01-18T22:53:27","guid":{"rendered":"https:\/\/iefc.com.br\/?post_type=product&#038;p=22864"},"modified":"2021-01-18T19:59:28","modified_gmt":"2021-01-18T22:59:28","slug":"f004","status":"publish","type":"product","link":"https:\/\/iefc.com.br\/index.php\/produto\/f004\/","title":{"rendered":"B.N.C.C. Ensino Fundamental Anos Finais #F004D02"},"content":{"rendered":"","protected":false},"excerpt":{"rendered":"<div class=\"page\" title=\"Page 2\">\n<div class=\"section\">\n<div class=\"layoutArea\">\n<div class=\"column\">\n<p>Os <strong>Anos Finais<\/strong> do Ensino Fundamental\u00a0(que compreende do 6\u00ba ao 9\u00ba ano)\u00a0\u00e9 o per\u00edodo\u00a0no\u00a0qual se aprofundam\u00a0os\u00a0conhecimentos introduzidos nos Anos\u00a0Iniciais\u00a0e prepara-se o aluno para o Ensino M\u00e9dio.\u00a0Nessa etapa escolar, a Base Nacional Comum Curricular acredita que\u00a0\u201cos estudantes se deparam com desafios de maior complexidade, sobretudo devido \u00e0 necessidade de se apropriarem das diferentes l\u00f3gicas de organiza\u00e7\u00e3o dos conhecimentos relacionados \u00e0s \u00e1reas\u201d.\u00a0Dessa forma, a recomenda\u00e7\u00e3o da BNCC \u00e9 que se retome e ressignifique as aprendizagens do Ensino Fundamental \u2013 Anos Iniciais, visando ao aprofundamento e o aumento de repert\u00f3rios dos estudantes.<br \/>\nOs alunos dessa fase inserem-se em uma faixa et\u00e1ria que corresponde \u00e0\u202ftransi\u00e7\u00e3o entre inf\u00e2ncia e adolesc\u00eancia.\u202fNesse momento,\u00a0implica-se a compreens\u00e3o do adolescente como sujeito em desenvolvimento, estimulando\u00a0quest\u00f5es de independ\u00eancia, responsabilidade e protagonismo juvenil.<br \/>\nNessa etapa de escolariza\u00e7\u00e3o, os educadores podem contribuir para\u00a0o planejamento do projeto de vida dos estudantes, estabelecendo uma articula\u00e7\u00e3o n\u00e3o somente com os anseios desses jovens em rela\u00e7\u00e3o ao seu futuro, mas tamb\u00e9m com a continuidade dos estudos na etapa seguinte da Educa\u00e7\u00e3o B\u00e1sica, o Ensino M\u00e9dio.<\/p>\n<\/div>\n<\/div>\n<\/div>\n<\/div>\n<p style=\"text-align: center;\" align=\"justify\"><span style=\"color: #339966;\"><strong>AO PAGAR O CURSO, VOC\u00ca EST\u00c1 DE ACORDO COM O SEGUINTE TERMO<\/strong><\/span><\/p>\n<p align=\"justify\"><a href=\"https:\/\/iefc.com.br\/wp-content\/uploads\/2021\/01\/Acordo-on-line-iEFC-6000.jpg\"><img loading=\"lazy\" decoding=\"async\" class=\"alignnone wp-image-22765 size-full\" src=\"https:\/\/iefc.com.br\/wp-content\/uploads\/2021\/01\/Acordo-on-line-iEFC-6000.jpg\" alt=\"\" width=\"720\" height=\"978\" srcset=\"https:\/\/i0.wp.com\/iefc.com.br\/wp-content\/uploads\/2021\/01\/Acordo-on-line-iEFC-6000.jpg?w=720&amp;ssl=1 720w, https:\/\/i0.wp.com\/iefc.com.br\/wp-content\/uploads\/2021\/01\/Acordo-on-line-iEFC-6000.jpg?resize=221%2C300&amp;ssl=1 221w, https:\/\/i0.wp.com\/iefc.com.br\/wp-content\/uploads\/2021\/01\/Acordo-on-line-iEFC-6000.jpg?resize=300%2C408&amp;ssl=1 300w, https:\/\/i0.wp.com\/iefc.com.br\/wp-content\/uploads\/2021\/01\/Acordo-on-line-iEFC-6000.jpg?resize=600%2C815&amp;ssl=1 600w\" sizes=\"auto, (max-width: 720px) 100vw, 720px\" \/><\/a><a href=\"https:\/\/iefc.com.br\/wp-content\/uploads\/2020\/03\/Acordo-on-line-iEFC-6000.pdf\" target=\"_blank\" rel=\"noopener noreferrer\"><img loading=\"lazy\" decoding=\"async\" class=\"aligncenter wp-image-20501\" src=\"https:\/\/iefc.com.br\/wp-content\/uploads\/2020\/03\/bot_pdf.jpg\" alt=\"\" width=\"399\" height=\"61\" srcset=\"https:\/\/i0.wp.com\/iefc.com.br\/wp-content\/uploads\/2020\/03\/bot_pdf.jpg?w=635&amp;ssl=1 635w, https:\/\/i0.wp.com\/iefc.com.br\/wp-content\/uploads\/2020\/03\/bot_pdf.jpg?resize=300%2C46&amp;ssl=1 300w, https:\/\/i0.wp.com\/iefc.com.br\/wp-content\/uploads\/2020\/03\/bot_pdf.jpg?resize=600%2C92&amp;ssl=1 600w\" sizes=\"auto, (max-width: 399px) 100vw, 399px\" \/><\/a><\/p>\n","protected":false},"featured_media":22865,"comment_status":"open","ping_status":"closed","template":"","meta":{"_bbp_topic_count":0,"_bbp_reply_count":0,"_bbp_total_topic_count":0,"_bbp_total_reply_count":0,"_bbp_voice_count":0,"_bbp_anonymous_reply_count":0,"_bbp_topic_count_hidden":0,"_bbp_reply_count_hidden":0,"_bbp_forum_subforum_count":0,"content-type":"","pmpro_default_level":"","jetpack_publicize_message":"","jetpack_publicize_feature_enabled":true,"jetpack_social_post_already_shared":true,"jetpack_social_options":{"image_generator_settings":{"template":"highway","default_image_id":0,"font":"","enabled":false},"version":2}},"product_brand":[],"product_cat":[148,141,122,134,182,136],"product_tag":[143,142,183,221],"class_list":{"0":"post-22864","1":"product","2":"type-product","3":"status-publish","4":"has-post-thumbnail","6":"product_cat-anos-finais","7":"product_cat-bncc","8":"product_cat-curso","9":"product_cat-curso-rapido","10":"product_cat-ead","11":"product_cat-psicopedagogia","12":"product_tag-anos-finais","13":"product_tag-bncc","14":"product_tag-ead","15":"product_tag-ensino-fundamental","16":"pmpro-has-access","18":"first","19":"instock","20":"sold-individually","21":"shipping-taxable","22":"purchasable","23":"product-type-simple"},"aioseo_notices":[],"jetpack_publicize_connections":[],"jetpack_sharing_enabled":true,"_links":{"self":[{"href":"https:\/\/iefc.com.br\/index.php\/wp-json\/wp\/v2\/product\/22864","targetHints":{"allow":["GET"]}}],"collection":[{"href":"https:\/\/iefc.com.br\/index.php\/wp-json\/wp\/v2\/product"}],"about":[{"href":"https:\/\/iefc.com.br\/index.php\/wp-json\/wp\/v2\/types\/product"}],"replies":[{"embeddable":true,"href":"https:\/\/iefc.com.br\/index.php\/wp-json\/wp\/v2\/comments?post=22864"}],"wp:featuredmedia":[{"embeddable":true,"href":"https:\/\/iefc.com.br\/index.php\/wp-json\/wp\/v2\/media\/22865"}],"wp:attachment":[{"href":"https:\/\/iefc.com.br\/index.php\/wp-json\/wp\/v2\/media?parent=22864"}],"wp:term":[{"taxonomy":"product_brand","embeddable":true,"href":"https:\/\/iefc.com.br\/index.php\/wp-json\/wp\/v2\/product_brand?post=22864"},{"taxonomy":"product_cat","embeddable":true,"href":"https:\/\/iefc.com.br\/index.php\/wp-json\/wp\/v2\/product_cat?post=22864"},{"taxonomy":"product_tag","embeddable":true,"href":"https:\/\/iefc.com.br\/index.php\/wp-json\/wp\/v2\/product_tag?post=22864"}],"curies":[{"name":"wp","href":"https:\/\/api.w.org\/{rel}","templated":true}]}}