{"id":22866,"date":"2021-01-18T20:04:59","date_gmt":"2021-01-18T23:04:59","guid":{"rendered":"https:\/\/iefc.com.br\/?post_type=product&#038;p=22866"},"modified":"2021-01-18T20:44:52","modified_gmt":"2021-01-18T23:44:52","slug":"f009","status":"publish","type":"product","link":"https:\/\/iefc.com.br\/index.php\/produto\/f009\/","title":{"rendered":"Planejamento e Curr\u00edculo Alinhados \u00e0 BNCC e ao D.C.T.MA com o Olhar sobre a Educa\u00e7\u00e3o Especial Anos Iniciais #F009D02"},"content":{"rendered":"","protected":false},"excerpt":{"rendered":"<div class=\"page\" title=\"Page 2\">\n<div class=\"section\">\n<div class=\"layoutArea\">\n<div class=\"column\">\n<p>No Brasil, h\u00e1 d\u00e9cadas a luta pela inclus\u00e3o da pessoa com defici\u00eancia na classe regular de ensino vem somando conquistas. Desde a promulga\u00e7\u00e3o da Carta Magna do pa\u00eds (CF 1988, art. 208), e da aprova- \u00e7\u00e3o da LDB (1996), a tem\u00e1tica da educa\u00e7\u00e3o especial tem sido focalizada pela legisla\u00e7\u00e3o. Foi, contudo, com a cria\u00e7\u00e3o do Estatuto da Pessoa com Defici\u00eancia (2015) que se intensificou na pr\u00e1tica a pol\u00edtica educacional inclusiva. Com a efetiva\u00e7\u00e3o desta pol\u00edtica, torna-se necess\u00e1rio que professores dominem bem os conceitos inclusivistas para que possam ser sujeitos ativos na constru\u00e7\u00e3o da sociedade que se busca, uma sociedade para todas as pessoas, independentemente de sua defici\u00eancia, de sua cor, idade, g\u00eanero ou qualquer outro atributo pessoal.<br \/>\nA luta pela inclus\u00e3o permeia diversos segmentos da sociedade brasileira. As pessoas com defici\u00eancia representam um grupo de exclu\u00eddos que historicamente tem se organizado pela busca de possibilidades de valoriza\u00e7\u00e3o pessoal e social e de supera\u00e7\u00e3o. Tal segmento, que sempre fez parte da categoria dos exclu\u00eddos sociais, vem conquistando espa\u00e7o e tamb\u00e9m o reconhecimento como pessoas detentoras de direitos. Como consequ\u00eancia dessas lutas, foram criadas leis e pol\u00edticas para assegurar acesso e perma- n\u00eancia da pessoa com defici\u00eancia nos espa\u00e7os escolares, cabendo a cada rede de ensino garantir tais direitos, oferecendo, al\u00e9m de ensino regular, o acompanhamento especializado. O estado do Maranh\u00e3o insere a inclus\u00e3o em sua proposta curricular, primando por contribuir no avan\u00e7o destes direitos.<br \/>\nA educa\u00e7\u00e3o inclusiva implica uma possibilidade legal de educa\u00e7\u00e3o para todos, uma educa\u00e7\u00e3o que tem como objetivo reverter a exclus\u00e3o, criando condi\u00e7\u00f5es, estruturas e espa\u00e7os que deem conta de atender o estudante com necessidades especiais. Para tanto, \u00e9 necess\u00e1rio, antes de tudo, uma transforma\u00e7\u00e3o na postura, nas atitudes e na mentalidade dos professores e de toda comunidade escolar, de tal forma que estes aprendam prioritariamente a lidar e a conviver com as diferen\u00e7as. Um espa\u00e7o educacional que tem isso muito bem estabelecido oferece toda a condi\u00e7\u00e3o de realizar a inclus\u00e3o.<\/p>\n<\/div>\n<\/div>\n<\/div>\n<\/div>\n<p style=\"text-align: center;\" align=\"justify\"><span style=\"color: #339966;\"><strong>AO PAGAR O CURSO, VOC\u00ca EST\u00c1 DE ACORDO COM O SEGUINTE TERMO<\/strong><\/span><\/p>\n<p align=\"justify\"><a href=\"https:\/\/iefc.com.br\/wp-content\/uploads\/2021\/01\/Acordo-on-line-iEFC-4000.jpg\"><img loading=\"lazy\" decoding=\"async\" class=\"wp-image-22767 size-full aligncenter\" src=\"https:\/\/iefc.com.br\/wp-content\/uploads\/2021\/01\/Acordo-on-line-iEFC-4000.jpg\" alt=\"\" width=\"681\" height=\"944\" srcset=\"https:\/\/i0.wp.com\/iefc.com.br\/wp-content\/uploads\/2021\/01\/Acordo-on-line-iEFC-4000.jpg?w=681&amp;ssl=1 681w, https:\/\/i0.wp.com\/iefc.com.br\/wp-content\/uploads\/2021\/01\/Acordo-on-line-iEFC-4000.jpg?resize=216%2C300&amp;ssl=1 216w, https:\/\/i0.wp.com\/iefc.com.br\/wp-content\/uploads\/2021\/01\/Acordo-on-line-iEFC-4000.jpg?resize=300%2C416&amp;ssl=1 300w, https:\/\/i0.wp.com\/iefc.com.br\/wp-content\/uploads\/2021\/01\/Acordo-on-line-iEFC-4000.jpg?resize=600%2C832&amp;ssl=1 600w\" sizes=\"auto, (max-width: 681px) 100vw, 681px\" \/><\/a><a href=\"https:\/\/iefc.com.br\/wp-content\/uploads\/2021\/01\/Acordo-on-line-iEFC-4000.pdf\" target=\"_blank\" rel=\"noopener noreferrer\"><img loading=\"lazy\" decoding=\"async\" class=\"aligncenter wp-image-20501\" src=\"https:\/\/iefc.com.br\/wp-content\/uploads\/2020\/03\/bot_pdf.jpg\" alt=\"\" width=\"399\" height=\"61\" srcset=\"https:\/\/i0.wp.com\/iefc.com.br\/wp-content\/uploads\/2020\/03\/bot_pdf.jpg?w=635&amp;ssl=1 635w, https:\/\/i0.wp.com\/iefc.com.br\/wp-content\/uploads\/2020\/03\/bot_pdf.jpg?resize=300%2C46&amp;ssl=1 300w, https:\/\/i0.wp.com\/iefc.com.br\/wp-content\/uploads\/2020\/03\/bot_pdf.jpg?resize=600%2C92&amp;ssl=1 600w\" sizes=\"auto, (max-width: 399px) 100vw, 399px\" \/><\/a><\/p>\n","protected":false},"featured_media":22869,"comment_status":"open","ping_status":"closed","template":"","meta":{"_bbp_topic_count":0,"_bbp_reply_count":0,"_bbp_total_topic_count":0,"_bbp_total_reply_count":0,"_bbp_voice_count":0,"_bbp_anonymous_reply_count":0,"_bbp_topic_count_hidden":0,"_bbp_reply_count_hidden":0,"_bbp_forum_subforum_count":0,"content-type":"","pmpro_default_level":"","jetpack_publicize_message":"","jetpack_publicize_feature_enabled":true,"jetpack_social_post_already_shared":true,"jetpack_social_options":{"image_generator_settings":{"template":"highway","default_image_id":0,"font":"","enabled":false},"version":2}},"product_brand":[],"product_cat":[146,141,122,134,182,123,136],"product_tag":[147,142,183,127],"class_list":{"0":"post-22866","1":"product","2":"type-product","3":"status-publish","4":"has-post-thumbnail","6":"product_cat-anos-iniciais","7":"product_cat-bncc","8":"product_cat-curso","9":"product_cat-curso-rapido","10":"product_cat-ead","11":"product_cat-educacao-especial","12":"product_cat-psicopedagogia","13":"product_tag-anos-iniciais","14":"product_tag-bncc","15":"product_tag-ead","16":"product_tag-educacao-especial","17":"pmpro-has-access","19":"first","20":"instock","21":"sold-individually","22":"shipping-taxable","23":"purchasable","24":"product-type-simple"},"aioseo_notices":[],"jetpack_publicize_connections":[],"jetpack_sharing_enabled":true,"_links":{"self":[{"href":"https:\/\/iefc.com.br\/index.php\/wp-json\/wp\/v2\/product\/22866","targetHints":{"allow":["GET"]}}],"collection":[{"href":"https:\/\/iefc.com.br\/index.php\/wp-json\/wp\/v2\/product"}],"about":[{"href":"https:\/\/iefc.com.br\/index.php\/wp-json\/wp\/v2\/types\/product"}],"replies":[{"embeddable":true,"href":"https:\/\/iefc.com.br\/index.php\/wp-json\/wp\/v2\/comments?post=22866"}],"wp:featuredmedia":[{"embeddable":true,"href":"https:\/\/iefc.com.br\/index.php\/wp-json\/wp\/v2\/media\/22869"}],"wp:attachment":[{"href":"https:\/\/iefc.com.br\/index.php\/wp-json\/wp\/v2\/media?parent=22866"}],"wp:term":[{"taxonomy":"product_brand","embeddable":true,"href":"https:\/\/iefc.com.br\/index.php\/wp-json\/wp\/v2\/product_brand?post=22866"},{"taxonomy":"product_cat","embeddable":true,"href":"https:\/\/iefc.com.br\/index.php\/wp-json\/wp\/v2\/product_cat?post=22866"},{"taxonomy":"product_tag","embeddable":true,"href":"https:\/\/iefc.com.br\/index.php\/wp-json\/wp\/v2\/product_tag?post=22866"}],"curies":[{"name":"wp","href":"https:\/\/api.w.org\/{rel}","templated":true}]}}