{"id":22885,"date":"2021-06-18T11:48:13","date_gmt":"2021-06-18T14:48:13","guid":{"rendered":"https:\/\/iefc.com.br\/?post_type=product&#038;p=22885"},"modified":"2021-06-18T11:51:59","modified_gmt":"2021-06-18T14:51:59","slug":"c007","status":"publish","type":"product","link":"https:\/\/iefc.com.br\/index.php\/produto\/c007\/","title":{"rendered":"Educa\u00e7\u00e3o do Futuro: Personaliza\u00e7\u00e3o, Cultural Maker e Tecnologia na Educa\u00e7\u00e3o #C007D02"},"content":{"rendered":"","protected":false},"excerpt":{"rendered":"<div class=\"page\" title=\"Page 2\">\n<div class=\"section\">\n<div class=\"layoutArea\">\n<div class=\"column\">\n<p>Diante de novas tecnologias que surgem a todo momento, promover o aprendizado eficiente e atrativo para crian\u00e7as e jovens tem sido um dos grandes desafios das escolas. Afinal, ir da potencializa\u00e7\u00e3o dos estudos at\u00e9 a perda de foco n\u00e3o \u00e9 muito dif\u00edcil. Por essa raz\u00e3o, buscar maneiras de incentiv\u00e1-los nessa jornada \u00e9 essencial. A <strong><a href=\"https:\/\/blog.elevaplataforma.com.brcultura-maker\/\" target=\"_blank\" rel=\"noopener noreferrer\">Cultura Maker<\/a> <\/strong>aparece nesse cen\u00e1rio educativo como uma importante aliada.<\/p>\n<\/div>\n<\/div>\n<\/div>\n<\/div>\n<p style=\"text-align: center;\" align=\"justify\"><span style=\"color: #339966;\"><strong>AO PAGAR O CURSO, VOC\u00ca EST\u00c1 DE ACORDO COM O SEGUINTE TERMO<\/strong><\/span><\/p>\n<p align=\"justify\"><img loading=\"lazy\" decoding=\"async\" class=\"size-full wp-image-20795 aligncenter\" src=\"https:\/\/iefc.com.br\/wp-content\/uploads\/2020\/03\/Acordo-on-line-iEFC-10000.jpg\" alt=\"\" width=\"720\" height=\"978\" srcset=\"https:\/\/i0.wp.com\/iefc.com.br\/wp-content\/uploads\/2020\/03\/Acordo-on-line-iEFC-10000.jpg?w=720&amp;ssl=1 720w, https:\/\/i0.wp.com\/iefc.com.br\/wp-content\/uploads\/2020\/03\/Acordo-on-line-iEFC-10000.jpg?resize=221%2C300&amp;ssl=1 221w, https:\/\/i0.wp.com\/iefc.com.br\/wp-content\/uploads\/2020\/03\/Acordo-on-line-iEFC-10000.jpg?resize=300%2C408&amp;ssl=1 300w, https:\/\/i0.wp.com\/iefc.com.br\/wp-content\/uploads\/2020\/03\/Acordo-on-line-iEFC-10000.jpg?resize=600%2C815&amp;ssl=1 600w\" sizes=\"auto, (max-width: 720px) 100vw, 720px\" \/><a href=\"https:\/\/iefc.com.br\/wp-content\/uploads\/2020\/03\/Acordo-on-line-iEFC-10000.pdf\" target=\"_blank\" rel=\"noopener noreferrer\"><img loading=\"lazy\" decoding=\"async\" class=\"aligncenter wp-image-20501\" src=\"https:\/\/iefc.com.br\/wp-content\/uploads\/2020\/03\/bot_pdf.jpg\" alt=\"\" width=\"399\" height=\"61\" srcset=\"https:\/\/i0.wp.com\/iefc.com.br\/wp-content\/uploads\/2020\/03\/bot_pdf.jpg?w=635&amp;ssl=1 635w, https:\/\/i0.wp.com\/iefc.com.br\/wp-content\/uploads\/2020\/03\/bot_pdf.jpg?resize=300%2C46&amp;ssl=1 300w, https:\/\/i0.wp.com\/iefc.com.br\/wp-content\/uploads\/2020\/03\/bot_pdf.jpg?resize=600%2C92&amp;ssl=1 600w\" sizes=\"auto, (max-width: 399px) 100vw, 399px\" \/><\/a><\/p>\n","protected":false},"featured_media":22886,"comment_status":"open","ping_status":"closed","template":"","meta":{"_bbp_topic_count":0,"_bbp_reply_count":0,"_bbp_total_topic_count":0,"_bbp_total_reply_count":0,"_bbp_voice_count":0,"_bbp_anonymous_reply_count":0,"_bbp_topic_count_hidden":0,"_bbp_reply_count_hidden":0,"_bbp_forum_subforum_count":0,"content-type":"","pmpro_default_level":"","jetpack_publicize_message":"","jetpack_publicize_feature_enabled":true,"jetpack_social_post_already_shared":true,"jetpack_social_options":{"image_generator_settings":{"template":"highway","default_image_id":0,"font":"","enabled":false},"version":2}},"product_brand":[],"product_cat":[128,122,182],"product_tag":[183,137],"class_list":{"0":"post-22885","1":"product","2":"type-product","3":"status-publish","4":"has-post-thumbnail","6":"product_cat-atualidades","7":"product_cat-curso","8":"product_cat-ead","9":"product_tag-ead","10":"product_tag-psicopedagogia","11":"pmpro-has-access","13":"first","14":"instock","15":"sold-individually","16":"shipping-taxable","17":"purchasable","18":"product-type-simple"},"aioseo_notices":[],"jetpack_publicize_connections":[],"jetpack_sharing_enabled":true,"_links":{"self":[{"href":"https:\/\/iefc.com.br\/index.php\/wp-json\/wp\/v2\/product\/22885","targetHints":{"allow":["GET"]}}],"collection":[{"href":"https:\/\/iefc.com.br\/index.php\/wp-json\/wp\/v2\/product"}],"about":[{"href":"https:\/\/iefc.com.br\/index.php\/wp-json\/wp\/v2\/types\/product"}],"replies":[{"embeddable":true,"href":"https:\/\/iefc.com.br\/index.php\/wp-json\/wp\/v2\/comments?post=22885"}],"wp:featuredmedia":[{"embeddable":true,"href":"https:\/\/iefc.com.br\/index.php\/wp-json\/wp\/v2\/media\/22886"}],"wp:attachment":[{"href":"https:\/\/iefc.com.br\/index.php\/wp-json\/wp\/v2\/media?parent=22885"}],"wp:term":[{"taxonomy":"product_brand","embeddable":true,"href":"https:\/\/iefc.com.br\/index.php\/wp-json\/wp\/v2\/product_brand?post=22885"},{"taxonomy":"product_cat","embeddable":true,"href":"https:\/\/iefc.com.br\/index.php\/wp-json\/wp\/v2\/product_cat?post=22885"},{"taxonomy":"product_tag","embeddable":true,"href":"https:\/\/iefc.com.br\/index.php\/wp-json\/wp\/v2\/product_tag?post=22885"}],"curies":[{"name":"wp","href":"https:\/\/api.w.org\/{rel}","templated":true}]}}