{"id":22887,"date":"2021-06-18T11:55:04","date_gmt":"2021-06-18T14:55:04","guid":{"rendered":"https:\/\/iefc.com.br\/?post_type=product&#038;p=22887"},"modified":"2021-06-18T11:59:59","modified_gmt":"2021-06-18T14:59:59","slug":"c017d02","status":"publish","type":"product","link":"https:\/\/iefc.com.br\/index.php\/produto\/c017d02\/","title":{"rendered":"Ensino H\u00edbrido: O Papel do Professor no uso das Tecnologias Digitais #C017D02"},"content":{"rendered":"","protected":false},"excerpt":{"rendered":"<div class=\"page\" title=\"Page 15\">\n<div class=\"layoutArea\">\n<div class=\"column\">\n<p>Vivemos um momento em que muitas escolas e professores est\u00e3o aprendendo e se adaptando ao uso de ferramentas tecnol\u00f3gicas, enquanto seus alunos s\u00e3o nativos digitais. No entanto, para que essas tecnologias sejam utilizadas a favor da aprendizagem, faz-se necess\u00e1rio que novas pr\u00e1ticas de <strong>ensino h\u00edbrido<\/strong> sejam adotadas e que professores inovadores estimulem o senso cr\u00edtico dos seus alunos frente \u00e0 tanta informa\u00e7\u00e3o dispon\u00edvel na rede.<br \/>\nSabemos que n\u00e3o existe uma f\u00f3rmula m\u00e1gica para essa mudan\u00e7a, mas a tend\u00eancia \u00e9 que o ensino h\u00edbrido, tamb\u00e9m conhecido como <em><a href=\"https:\/\/www.edifyeducation.com.br\/blog\/tendencias-educacionais-para-a-proxima-decada\/\" target=\"_blank\" rel=\"noreferrer noopener\">blended learning<\/a>,<\/em> transforme essas tecnologias em apoio aos professores e, atrav\u00e9s de um ambiente de aprendizagem personalizado, formaremos <strong>alunos motivados e com uma vis\u00e3o mais cr\u00edtica do mundo.<\/strong><br \/>\nSe comparado a educa\u00e7\u00e3o tradicional, no<em> blended learning<\/em> o papel n\u00e3o s\u00f3 do professor como tamb\u00e9m dos alunos sofre mudan\u00e7as. E o envolvimento das tecnologias digitais nas aulas propiciam momentos de colabora\u00e7\u00e3o e intera\u00e7\u00e3o.<br \/>\nMuitos estudos v\u00eam se desenvolvendo acerca da integra\u00e7\u00e3o das tecnologias no universo escolar e, com o uso de tecnologias digitais, \u00e9 poss\u00edvel trazer o papel do professor no processo de ensino e aprendizagem virtual para diferentes situa\u00e7\u00f5es.<\/p>\n<\/div>\n<\/div>\n<\/div>\n<p><strong>Certificado de 120 Horas\/Aula<\/strong><\/p>\n<p style=\"text-align: center;\" align=\"justify\"><span style=\"color: #339966;\"><strong>AO PAGAR O CURSO, VOC\u00ca EST\u00c1 DE ACORDO COM O SEGUINTE TERMO<\/strong><\/span><\/p>\n<p align=\"justify\"><img loading=\"lazy\" decoding=\"async\" class=\"size-full wp-image-20793 aligncenter\" src=\"https:\/\/iefc.com.br\/wp-content\/uploads\/2020\/04\/Acordo-on-line-iEFC-12000.jpg\" alt=\"\" width=\"720\" height=\"978\" srcset=\"https:\/\/i0.wp.com\/iefc.com.br\/wp-content\/uploads\/2020\/04\/Acordo-on-line-iEFC-12000.jpg?w=720&amp;ssl=1 720w, https:\/\/i0.wp.com\/iefc.com.br\/wp-content\/uploads\/2020\/04\/Acordo-on-line-iEFC-12000.jpg?resize=221%2C300&amp;ssl=1 221w, https:\/\/i0.wp.com\/iefc.com.br\/wp-content\/uploads\/2020\/04\/Acordo-on-line-iEFC-12000.jpg?resize=300%2C408&amp;ssl=1 300w, https:\/\/i0.wp.com\/iefc.com.br\/wp-content\/uploads\/2020\/04\/Acordo-on-line-iEFC-12000.jpg?resize=600%2C815&amp;ssl=1 600w\" sizes=\"auto, (max-width: 720px) 100vw, 720px\" \/><\/p>\n<p><a href=\"https:\/\/iefc.com.br\/wp-content\/uploads\/2020\/04\/Acordo-on-line-iEFC-12000.pdf\" target=\"_blank\" rel=\"noopener noreferrer\"><img loading=\"lazy\" decoding=\"async\" class=\"aligncenter wp-image-20501\" src=\"https:\/\/iefc.com.br\/wp-content\/uploads\/2020\/03\/bot_pdf.jpg\" alt=\"\" width=\"399\" height=\"61\" srcset=\"https:\/\/i0.wp.com\/iefc.com.br\/wp-content\/uploads\/2020\/03\/bot_pdf.jpg?w=635&amp;ssl=1 635w, https:\/\/i0.wp.com\/iefc.com.br\/wp-content\/uploads\/2020\/03\/bot_pdf.jpg?resize=300%2C46&amp;ssl=1 300w, https:\/\/i0.wp.com\/iefc.com.br\/wp-content\/uploads\/2020\/03\/bot_pdf.jpg?resize=600%2C92&amp;ssl=1 600w\" sizes=\"auto, (max-width: 399px) 100vw, 399px\" \/><br \/>\n<\/a><\/p>\n<p><span style=\"color: #0000ff;\"><strong>CERTIFICA\u00c7\u00c3O MEDIANTE PAGAMENTO<\/strong><\/span><\/p>\n","protected":false},"featured_media":22888,"comment_status":"open","ping_status":"closed","template":"","meta":{"_bbp_topic_count":0,"_bbp_reply_count":0,"_bbp_total_topic_count":0,"_bbp_total_reply_count":0,"_bbp_voice_count":0,"_bbp_anonymous_reply_count":0,"_bbp_topic_count_hidden":0,"_bbp_reply_count_hidden":0,"_bbp_forum_subforum_count":0,"content-type":"","pmpro_default_level":"","jetpack_publicize_message":"","jetpack_publicize_feature_enabled":true,"jetpack_social_post_already_shared":true,"jetpack_social_options":{"image_generator_settings":{"template":"highway","default_image_id":0,"font":"","enabled":false},"version":2}},"product_brand":[],"product_cat":[128,122,134,182],"product_tag":[183,208],"class_list":{"0":"post-22887","1":"product","2":"type-product","3":"status-publish","4":"has-post-thumbnail","6":"product_cat-atualidades","7":"product_cat-curso","8":"product_cat-curso-rapido","9":"product_cat-ead","10":"product_tag-ead","11":"product_tag-ensino-hibrido","12":"pmpro-has-access","14":"first","15":"instock","16":"sold-individually","17":"shipping-taxable","18":"purchasable","19":"product-type-simple"},"aioseo_notices":[],"jetpack_publicize_connections":[],"jetpack_sharing_enabled":true,"_links":{"self":[{"href":"https:\/\/iefc.com.br\/index.php\/wp-json\/wp\/v2\/product\/22887","targetHints":{"allow":["GET"]}}],"collection":[{"href":"https:\/\/iefc.com.br\/index.php\/wp-json\/wp\/v2\/product"}],"about":[{"href":"https:\/\/iefc.com.br\/index.php\/wp-json\/wp\/v2\/types\/product"}],"replies":[{"embeddable":true,"href":"https:\/\/iefc.com.br\/index.php\/wp-json\/wp\/v2\/comments?post=22887"}],"wp:featuredmedia":[{"embeddable":true,"href":"https:\/\/iefc.com.br\/index.php\/wp-json\/wp\/v2\/media\/22888"}],"wp:attachment":[{"href":"https:\/\/iefc.com.br\/index.php\/wp-json\/wp\/v2\/media?parent=22887"}],"wp:term":[{"taxonomy":"product_brand","embeddable":true,"href":"https:\/\/iefc.com.br\/index.php\/wp-json\/wp\/v2\/product_brand?post=22887"},{"taxonomy":"product_cat","embeddable":true,"href":"https:\/\/iefc.com.br\/index.php\/wp-json\/wp\/v2\/product_cat?post=22887"},{"taxonomy":"product_tag","embeddable":true,"href":"https:\/\/iefc.com.br\/index.php\/wp-json\/wp\/v2\/product_tag?post=22887"}],"curies":[{"name":"wp","href":"https:\/\/api.w.org\/{rel}","templated":true}]}}