{"id":22896,"date":"2021-07-05T20:32:33","date_gmt":"2021-07-05T23:32:33","guid":{"rendered":"https:\/\/iefc.com.br\/?post_type=product&#038;p=22896"},"modified":"2022-10-03T11:10:45","modified_gmt":"2022-10-03T14:10:45","slug":"cpb01","status":"publish","type":"product","link":"https:\/\/iefc.com.br\/index.php\/produto\/cpb01\/","title":{"rendered":"Curso Profissional B\u00e1sico de B.N.C.C. &#8211; Base Nacional Comum Curricular #CPB01"},"content":{"rendered":"","protected":false},"excerpt":{"rendered":"<div class=\"page\" title=\"Page 15\">\n<div class=\"layoutArea\">\n<div class=\"column\">\n<p>A <a href=\"https:\/\/observatoriodeeducacao.institutounibanco.org.br\/cedoc\/detalhe\/base-nacional-comum-curricular-do-ensino-medio-bncc,a348fa7a-d14e-4264-bbc6-c28f083a37a4\" target=\"_blank\" rel=\"noopener\">Base Nacional Comum Curricular (BNCC)<\/a> \u00e9 um documento elaborado para orientar o ensino no Brasil, desde a Educa\u00e7\u00e3o Infantil at\u00e9 o Ensino M\u00e9dio. N\u00e3o se trata, contudo, de um modelo curricular pronto, com normativas espec\u00edficas, e sim de um guia orientador que estabelece os objetivos de aprendizagem correspondentes a cada etapa escolar, considerando igualmente as particularidades (metodol\u00f3gicas, sociais e regionais) de cada localidade.<br \/>\nA proposta implica o desenvolvimento de um curr\u00edculo pelas pr\u00f3prias unidades escolares, de acordo com as estrat\u00e9gicas definidas em seus pr\u00f3prios projetos pol\u00edtico-pedag\u00f3gicos, desde que estejam alinhadas \u00e0 BNCC. A sua implementa\u00e7\u00e3o ainda est\u00e1 em curso e enfrenta atualmente desafios relacionados n\u00e3o apenas \u00e0 extens\u00e3o e diversidade do territ\u00f3rio nacional, mas, sobretudo, \u00e0s medidas sanit\u00e1rias preventivas impostas pela pandemia da Covid-19, tais como a interrup\u00e7\u00e3o ou supress\u00e3o das atividades escolares presenciais.<br \/>\nA BNCC define, entre outros par\u00e2metros, um conjunto de dez compet\u00eancias a serem desenvolvidas pelos estudantes, operando como um verdadeiro fio condutor ao longo de toda a Educa\u00e7\u00e3o B\u00e1sica. Uma compet\u00eancia, segundo a perspectiva adotada pela BNCC, nada mais \u00e9 do que a <em>\u201c<a href=\"https:\/\/observatoriodeeducacao.institutounibanco.org.br\/cedoc\/detalhe\/base-nacional-comum-curricular-do-ensino-medio-bncc,a348fa7a-d14e-4264-bbc6-c28f083a37a4\" target=\"_blank\" rel=\"noopener\"><strong>mobiliza\u00e7\u00e3o de conhecimentos<\/strong>, <strong>habilidades<\/strong>, <strong>atitudes e valores <\/strong>para resolver demandas da vida cotidiana, do exerc\u00edcio da cidadania e do mundo do trabalho<\/a>\u201d<\/em>. Dessa forma, o car\u00e1ter transversal e amplificado das compet\u00eancias atua como uma b\u00fassola orientadora para o desenvolvimento de curr\u00edculos em conson\u00e2ncia com os projetos pol\u00edtico-pedag\u00f3gicos de cada sistema e unidade de ensino.<br \/>\nEsse modelo menos engessado possibilita n\u00e3o apenas adequa\u00e7\u00f5es \u00e0s diversidades sociais e regionais, como tamb\u00e9m a reformula\u00e7\u00e3o curricular frente aos desafios impostos pela pandemia da Covid-19. Em rela\u00e7\u00e3o ao Ensino M\u00e9dio, a BNCC introduz a possibilidade de o pr\u00f3prio estudante percorrer itiner\u00e1rios formativos diversificados, com uma carga hor\u00e1ria m\u00ednima obrigat\u00f3ria aliada a uma forma\u00e7\u00e3o com foco em \u00e1reas espec\u00edficas do seu interesse, valorizando o protagonismo juvenil e estimulando a interdisciplinaridade do ensino nos chamados \u201cprojetos de vida\u201d.<\/p>\n<\/div>\n<\/div>\n<\/div>\n<p><strong>Certificado de 300 Horas\/Aula<\/strong><\/p>\n<p style=\"text-align: center;\" align=\"justify\"><span style=\"color: #339966;\"><strong>AO PAGAR O CURSO, VOC\u00ca EST\u00c1 DE ACORDO COM O SEGUINTE TERMO<\/strong><\/span><a href=\"https:\/\/iefc.com.br\/wp-content\/uploads\/2021\/07\/Acordo-on-line-iEFC-300.jpg\"><img loading=\"lazy\" decoding=\"async\" class=\"wp-image-22897 size-full aligncenter\" src=\"https:\/\/iefc.com.br\/wp-content\/uploads\/2021\/07\/Acordo-on-line-iEFC-300.jpg\" alt=\"\" width=\"682\" height=\"950\" srcset=\"https:\/\/i0.wp.com\/iefc.com.br\/wp-content\/uploads\/2021\/07\/Acordo-on-line-iEFC-300.jpg?w=682&amp;ssl=1 682w, https:\/\/i0.wp.com\/iefc.com.br\/wp-content\/uploads\/2021\/07\/Acordo-on-line-iEFC-300.jpg?resize=215%2C300&amp;ssl=1 215w, https:\/\/i0.wp.com\/iefc.com.br\/wp-content\/uploads\/2021\/07\/Acordo-on-line-iEFC-300.jpg?resize=300%2C418&amp;ssl=1 300w, https:\/\/i0.wp.com\/iefc.com.br\/wp-content\/uploads\/2021\/07\/Acordo-on-line-iEFC-300.jpg?resize=600%2C836&amp;ssl=1 600w\" sizes=\"auto, (max-width: 682px) 100vw, 682px\" \/><\/a><\/p>\n<p><a href=\"https:\/\/iefc.com.br\/wp-content\/uploads\/2021\/07\/Acordo-on-line-iEFC-300H-A.pdf\" target=\"_blank\" rel=\"noopener noreferrer\"><img loading=\"lazy\" decoding=\"async\" class=\"aligncenter wp-image-20501\" src=\"https:\/\/iefc.com.br\/wp-content\/uploads\/2020\/03\/bot_pdf.jpg\" alt=\"\" width=\"399\" height=\"61\" srcset=\"https:\/\/i0.wp.com\/iefc.com.br\/wp-content\/uploads\/2020\/03\/bot_pdf.jpg?w=635&amp;ssl=1 635w, https:\/\/i0.wp.com\/iefc.com.br\/wp-content\/uploads\/2020\/03\/bot_pdf.jpg?resize=300%2C46&amp;ssl=1 300w, https:\/\/i0.wp.com\/iefc.com.br\/wp-content\/uploads\/2020\/03\/bot_pdf.jpg?resize=600%2C92&amp;ssl=1 600w\" sizes=\"auto, (max-width: 399px) 100vw, 399px\" \/><br \/>\n<\/a><\/p>\n<p><span style=\"color: #0000ff;\"><strong>CERTIFICA\u00c7\u00c3O MEDIANTE PAGAMENTO TOTAL DO VALOR DO CURSO*<\/strong><\/span><\/p>\n<p><strong>*CONSULTE PARA FORMAS DE PAGAMENTO MENSAL<\/strong><\/p>\n","protected":false},"featured_media":23012,"comment_status":"open","ping_status":"closed","template":"","meta":{"_bbp_topic_count":0,"_bbp_reply_count":0,"_bbp_total_topic_count":0,"_bbp_total_reply_count":0,"_bbp_voice_count":0,"_bbp_anonymous_reply_count":0,"_bbp_topic_count_hidden":0,"_bbp_reply_count_hidden":0,"_bbp_forum_subforum_count":0,"content-type":"","pmpro_default_level":"","jetpack_publicize_message":"","jetpack_publicize_feature_enabled":true,"jetpack_social_post_already_shared":true,"jetpack_social_options":{"image_generator_settings":{"template":"highway","default_image_id":0,"font":"","enabled":false},"version":2}},"product_brand":[],"product_cat":[141,122,182,136],"product_tag":[142,183],"class_list":{"0":"post-22896","1":"product","2":"type-product","3":"status-publish","4":"has-post-thumbnail","6":"product_cat-bncc","7":"product_cat-curso","8":"product_cat-ead","9":"product_cat-psicopedagogia","10":"product_tag-bncc","11":"product_tag-ead","12":"pmpro-has-access","14":"first","15":"instock","16":"sold-individually","17":"shipping-taxable","18":"purchasable","19":"product-type-simple"},"aioseo_notices":[],"jetpack_publicize_connections":[],"jetpack_sharing_enabled":true,"_links":{"self":[{"href":"https:\/\/iefc.com.br\/index.php\/wp-json\/wp\/v2\/product\/22896","targetHints":{"allow":["GET"]}}],"collection":[{"href":"https:\/\/iefc.com.br\/index.php\/wp-json\/wp\/v2\/product"}],"about":[{"href":"https:\/\/iefc.com.br\/index.php\/wp-json\/wp\/v2\/types\/product"}],"replies":[{"embeddable":true,"href":"https:\/\/iefc.com.br\/index.php\/wp-json\/wp\/v2\/comments?post=22896"}],"wp:featuredmedia":[{"embeddable":true,"href":"https:\/\/iefc.com.br\/index.php\/wp-json\/wp\/v2\/media\/23012"}],"wp:attachment":[{"href":"https:\/\/iefc.com.br\/index.php\/wp-json\/wp\/v2\/media?parent=22896"}],"wp:term":[{"taxonomy":"product_brand","embeddable":true,"href":"https:\/\/iefc.com.br\/index.php\/wp-json\/wp\/v2\/product_brand?post=22896"},{"taxonomy":"product_cat","embeddable":true,"href":"https:\/\/iefc.com.br\/index.php\/wp-json\/wp\/v2\/product_cat?post=22896"},{"taxonomy":"product_tag","embeddable":true,"href":"https:\/\/iefc.com.br\/index.php\/wp-json\/wp\/v2\/product_tag?post=22896"}],"curies":[{"name":"wp","href":"https:\/\/api.w.org\/{rel}","templated":true}]}}