{"id":22915,"date":"2021-07-09T15:53:16","date_gmt":"2021-07-09T18:53:16","guid":{"rendered":"https:\/\/iefc.com.br\/?post_type=product&#038;p=22915"},"modified":"2021-07-09T15:59:38","modified_gmt":"2021-07-09T18:59:38","slug":"cpb04","status":"publish","type":"product","link":"https:\/\/iefc.com.br\/index.php\/produto\/cpb04\/","title":{"rendered":"Curso Profissional B\u00e1sico de Psicopedagogia Institucional, Cl\u00ednica, Hospitalar e Empresarial #CPB04"},"content":{"rendered":"","protected":false},"excerpt":{"rendered":"<p>Considerando a multiplicidade de fatores que envolvem o desenvolvimento e aconstru\u00e7\u00e3o da aprendizagem humana, o papel da Psicopedagogia, como mediadora, \u00e9 de fundamental import\u00e2ncia tanto no que diz respeito \u00e0 articula\u00e7\u00e3o com a fam\u00edlia, como com o pr\u00f3prio sujeito, com a escola, com projetos sociais em empresas, em cl\u00ednicas e hospitais, ou organiza\u00e7\u00f5es em que esteja envolvido.<br \/>\nOs pilares da Psicopedagogia alicer\u00e7am-se em conhecer a hist\u00f3ria de vida das pessoas, uma vez que esse conhecimento envolve o processo de saber ouvir o outro; olhar o outro enquanto pessoa; acreditar no potencial; estabelecer v\u00ednculo de aceitabilidade com suas facilidades e dificuldades.<br \/>\nO iEFC diante da multiplicidade de fatores que envolvem o ensino e a aprendizagem do sujeito destaca o Psicopedagogo como interventor, no que diz respeito ao v\u00ednculo estabelecido entre esse importante profissional e os aprendentes, quer atuando em institui\u00e7\u00f5es educacionais, empresas, clinicando ou atuando em hospitais. Trabalhando a autoestima, motiva\u00e7\u00e3o do aprendente, como tamb\u00e9m na interven\u00e7\u00e3o psicopedag\u00f3gica nas dificuldades de aprendizagem.<\/p>\n<p><strong>Certificado de 300 Horas\/Aula<\/strong><\/p>\n<p style=\"text-align: center;\" align=\"justify\"><span style=\"color: #339966;\"><strong>AO PAGAR O CURSO, VOC\u00ca EST\u00c1 DE ACORDO COM O SEGUINTE TERMO<\/strong><\/span><a href=\"https:\/\/iefc.com.br\/wp-content\/uploads\/2021\/07\/Acordo-on-line-iEFC-300.jpg\"><img loading=\"lazy\" decoding=\"async\" class=\"wp-image-22897 size-full aligncenter\" src=\"https:\/\/iefc.com.br\/wp-content\/uploads\/2021\/07\/Acordo-on-line-iEFC-300.jpg\" alt=\"\" width=\"682\" height=\"950\" srcset=\"https:\/\/i0.wp.com\/iefc.com.br\/wp-content\/uploads\/2021\/07\/Acordo-on-line-iEFC-300.jpg?w=682&amp;ssl=1 682w, https:\/\/i0.wp.com\/iefc.com.br\/wp-content\/uploads\/2021\/07\/Acordo-on-line-iEFC-300.jpg?resize=215%2C300&amp;ssl=1 215w, https:\/\/i0.wp.com\/iefc.com.br\/wp-content\/uploads\/2021\/07\/Acordo-on-line-iEFC-300.jpg?resize=300%2C418&amp;ssl=1 300w, https:\/\/i0.wp.com\/iefc.com.br\/wp-content\/uploads\/2021\/07\/Acordo-on-line-iEFC-300.jpg?resize=600%2C836&amp;ssl=1 600w\" sizes=\"auto, (max-width: 682px) 100vw, 682px\" \/><\/a><\/p>\n<p><a href=\"https:\/\/iefc.com.br\/wp-content\/uploads\/2021\/07\/Acordo-on-line-iEFC-300H-A.pdf\" target=\"_blank\" rel=\"noopener noreferrer\"><img loading=\"lazy\" decoding=\"async\" class=\"aligncenter wp-image-20501\" src=\"https:\/\/iefc.com.br\/wp-content\/uploads\/2020\/03\/bot_pdf.jpg\" alt=\"\" width=\"399\" height=\"61\" srcset=\"https:\/\/i0.wp.com\/iefc.com.br\/wp-content\/uploads\/2020\/03\/bot_pdf.jpg?w=635&amp;ssl=1 635w, https:\/\/i0.wp.com\/iefc.com.br\/wp-content\/uploads\/2020\/03\/bot_pdf.jpg?resize=300%2C46&amp;ssl=1 300w, https:\/\/i0.wp.com\/iefc.com.br\/wp-content\/uploads\/2020\/03\/bot_pdf.jpg?resize=600%2C92&amp;ssl=1 600w\" sizes=\"auto, (max-width: 399px) 100vw, 399px\" \/><br \/>\n<\/a><\/p>\n<p><span style=\"color: #0000ff;\"><strong>CERTIFICA\u00c7\u00c3O MEDIANTE PAGAMENTO TOTAL DO VALOR DO CURSO*<\/strong><\/span><\/p>\n<p><strong>*CONSULTE PARA FORMAS DE PAGAMENTO MENSAL<\/strong><\/p>\n","protected":false},"featured_media":22916,"comment_status":"open","ping_status":"closed","template":"","meta":{"_bbp_topic_count":0,"_bbp_reply_count":0,"_bbp_total_topic_count":0,"_bbp_total_reply_count":0,"_bbp_voice_count":0,"_bbp_anonymous_reply_count":0,"_bbp_topic_count_hidden":0,"_bbp_reply_count_hidden":0,"_bbp_forum_subforum_count":0,"content-type":"","pmpro_default_level":"","jetpack_publicize_message":"","jetpack_publicize_feature_enabled":true,"jetpack_social_post_already_shared":true,"jetpack_social_options":{"image_generator_settings":{"template":"highway","default_image_id":0,"font":"","enabled":false},"version":2}},"product_brand":[],"product_cat":[122,182,136],"product_tag":[183,137],"class_list":{"0":"post-22915","1":"product","2":"type-product","3":"status-publish","4":"has-post-thumbnail","6":"product_cat-curso","7":"product_cat-ead","8":"product_cat-psicopedagogia","9":"product_tag-ead","10":"product_tag-psicopedagogia","11":"pmpro-has-access","13":"first","14":"instock","15":"sold-individually","16":"shipping-taxable","17":"purchasable","18":"product-type-simple"},"aioseo_notices":[],"jetpack_publicize_connections":[],"jetpack_sharing_enabled":true,"_links":{"self":[{"href":"https:\/\/iefc.com.br\/index.php\/wp-json\/wp\/v2\/product\/22915","targetHints":{"allow":["GET"]}}],"collection":[{"href":"https:\/\/iefc.com.br\/index.php\/wp-json\/wp\/v2\/product"}],"about":[{"href":"https:\/\/iefc.com.br\/index.php\/wp-json\/wp\/v2\/types\/product"}],"replies":[{"embeddable":true,"href":"https:\/\/iefc.com.br\/index.php\/wp-json\/wp\/v2\/comments?post=22915"}],"wp:featuredmedia":[{"embeddable":true,"href":"https:\/\/iefc.com.br\/index.php\/wp-json\/wp\/v2\/media\/22916"}],"wp:attachment":[{"href":"https:\/\/iefc.com.br\/index.php\/wp-json\/wp\/v2\/media?parent=22915"}],"wp:term":[{"taxonomy":"product_brand","embeddable":true,"href":"https:\/\/iefc.com.br\/index.php\/wp-json\/wp\/v2\/product_brand?post=22915"},{"taxonomy":"product_cat","embeddable":true,"href":"https:\/\/iefc.com.br\/index.php\/wp-json\/wp\/v2\/product_cat?post=22915"},{"taxonomy":"product_tag","embeddable":true,"href":"https:\/\/iefc.com.br\/index.php\/wp-json\/wp\/v2\/product_tag?post=22915"}],"curies":[{"name":"wp","href":"https:\/\/api.w.org\/{rel}","templated":true}]}}