{"id":22917,"date":"2021-07-09T16:01:43","date_gmt":"2021-07-09T19:01:43","guid":{"rendered":"https:\/\/iefc.com.br\/?post_type=product&#038;p=22917"},"modified":"2021-07-09T16:41:05","modified_gmt":"2021-07-09T19:41:05","slug":"cpb05","status":"publish","type":"product","link":"https:\/\/iefc.com.br\/index.php\/produto\/cpb05\/","title":{"rendered":"Curso Profissional B\u00e1sico para o Mercado de Trabalho #CPB05"},"content":{"rendered":"","protected":false},"excerpt":{"rendered":"<p>Com o atual n\u00edvel de competitividade do <b>mercado de trabalho<\/b> ter uma <b>qualifica\u00e7\u00e3o profissional<\/b> \u00e9 indispens\u00e1vel para conquistar uma vaga em diferentes \u00e1reas de atua\u00e7\u00e3o. Se voc\u00ea observar, para a maioria das oportunidades de trabalho \u00e9 exigido, como pr\u00e9-requisito, cursos t\u00e9cnicos, cursos de especializa\u00e7\u00e3o, curso superior, dentre tantos outros.<br \/>\nAl\u00e9m de ser fundamental para sua entrada no <b>mercado de trabalho<\/b> e para exercer fun\u00e7\u00f5es espec\u00edficas, o seu n\u00edvel de <b>qualifica\u00e7\u00e3o profissional<\/b> \u00e9 um diferencial para a sua carreira, frente a outros profissionais.<br \/>\nTer uma <b>qualifica\u00e7\u00e3o<\/b> \u00e9 tamb\u00e9m estar atualizado sobre o mercado e preparado para diversas situa\u00e7\u00f5es. Al\u00e9m disso, fazer um curso, seja ele de gradua\u00e7\u00e3o, p\u00f3s-gradua\u00e7\u00e3o, ou at\u00e9 mesmo profissionalizante, \u00e9 fundamental para que seu curr\u00edculo se destaque entre tantos outros. Afinal, muitas vezes, al\u00e9m da experi\u00eancia, t\u00edtulos e capacita\u00e7\u00f5es s\u00e3o de extrema import\u00e2ncia para quem est\u00e1 contratando profissionais.<br \/>\nSe voc\u00ea quer conseguir novas oportunidades na sua carreira, investir em algum tipo de <b>qualifica\u00e7\u00e3o<\/b> sempre \u00e9 uma sa\u00edda interessante. Assim, a cada dia voc\u00ea estar\u00e1 mais atualizado sobre as novidades do mercado em que voc\u00ea est\u00e1 inserido e com alto n\u00edvel de conhecimento sobre, inclusive, as fun\u00e7\u00f5es mais complexas do seu ramo de atua\u00e7\u00e3o.<br \/>\nInvestir em <b>qualifica\u00e7\u00e3o<\/b> <b>profissional <\/b>tamb\u00e9m \u00e9 pensar em sua carreira a longo prazo. Para quem almeja cargos de gest\u00e3o ou lideran\u00e7a, por exemplo, ter um preparo para isto, al\u00e9m da experi\u00eancia, costuma pesar muito para os decisores de uma empresa.<br \/>\nOportunidade de desenvolver novas habilidades, atualiza\u00e7\u00e3o sobre o mercado e as tend\u00eancias, reconhecimento profissional e redirecionamento de carreira s\u00e3o apenas alguns dos benef\u00edcios que voc\u00ea pode atingir investindo na sua <b>qualifica\u00e7\u00e3o<\/b> <b>profissional<\/b>.<\/p>\n<p><strong>Certificado de 300 Horas\/Aula<\/strong><\/p>\n<p style=\"text-align: center;\" align=\"justify\"><span style=\"color: #339966;\"><strong>AO PAGAR O CURSO, VOC\u00ca EST\u00c1 DE ACORDO COM O SEGUINTE TERMO<\/strong><\/span><a href=\"https:\/\/iefc.com.br\/wp-content\/uploads\/2021\/07\/Acordo-on-line-iEFC-36000.jpg\"><img loading=\"lazy\" decoding=\"async\" class=\"alignnone wp-image-22919 size-full\" src=\"https:\/\/iefc.com.br\/wp-content\/uploads\/2021\/07\/Acordo-on-line-iEFC-36000.jpg\" alt=\"\" width=\"689\" height=\"968\" srcset=\"https:\/\/i0.wp.com\/iefc.com.br\/wp-content\/uploads\/2021\/07\/Acordo-on-line-iEFC-36000.jpg?w=689&amp;ssl=1 689w, https:\/\/i0.wp.com\/iefc.com.br\/wp-content\/uploads\/2021\/07\/Acordo-on-line-iEFC-36000.jpg?resize=214%2C300&amp;ssl=1 214w, https:\/\/i0.wp.com\/iefc.com.br\/wp-content\/uploads\/2021\/07\/Acordo-on-line-iEFC-36000.jpg?resize=300%2C421&amp;ssl=1 300w, https:\/\/i0.wp.com\/iefc.com.br\/wp-content\/uploads\/2021\/07\/Acordo-on-line-iEFC-36000.jpg?resize=600%2C843&amp;ssl=1 600w\" sizes=\"auto, (max-width: 689px) 100vw, 689px\" \/><\/a><\/p>\n<p><a href=\"https:\/\/iefc.com.br\/wp-content\/uploads\/2021\/07\/Acordo-on-line-iEFC-300H-A.pdf\" target=\"_blank\" rel=\"noopener noreferrer\"><br \/>\n<\/a><a href=\"https:\/\/iefc.com.br\/wp-content\/uploads\/2021\/07\/Acordo-on-line-iEFC-240H-A.pdf\" target=\"_blank\" rel=\"noopener noreferrer\"><img loading=\"lazy\" decoding=\"async\" class=\"aligncenter wp-image-20501\" src=\"https:\/\/iefc.com.br\/wp-content\/uploads\/2020\/03\/bot_pdf.jpg\" alt=\"\" width=\"399\" height=\"61\" srcset=\"https:\/\/i0.wp.com\/iefc.com.br\/wp-content\/uploads\/2020\/03\/bot_pdf.jpg?w=635&amp;ssl=1 635w, https:\/\/i0.wp.com\/iefc.com.br\/wp-content\/uploads\/2020\/03\/bot_pdf.jpg?resize=300%2C46&amp;ssl=1 300w, https:\/\/i0.wp.com\/iefc.com.br\/wp-content\/uploads\/2020\/03\/bot_pdf.jpg?resize=600%2C92&amp;ssl=1 600w\" sizes=\"auto, (max-width: 399px) 100vw, 399px\" \/><\/a><\/p>\n<p><span style=\"color: #0000ff;\"><strong>CERTIFICA\u00c7\u00c3O MEDIANTE PAGAMENTO TOTAL DO VALOR DO CURSO*<\/strong><\/span><\/p>\n<p><strong>*CONSULTE PARA FORMAS DE PAGAMENTO MENSAL<\/strong><\/p>\n","protected":false},"featured_media":22918,"comment_status":"open","ping_status":"closed","template":"","meta":{"_bbp_topic_count":0,"_bbp_reply_count":0,"_bbp_total_topic_count":0,"_bbp_total_reply_count":0,"_bbp_voice_count":0,"_bbp_anonymous_reply_count":0,"_bbp_topic_count_hidden":0,"_bbp_reply_count_hidden":0,"_bbp_forum_subforum_count":0,"content-type":"","pmpro_default_level":"","jetpack_publicize_message":"","jetpack_publicize_feature_enabled":true,"jetpack_social_post_already_shared":true,"jetpack_social_options":{"image_generator_settings":{"template":"highway","default_image_id":0,"font":"","enabled":false},"version":2}},"product_brand":[],"product_cat":[122,182,198],"product_tag":[183,199],"class_list":{"0":"post-22917","1":"product","2":"type-product","3":"status-publish","4":"has-post-thumbnail","6":"product_cat-curso","7":"product_cat-ead","8":"product_cat-mercado-de-trabalho","9":"product_tag-ead","10":"product_tag-mercado-de-trabalho","11":"pmpro-has-access","13":"first","14":"instock","15":"sold-individually","16":"shipping-taxable","17":"purchasable","18":"product-type-simple"},"aioseo_notices":[],"jetpack_publicize_connections":[],"jetpack_sharing_enabled":true,"_links":{"self":[{"href":"https:\/\/iefc.com.br\/index.php\/wp-json\/wp\/v2\/product\/22917","targetHints":{"allow":["GET"]}}],"collection":[{"href":"https:\/\/iefc.com.br\/index.php\/wp-json\/wp\/v2\/product"}],"about":[{"href":"https:\/\/iefc.com.br\/index.php\/wp-json\/wp\/v2\/types\/product"}],"replies":[{"embeddable":true,"href":"https:\/\/iefc.com.br\/index.php\/wp-json\/wp\/v2\/comments?post=22917"}],"wp:featuredmedia":[{"embeddable":true,"href":"https:\/\/iefc.com.br\/index.php\/wp-json\/wp\/v2\/media\/22918"}],"wp:attachment":[{"href":"https:\/\/iefc.com.br\/index.php\/wp-json\/wp\/v2\/media?parent=22917"}],"wp:term":[{"taxonomy":"product_brand","embeddable":true,"href":"https:\/\/iefc.com.br\/index.php\/wp-json\/wp\/v2\/product_brand?post=22917"},{"taxonomy":"product_cat","embeddable":true,"href":"https:\/\/iefc.com.br\/index.php\/wp-json\/wp\/v2\/product_cat?post=22917"},{"taxonomy":"product_tag","embeddable":true,"href":"https:\/\/iefc.com.br\/index.php\/wp-json\/wp\/v2\/product_tag?post=22917"}],"curies":[{"name":"wp","href":"https:\/\/api.w.org\/{rel}","templated":true}]}}