{"id":22921,"date":"2021-07-09T16:44:56","date_gmt":"2021-07-09T19:44:56","guid":{"rendered":"https:\/\/iefc.com.br\/?post_type=product&#038;p=22921"},"modified":"2021-07-09T16:54:41","modified_gmt":"2021-07-09T19:54:41","slug":"cpb07","status":"publish","type":"product","link":"https:\/\/iefc.com.br\/index.php\/produto\/cpb07\/","title":{"rendered":"Curso Profissional B\u00e1sico de Neuroci\u00eancias Aplicadas \u00e0 Educa\u00e7\u00e3o e \u00e0 Aprendizagem #CPB07"},"content":{"rendered":"","protected":false},"excerpt":{"rendered":"<p>O Curso Profissional B\u00e1sico de <strong>Neuroci\u00eancia Aplicada \u00e0 Educa\u00e7\u00e3o<\/strong> tem como objetivo aprofundar o entendimento sobre os mecanismos neurais relacionados ao aprendizado, mem\u00f3ria, aten\u00e7\u00e3o, autorregula\u00e7\u00e3o (comportamentos de risco) e fun\u00e7\u00f5es executivas (tomada de decis\u00e3o, planejamento, racioc\u00ednio l\u00f3gico, entre outros), a fim de melhorar e instrumentalizar a pr\u00e1tica dos profissionais que atuam no contexto educacional.<br \/>\nEste Curso Profissional B\u00e1sico atende tamb\u00e9m a outros objetivos espec\u00edficos, como por exemplo<br \/>\nCompreender a import\u00e2ncia da neuroci\u00eancia na educa\u00e7\u00e3o contempor\u00e2nea;<br \/>\nFornecer bases te\u00f3ricas e pr\u00e1ticas sobre o conhecimento da anatomia e funcionamento do sistema nervoso;<br \/>\nCompreender as fun\u00e7\u00f5es cognitivas no processo de aprendizagem;<br \/>\nFornecer subs\u00eddios te\u00f3ricos e pr\u00e1ticos para lidar com dificuldades de aprendizagem;<br \/>\nDiscutir a rela\u00e7\u00e3o entre tratamentos farmacol\u00f3gicos e dist\u00farbios de aprendizagem;<br \/>\nInstrumentalizar a pr\u00e1tica pedag\u00f3gica com subs\u00eddios neurocient\u00edficos.<br \/>\n<strong>P\u00fablico-alvo<\/strong><br \/>\nPedagogos, psic\u00f3logos, psicopedagogos, fonoaudi\u00f3logos, assistentes sociais, fil\u00f3sofos, professores de diferentes campos do conhecimento e outros profissionais da educa\u00e7\u00e3o (diretores, coordenadores, orientadores educacionais).<\/p>\n<p><strong>Certificado de 300 Horas\/Aula<\/strong><\/p>\n<p style=\"text-align: center;\" align=\"justify\"><span style=\"color: #339966;\"><strong>AO PAGAR O CURSO, VOC\u00ca EST\u00c1 DE ACORDO COM O SEGUINTE TERMO<\/strong><\/span><a href=\"https:\/\/iefc.com.br\/wp-content\/uploads\/2021\/07\/Acordo-on-line-iEFC-300.jpg\"><img loading=\"lazy\" decoding=\"async\" class=\"wp-image-22897 size-full aligncenter\" src=\"https:\/\/iefc.com.br\/wp-content\/uploads\/2021\/07\/Acordo-on-line-iEFC-300.jpg\" alt=\"\" width=\"682\" height=\"950\" srcset=\"https:\/\/i0.wp.com\/iefc.com.br\/wp-content\/uploads\/2021\/07\/Acordo-on-line-iEFC-300.jpg?w=682&amp;ssl=1 682w, https:\/\/i0.wp.com\/iefc.com.br\/wp-content\/uploads\/2021\/07\/Acordo-on-line-iEFC-300.jpg?resize=215%2C300&amp;ssl=1 215w, https:\/\/i0.wp.com\/iefc.com.br\/wp-content\/uploads\/2021\/07\/Acordo-on-line-iEFC-300.jpg?resize=300%2C418&amp;ssl=1 300w, https:\/\/i0.wp.com\/iefc.com.br\/wp-content\/uploads\/2021\/07\/Acordo-on-line-iEFC-300.jpg?resize=600%2C836&amp;ssl=1 600w\" sizes=\"auto, (max-width: 682px) 100vw, 682px\" \/><\/a><\/p>\n<p><a href=\"https:\/\/iefc.com.br\/wp-content\/uploads\/2021\/07\/Acordo-on-line-iEFC-300H-A.pdf\" target=\"_blank\" rel=\"noopener noreferrer\"><img loading=\"lazy\" decoding=\"async\" class=\"aligncenter wp-image-20501\" src=\"https:\/\/iefc.com.br\/wp-content\/uploads\/2020\/03\/bot_pdf.jpg\" alt=\"\" width=\"399\" height=\"61\" srcset=\"https:\/\/i0.wp.com\/iefc.com.br\/wp-content\/uploads\/2020\/03\/bot_pdf.jpg?w=635&amp;ssl=1 635w, https:\/\/i0.wp.com\/iefc.com.br\/wp-content\/uploads\/2020\/03\/bot_pdf.jpg?resize=300%2C46&amp;ssl=1 300w, https:\/\/i0.wp.com\/iefc.com.br\/wp-content\/uploads\/2020\/03\/bot_pdf.jpg?resize=600%2C92&amp;ssl=1 600w\" sizes=\"auto, (max-width: 399px) 100vw, 399px\" \/><br \/>\n<\/a><\/p>\n<p><span style=\"color: #0000ff;\"><strong>CERTIFICA\u00c7\u00c3O MEDIANTE PAGAMENTO TOTAL DO VALOR DO CURSO*<\/strong><\/span><\/p>\n<p><strong>*CONSULTE PARA FORMAS DE PAGAMENTO MENSAL<\/strong><\/p>\n","protected":false},"featured_media":22922,"comment_status":"open","ping_status":"closed","template":"","meta":{"_bbp_topic_count":0,"_bbp_reply_count":0,"_bbp_total_topic_count":0,"_bbp_total_reply_count":0,"_bbp_voice_count":0,"_bbp_anonymous_reply_count":0,"_bbp_topic_count_hidden":0,"_bbp_reply_count_hidden":0,"_bbp_forum_subforum_count":0,"content-type":"","pmpro_default_level":"","jetpack_publicize_message":"","jetpack_publicize_feature_enabled":true,"jetpack_social_post_already_shared":true,"jetpack_social_options":{"image_generator_settings":{"template":"highway","default_image_id":0,"font":"","enabled":false},"version":2}},"product_brand":[],"product_cat":[122,182,218],"product_tag":[183,222],"class_list":{"0":"post-22921","1":"product","2":"type-product","3":"status-publish","4":"has-post-thumbnail","6":"product_cat-curso","7":"product_cat-ead","8":"product_cat-neurociencia","9":"product_tag-ead","10":"product_tag-neurociencias","11":"pmpro-has-access","13":"first","14":"instock","15":"sold-individually","16":"shipping-taxable","17":"purchasable","18":"product-type-simple"},"aioseo_notices":[],"jetpack_publicize_connections":[],"jetpack_sharing_enabled":true,"_links":{"self":[{"href":"https:\/\/iefc.com.br\/index.php\/wp-json\/wp\/v2\/product\/22921","targetHints":{"allow":["GET"]}}],"collection":[{"href":"https:\/\/iefc.com.br\/index.php\/wp-json\/wp\/v2\/product"}],"about":[{"href":"https:\/\/iefc.com.br\/index.php\/wp-json\/wp\/v2\/types\/product"}],"replies":[{"embeddable":true,"href":"https:\/\/iefc.com.br\/index.php\/wp-json\/wp\/v2\/comments?post=22921"}],"wp:featuredmedia":[{"embeddable":true,"href":"https:\/\/iefc.com.br\/index.php\/wp-json\/wp\/v2\/media\/22922"}],"wp:attachment":[{"href":"https:\/\/iefc.com.br\/index.php\/wp-json\/wp\/v2\/media?parent=22921"}],"wp:term":[{"taxonomy":"product_brand","embeddable":true,"href":"https:\/\/iefc.com.br\/index.php\/wp-json\/wp\/v2\/product_brand?post=22921"},{"taxonomy":"product_cat","embeddable":true,"href":"https:\/\/iefc.com.br\/index.php\/wp-json\/wp\/v2\/product_cat?post=22921"},{"taxonomy":"product_tag","embeddable":true,"href":"https:\/\/iefc.com.br\/index.php\/wp-json\/wp\/v2\/product_tag?post=22921"}],"curies":[{"name":"wp","href":"https:\/\/api.w.org\/{rel}","templated":true}]}}