{"id":22925,"date":"2021-07-12T11:57:01","date_gmt":"2021-07-12T14:57:01","guid":{"rendered":"https:\/\/iefc.com.br\/?post_type=product&#038;p=22925"},"modified":"2021-07-12T12:14:00","modified_gmt":"2021-07-12T15:14:00","slug":"cpb09","status":"publish","type":"product","link":"https:\/\/iefc.com.br\/index.php\/produto\/cpb09\/","title":{"rendered":"Curso Profissional B\u00e1sico de Legisla\u00e7\u00e3o e Fundamentos da Educa\u00e7\u00e3o #CPB09"},"content":{"rendered":"","protected":false},"excerpt":{"rendered":"<p>No desenvolvimento da educa\u00e7\u00e3o muitos s\u00e3o os elementos, atores e situa\u00e7\u00f5es envolvidas. Desde a elabora\u00e7\u00e3o de uma proposta nacional, passando pelos pensadores de educa\u00e7\u00e3o e finalizando no fazer do profissional na sala de aula, onde se materializa toda a teoria. No atual momento a educa\u00e7\u00e3o est\u00e1 se reformulando. A sociedade nos seus mais diferentes \u00e2mbitos verifica, examina-se o processo educativo est\u00e1 sendo feita de forma aceit\u00e1vel. Os documentos principais ora em exame para este trabalho s\u00e3o a historia da educa\u00e7\u00e3o b\u00e1sica e as leis de Diretrizes da Educa\u00e7\u00e3o B\u00e1sica e os Par\u00e2metros Curriculares Nacionais. O que se segue \u00e9 um exame resistivo dos mesmos. A legisla\u00e7\u00e3o educacional, seu alcance e sua aplica\u00e7\u00e3o na educa\u00e7\u00e3o b\u00e1sica fundamentaram o trabalho hora apresentado. Com um relato sobre as bases da pr\u00f3pria legisla\u00e7\u00e3o educacional e seu efetivo desenvolvimento no percurso social do homem ocidental. Legislar sobre quem pode quem deve ser ensinado e educado \u00e9 uma das preocupa\u00e7\u00f5es do indiv\u00edduo em todos os grupos. A legisla\u00e7\u00e3o brasileira atual tem seu nascimento nas primeiras vis\u00f5es do direito vigente no nosso pa\u00eds desde o descobrimento.<\/p>\n<p><strong>Certificado de 300 Horas\/Aula<\/strong><\/p>\n<p style=\"text-align: center;\" align=\"justify\"><span style=\"color: #339966;\"><strong>AO PAGAR O CURSO, VOC\u00ca EST\u00c1 DE ACORDO COM O SEGUINTE TERMO<\/strong><\/span><a href=\"https:\/\/iefc.com.br\/wp-content\/uploads\/2021\/07\/Acordo-on-line-iEFC-300.jpg\"><img loading=\"lazy\" decoding=\"async\" class=\"wp-image-22897 size-full aligncenter\" src=\"https:\/\/iefc.com.br\/wp-content\/uploads\/2021\/07\/Acordo-on-line-iEFC-300.jpg\" alt=\"\" width=\"682\" height=\"950\" srcset=\"https:\/\/i0.wp.com\/iefc.com.br\/wp-content\/uploads\/2021\/07\/Acordo-on-line-iEFC-300.jpg?w=682&amp;ssl=1 682w, https:\/\/i0.wp.com\/iefc.com.br\/wp-content\/uploads\/2021\/07\/Acordo-on-line-iEFC-300.jpg?resize=215%2C300&amp;ssl=1 215w, https:\/\/i0.wp.com\/iefc.com.br\/wp-content\/uploads\/2021\/07\/Acordo-on-line-iEFC-300.jpg?resize=300%2C418&amp;ssl=1 300w, https:\/\/i0.wp.com\/iefc.com.br\/wp-content\/uploads\/2021\/07\/Acordo-on-line-iEFC-300.jpg?resize=600%2C836&amp;ssl=1 600w\" sizes=\"auto, (max-width: 682px) 100vw, 682px\" \/><\/a><\/p>\n<p><a href=\"https:\/\/iefc.com.br\/wp-content\/uploads\/2021\/07\/Acordo-on-line-iEFC-300H-A.pdf\" target=\"_blank\" rel=\"noopener noreferrer\"><img loading=\"lazy\" decoding=\"async\" class=\"aligncenter wp-image-20501\" src=\"https:\/\/iefc.com.br\/wp-content\/uploads\/2020\/03\/bot_pdf.jpg\" alt=\"\" width=\"399\" height=\"61\" srcset=\"https:\/\/i0.wp.com\/iefc.com.br\/wp-content\/uploads\/2020\/03\/bot_pdf.jpg?w=635&amp;ssl=1 635w, https:\/\/i0.wp.com\/iefc.com.br\/wp-content\/uploads\/2020\/03\/bot_pdf.jpg?resize=300%2C46&amp;ssl=1 300w, https:\/\/i0.wp.com\/iefc.com.br\/wp-content\/uploads\/2020\/03\/bot_pdf.jpg?resize=600%2C92&amp;ssl=1 600w\" sizes=\"auto, (max-width: 399px) 100vw, 399px\" \/><br \/>\n<\/a><\/p>\n<p><span style=\"color: #0000ff;\"><strong>CERTIFICA\u00c7\u00c3O MEDIANTE PAGAMENTO TOTAL DO VALOR DO CURSO*<\/strong><\/span><\/p>\n<p><strong>*CONSULTE PARA FORMAS DE PAGAMENTO MENSAL<\/strong><\/p>\n","protected":false},"featured_media":22926,"comment_status":"open","ping_status":"closed","template":"","meta":{"_bbp_topic_count":0,"_bbp_reply_count":0,"_bbp_total_topic_count":0,"_bbp_total_reply_count":0,"_bbp_voice_count":0,"_bbp_anonymous_reply_count":0,"_bbp_topic_count_hidden":0,"_bbp_reply_count_hidden":0,"_bbp_forum_subforum_count":0,"content-type":"","pmpro_default_level":"","jetpack_publicize_message":"","jetpack_publicize_feature_enabled":true,"jetpack_social_post_already_shared":true,"jetpack_social_options":{"image_generator_settings":{"template":"highway","default_image_id":0,"font":"","enabled":false},"version":2}},"product_brand":[],"product_cat":[128,122,182,191,136],"product_tag":[183,224],"class_list":{"0":"post-22925","1":"product","2":"type-product","3":"status-publish","4":"has-post-thumbnail","6":"product_cat-atualidades","7":"product_cat-curso","8":"product_cat-ead","9":"product_cat-planejamento","10":"product_cat-psicopedagogia","11":"product_tag-ead","12":"product_tag-fundamentos-da-educacao","13":"pmpro-has-access","15":"first","16":"instock","17":"sold-individually","18":"shipping-taxable","19":"purchasable","20":"product-type-simple"},"aioseo_notices":[],"jetpack_publicize_connections":[],"jetpack_sharing_enabled":true,"_links":{"self":[{"href":"https:\/\/iefc.com.br\/index.php\/wp-json\/wp\/v2\/product\/22925","targetHints":{"allow":["GET"]}}],"collection":[{"href":"https:\/\/iefc.com.br\/index.php\/wp-json\/wp\/v2\/product"}],"about":[{"href":"https:\/\/iefc.com.br\/index.php\/wp-json\/wp\/v2\/types\/product"}],"replies":[{"embeddable":true,"href":"https:\/\/iefc.com.br\/index.php\/wp-json\/wp\/v2\/comments?post=22925"}],"wp:featuredmedia":[{"embeddable":true,"href":"https:\/\/iefc.com.br\/index.php\/wp-json\/wp\/v2\/media\/22926"}],"wp:attachment":[{"href":"https:\/\/iefc.com.br\/index.php\/wp-json\/wp\/v2\/media?parent=22925"}],"wp:term":[{"taxonomy":"product_brand","embeddable":true,"href":"https:\/\/iefc.com.br\/index.php\/wp-json\/wp\/v2\/product_brand?post=22925"},{"taxonomy":"product_cat","embeddable":true,"href":"https:\/\/iefc.com.br\/index.php\/wp-json\/wp\/v2\/product_cat?post=22925"},{"taxonomy":"product_tag","embeddable":true,"href":"https:\/\/iefc.com.br\/index.php\/wp-json\/wp\/v2\/product_tag?post=22925"}],"curies":[{"name":"wp","href":"https:\/\/api.w.org\/{rel}","templated":true}]}}