{"id":22927,"date":"2021-07-12T12:17:38","date_gmt":"2021-07-12T15:17:38","guid":{"rendered":"https:\/\/iefc.com.br\/?post_type=product&#038;p=22927"},"modified":"2021-07-12T12:22:47","modified_gmt":"2021-07-12T15:22:47","slug":"cpb10","status":"publish","type":"product","link":"https:\/\/iefc.com.br\/index.php\/produto\/cpb10\/","title":{"rendered":"Curso Profissional B\u00e1sico de Autismo, Educa\u00e7\u00e3o e Fam\u00edlia: Os Desafios na Rede de Ensino #CPB10"},"content":{"rendered":"","protected":false},"excerpt":{"rendered":"<div class=\"page\" title=\"Page 1\">\n<div class=\"layoutArea\">\n<div class=\"column\">\n<p>Compreender como ocorre o processo de ensino aprendizagem da crianc\u0327a com autismo na educac\u0327a\u0303o infantil. O autismo e\u0301 classificado como um dos \u201cTranstornos Globais do Desenvolvimento (TGD)\u201d, e\u0301 descrito como um espectro, pois as caracteri\u0301sticas podem variar do leve ao mais severo, comprometendo o desenvolvimento normal do indivi\u0301duo, afetando a interac\u0327a\u0303o social, a comunicac\u0327a\u0303o e o comportamento, essa dificuldade faz com que as crianc\u0327as com autismo, sejam bastante limitadas em todo o processo de ensino aprendizagem. A legislac\u0327a\u0303o brasileira garante a toda crianc\u0327a, o direito a\u0300 educac\u0327a\u0303o e esta\u0301 prevista sua inclusa\u0303o de ser matriculado e permane\u0302ncia na rede regular de ensino, ha\u0301 um aumento expressivo de alunos com o Transtorno de Espectro Autista (TEA) nas escolas. A inclusa\u0303o e\u0301 um processo complexo e demorado, na\u0303o basta que a escola se organize apenas em sua estrutura fi\u0301sica, faz-se necessa\u0301rio fazer adaptac\u0327o\u0303es na metodologia especi\u0301fica, na dida\u0301tica, na pedago\u0301gica, no curri\u0301culo, ale\u0301m de formar e capacitar os docentes e os profissionais de apoio na educac\u0327a\u0303o especial. Sabemos que tem sido um grande desafio tanto para o profissional da educac\u0327a\u0303o quanto para o educando com autismo no seu processo de escolarizac\u0327a\u0303o, pois a falta de conhecimento da si\u0301ndrome e de metodologias adequadas para o ensino deste aluno tem feito com que a aprendizagem seja comprometida. Dessa forma verifica-se uma grande lacuna no processo de ensino aprendizagem da crianc\u0327a com autismo na educac\u0327a\u0303o pela falta de conhecimento de me\u0301todos especi\u0301ficos que o professor poderia colocar em sua pra\u0301tica, mediando e apoiando a aprendizagem desse aluno autista. A fami\u0301lia tem sido parte fundamental nesse processo, pois a participac\u0327a\u0303o dos familiares na vida escolar da crianc\u0327a contribui para que o ensino aprendizagem acontec\u0327a de forma expressiva.<\/p>\n<\/div>\n<\/div>\n<\/div>\n<p><strong>Certificado de 300 Horas\/Aula<\/strong><\/p>\n<p style=\"text-align: center;\" align=\"justify\"><span style=\"color: #339966;\"><strong>AO PAGAR O CURSO, VOC\u00ca EST\u00c1 DE ACORDO COM O SEGUINTE TERMO<\/strong><\/span><a href=\"https:\/\/iefc.com.br\/wp-content\/uploads\/2021\/07\/Acordo-on-line-iEFC-300.jpg\"><img loading=\"lazy\" decoding=\"async\" class=\"wp-image-22897 size-full aligncenter\" src=\"https:\/\/iefc.com.br\/wp-content\/uploads\/2021\/07\/Acordo-on-line-iEFC-300.jpg\" alt=\"\" width=\"682\" height=\"950\" srcset=\"https:\/\/i0.wp.com\/iefc.com.br\/wp-content\/uploads\/2021\/07\/Acordo-on-line-iEFC-300.jpg?w=682&amp;ssl=1 682w, https:\/\/i0.wp.com\/iefc.com.br\/wp-content\/uploads\/2021\/07\/Acordo-on-line-iEFC-300.jpg?resize=215%2C300&amp;ssl=1 215w, https:\/\/i0.wp.com\/iefc.com.br\/wp-content\/uploads\/2021\/07\/Acordo-on-line-iEFC-300.jpg?resize=300%2C418&amp;ssl=1 300w, https:\/\/i0.wp.com\/iefc.com.br\/wp-content\/uploads\/2021\/07\/Acordo-on-line-iEFC-300.jpg?resize=600%2C836&amp;ssl=1 600w\" sizes=\"auto, (max-width: 682px) 100vw, 682px\" \/><\/a><\/p>\n<p><a href=\"https:\/\/iefc.com.br\/wp-content\/uploads\/2021\/07\/Acordo-on-line-iEFC-300H-A.pdf\" target=\"_blank\" rel=\"noopener noreferrer\"><img loading=\"lazy\" decoding=\"async\" class=\"aligncenter wp-image-20501\" src=\"https:\/\/iefc.com.br\/wp-content\/uploads\/2020\/03\/bot_pdf.jpg\" alt=\"\" width=\"399\" height=\"61\" srcset=\"https:\/\/i0.wp.com\/iefc.com.br\/wp-content\/uploads\/2020\/03\/bot_pdf.jpg?w=635&amp;ssl=1 635w, https:\/\/i0.wp.com\/iefc.com.br\/wp-content\/uploads\/2020\/03\/bot_pdf.jpg?resize=300%2C46&amp;ssl=1 300w, https:\/\/i0.wp.com\/iefc.com.br\/wp-content\/uploads\/2020\/03\/bot_pdf.jpg?resize=600%2C92&amp;ssl=1 600w\" sizes=\"auto, (max-width: 399px) 100vw, 399px\" \/><br \/>\n<\/a><\/p>\n<p><span style=\"color: #0000ff;\"><strong>CERTIFICA\u00c7\u00c3O MEDIANTE PAGAMENTO TOTAL DO VALOR DO CURSO*<\/strong><\/span><\/p>\n<p><strong>*CONSULTE PARA FORMAS DE PAGAMENTO MENSAL<\/strong><\/p>\n","protected":false},"featured_media":22928,"comment_status":"open","ping_status":"closed","template":"","meta":{"_bbp_topic_count":0,"_bbp_reply_count":0,"_bbp_total_topic_count":0,"_bbp_total_reply_count":0,"_bbp_voice_count":0,"_bbp_anonymous_reply_count":0,"_bbp_topic_count_hidden":0,"_bbp_reply_count_hidden":0,"_bbp_forum_subforum_count":0,"content-type":"","pmpro_default_level":"","jetpack_publicize_message":"","jetpack_publicize_feature_enabled":true,"jetpack_social_post_already_shared":true,"jetpack_social_options":{"image_generator_settings":{"template":"highway","default_image_id":0,"font":"","enabled":false},"version":2}},"product_brand":[],"product_cat":[131,122,182,123],"product_tag":[19,183],"class_list":{"0":"post-22927","1":"product","2":"type-product","3":"status-publish","4":"has-post-thumbnail","6":"product_cat-autismo","7":"product_cat-curso","8":"product_cat-ead","9":"product_cat-educacao-especial","10":"product_tag-autismo","11":"product_tag-ead","12":"pmpro-has-access","14":"first","15":"instock","16":"sold-individually","17":"shipping-taxable","18":"purchasable","19":"product-type-simple"},"aioseo_notices":[],"jetpack_publicize_connections":[],"jetpack_sharing_enabled":true,"_links":{"self":[{"href":"https:\/\/iefc.com.br\/index.php\/wp-json\/wp\/v2\/product\/22927","targetHints":{"allow":["GET"]}}],"collection":[{"href":"https:\/\/iefc.com.br\/index.php\/wp-json\/wp\/v2\/product"}],"about":[{"href":"https:\/\/iefc.com.br\/index.php\/wp-json\/wp\/v2\/types\/product"}],"replies":[{"embeddable":true,"href":"https:\/\/iefc.com.br\/index.php\/wp-json\/wp\/v2\/comments?post=22927"}],"wp:featuredmedia":[{"embeddable":true,"href":"https:\/\/iefc.com.br\/index.php\/wp-json\/wp\/v2\/media\/22928"}],"wp:attachment":[{"href":"https:\/\/iefc.com.br\/index.php\/wp-json\/wp\/v2\/media?parent=22927"}],"wp:term":[{"taxonomy":"product_brand","embeddable":true,"href":"https:\/\/iefc.com.br\/index.php\/wp-json\/wp\/v2\/product_brand?post=22927"},{"taxonomy":"product_cat","embeddable":true,"href":"https:\/\/iefc.com.br\/index.php\/wp-json\/wp\/v2\/product_cat?post=22927"},{"taxonomy":"product_tag","embeddable":true,"href":"https:\/\/iefc.com.br\/index.php\/wp-json\/wp\/v2\/product_tag?post=22927"}],"curies":[{"name":"wp","href":"https:\/\/api.w.org\/{rel}","templated":true}]}}