{"id":22937,"date":"2021-07-12T15:27:07","date_gmt":"2021-07-12T18:27:07","guid":{"rendered":"https:\/\/iefc.com.br\/?post_type=product&#038;p=22937"},"modified":"2021-07-12T15:31:47","modified_gmt":"2021-07-12T18:31:47","slug":"cpb15","status":"publish","type":"product","link":"https:\/\/iefc.com.br\/index.php\/produto\/cpb15\/","title":{"rendered":"Curso Profissional B\u00e1sico de Ensino H\u00edbrido: Aplica\u00e7\u00e3o e Adapta\u00e7\u00e3o nas Escolas #CPB15"},"content":{"rendered":"","protected":false},"excerpt":{"rendered":"<p>O que significa ensino h\u00edbrido? Qual \u00e9 a import\u00e2ncia desta modalidade educacional na atualidade? Qual \u00e9 o papel das tecnologias digitais? O ensino h\u00edbrido diz respeito \u00e0 mistura das formas de ensinar e de aprender, ou seja, a presencial, que ocorre em sala de aula, e a dist\u00e2ncia, que ocorre com o apoio das tecnologias digitais. Mesclar tais formas significa, portanto, utilizar o ensino tradicional e o online.<br \/>\nO ensino h\u00edbrido vem conquistando espa\u00e7o na educa\u00e7\u00e3o, pois ele nos permite vivenciar uma forma de ensino que, al\u00e9m de utilizar as tecnologias nos espa\u00e7os presenciais e online, estimula o desenvolvimento da autonomia do estudante. \u00c9 preciso ressaltar que, nesta modalidade, o aluno continua indo at\u00e9 \u00e0 escola, o que lhe permite ter contato com o professor que verificar\u00e1 seu progresso educativo.<br \/>\nNesse contexto, as tecnologias digitais s\u00e3o verdadeiras aliadas da educa\u00e7\u00e3o, inclusive do ensino h\u00edbrido, pois elas auxiliam o aluno a interagir com o conte\u00fado, aprimorando o ensino-aprendizagem. Neste curso, voc\u00ea estudar\u00e1 o funcionamento deste modelo de ensino e como as tecnologias digitais ajudam estudantes e professores a discutir os conte\u00fados com mais autonomia, percebendo novas maneiras de ensinar e de aprender.<\/p>\n<p><strong>Certificado de 300 Horas\/Aula<\/strong><\/p>\n<p style=\"text-align: center;\" align=\"justify\"><span style=\"color: #339966;\"><strong>AO PAGAR O CURSO, VOC\u00ca EST\u00c1 DE ACORDO COM O SEGUINTE TERMO<\/strong><\/span><a href=\"https:\/\/iefc.com.br\/wp-content\/uploads\/2021\/07\/Acordo-on-line-iEFC-300.jpg\"><img loading=\"lazy\" decoding=\"async\" class=\"wp-image-22897 size-full aligncenter\" src=\"https:\/\/iefc.com.br\/wp-content\/uploads\/2021\/07\/Acordo-on-line-iEFC-300.jpg\" alt=\"\" width=\"682\" height=\"950\" srcset=\"https:\/\/i0.wp.com\/iefc.com.br\/wp-content\/uploads\/2021\/07\/Acordo-on-line-iEFC-300.jpg?w=682&amp;ssl=1 682w, https:\/\/i0.wp.com\/iefc.com.br\/wp-content\/uploads\/2021\/07\/Acordo-on-line-iEFC-300.jpg?resize=215%2C300&amp;ssl=1 215w, https:\/\/i0.wp.com\/iefc.com.br\/wp-content\/uploads\/2021\/07\/Acordo-on-line-iEFC-300.jpg?resize=300%2C418&amp;ssl=1 300w, https:\/\/i0.wp.com\/iefc.com.br\/wp-content\/uploads\/2021\/07\/Acordo-on-line-iEFC-300.jpg?resize=600%2C836&amp;ssl=1 600w\" sizes=\"auto, (max-width: 682px) 100vw, 682px\" \/><\/a><\/p>\n<p><a href=\"https:\/\/iefc.com.br\/wp-content\/uploads\/2021\/07\/Acordo-on-line-iEFC-300H-A.pdf\" target=\"_blank\" rel=\"noopener noreferrer\"><img loading=\"lazy\" decoding=\"async\" class=\"aligncenter wp-image-20501\" src=\"https:\/\/iefc.com.br\/wp-content\/uploads\/2020\/03\/bot_pdf.jpg\" alt=\"\" width=\"399\" height=\"61\" srcset=\"https:\/\/i0.wp.com\/iefc.com.br\/wp-content\/uploads\/2020\/03\/bot_pdf.jpg?w=635&amp;ssl=1 635w, https:\/\/i0.wp.com\/iefc.com.br\/wp-content\/uploads\/2020\/03\/bot_pdf.jpg?resize=300%2C46&amp;ssl=1 300w, https:\/\/i0.wp.com\/iefc.com.br\/wp-content\/uploads\/2020\/03\/bot_pdf.jpg?resize=600%2C92&amp;ssl=1 600w\" sizes=\"auto, (max-width: 399px) 100vw, 399px\" \/><br \/>\n<\/a><\/p>\n<p><span style=\"color: #0000ff;\"><strong>CERTIFICA\u00c7\u00c3O MEDIANTE PAGAMENTO TOTAL DO VALOR DO CURSO*<\/strong><\/span><\/p>\n<p><strong>*CONSULTE PARA FORMAS DE PAGAMENTO MENSAL<\/strong><\/p>\n","protected":false},"featured_media":22938,"comment_status":"open","ping_status":"closed","template":"","meta":{"_bbp_topic_count":0,"_bbp_reply_count":0,"_bbp_total_topic_count":0,"_bbp_total_reply_count":0,"_bbp_voice_count":0,"_bbp_anonymous_reply_count":0,"_bbp_topic_count_hidden":0,"_bbp_reply_count_hidden":0,"_bbp_forum_subforum_count":0,"content-type":"","pmpro_default_level":"","jetpack_publicize_message":"","jetpack_publicize_feature_enabled":true,"jetpack_social_post_already_shared":true,"jetpack_social_options":{"image_generator_settings":{"template":"highway","default_image_id":0,"font":"","enabled":false},"version":2}},"product_brand":[],"product_cat":[128,122,182],"product_tag":[183,208],"class_list":{"0":"post-22937","1":"product","2":"type-product","3":"status-publish","4":"has-post-thumbnail","6":"product_cat-atualidades","7":"product_cat-curso","8":"product_cat-ead","9":"product_tag-ead","10":"product_tag-ensino-hibrido","11":"pmpro-has-access","13":"first","14":"instock","15":"sold-individually","16":"shipping-taxable","17":"purchasable","18":"product-type-simple"},"aioseo_notices":[],"jetpack_publicize_connections":[],"jetpack_sharing_enabled":true,"_links":{"self":[{"href":"https:\/\/iefc.com.br\/index.php\/wp-json\/wp\/v2\/product\/22937","targetHints":{"allow":["GET"]}}],"collection":[{"href":"https:\/\/iefc.com.br\/index.php\/wp-json\/wp\/v2\/product"}],"about":[{"href":"https:\/\/iefc.com.br\/index.php\/wp-json\/wp\/v2\/types\/product"}],"replies":[{"embeddable":true,"href":"https:\/\/iefc.com.br\/index.php\/wp-json\/wp\/v2\/comments?post=22937"}],"wp:featuredmedia":[{"embeddable":true,"href":"https:\/\/iefc.com.br\/index.php\/wp-json\/wp\/v2\/media\/22938"}],"wp:attachment":[{"href":"https:\/\/iefc.com.br\/index.php\/wp-json\/wp\/v2\/media?parent=22937"}],"wp:term":[{"taxonomy":"product_brand","embeddable":true,"href":"https:\/\/iefc.com.br\/index.php\/wp-json\/wp\/v2\/product_brand?post=22937"},{"taxonomy":"product_cat","embeddable":true,"href":"https:\/\/iefc.com.br\/index.php\/wp-json\/wp\/v2\/product_cat?post=22937"},{"taxonomy":"product_tag","embeddable":true,"href":"https:\/\/iefc.com.br\/index.php\/wp-json\/wp\/v2\/product_tag?post=22937"}],"curies":[{"name":"wp","href":"https:\/\/api.w.org\/{rel}","templated":true}]}}