{"id":22941,"date":"2021-07-12T16:26:26","date_gmt":"2021-07-12T19:26:26","guid":{"rendered":"https:\/\/iefc.com.br\/?post_type=product&#038;p=22941"},"modified":"2021-07-12T16:38:52","modified_gmt":"2021-07-12T19:38:52","slug":"cpb17","status":"publish","type":"product","link":"https:\/\/iefc.com.br\/index.php\/produto\/cpb17\/","title":{"rendered":"Curso Profissional B\u00e1sico de Alfabetiza\u00e7\u00e3o no 1\u00b0 e 2\u00b0 Ano dos Anos Iniciais #CPB17"},"content":{"rendered":"","protected":false},"excerpt":{"rendered":"<p>O primeiro ciclo do \u200bEnsino Fundamental \u200bchama-se \u200bAnos Iniciais\u200b, ou \u200bFundamental 1\u200b. Essa etapa possui cinco anos letivos, do 1\u00b0 ao 5\u00b0 ano. Nesse per\u00edodo, a faixa et\u00e1ria adequada dos estudantes \u00e9 de seis a dez anos.<br \/>\nA alfabetiza\u00e7\u00e3o das crian\u00e7as acontece neste ciclo, come\u00e7ando no 1\u00b0 ano e terminando no 2\u00b0. Ainda assim, mais importante do que aprender a ler e a escrever, \u200b\u00e9 necess\u00e1rio que a crian\u00e7a desenvolva um desejo pelo aprendizado e conhecimento\u200b.<br \/>\n<strong>Por que os Anos Iniciais s\u00e3o importantes?<\/strong><br \/>\nO ciclo dos \u200bAnos Iniciais\u200b traz mudan\u00e7as na rotina escolar do aluno. Nessa etapa, ele desenvolve habilidades e compet\u00eancias que ser\u00e3o aprimoradas ao longo da vida escolar\u200b. Em rela\u00e7\u00e3o aos conte\u00fados, a crian\u00e7a aprende o dom\u00ednio da l\u00edngua falada e escrita, os princ\u00edpios matem\u00e1ticos, a no\u00e7\u00e3o de espa\u00e7o e tempo, os princ\u00edpios cient\u00edficos, al\u00e9m de ter um conv\u00edvio com a arte e a est\u00e9tica.<br \/>\nAl\u00e9m disso, \u00e9 nessa etapa que ocorre a alfabetiza\u00e7\u00e3o dos alunos. De acordo com a \u200bBase Nacional Comum Curricular (BNCC)\u200b, toda crian\u00e7a dever\u00e1 estar plenamente alfabetizada at\u00e9 o fim do 2\u00b0 ano.<br \/>\n<strong>Ensino Fundamental I &#8211; O que se aprende nos Anos Iniciais?\u200b<\/strong><br \/>\nNos\u200b Anos Iniciais\u200b, a escola deve oferecer uma \u200bcarga hor\u00e1ria anual m\u00ednima de 800 horas, dividida em pelo menos 200 dias letivos\u200b.<br \/>\nAl\u00e9m dos conte\u00fados previstos nas disciplinas, h\u00e1 conte\u00fados transversais, como educa\u00e7\u00e3o ambiental e no\u00e7\u00f5es de sa\u00fade, que s\u00e3o trabalhados para a crian\u00e7a adquirir no\u00e7\u00f5es de cidadania.<br \/>\nSegundo a \u200bBase Nacional Comum Curricular (BNCC\u200b, nessa etapa, deve haver uma articula\u00e7\u00e3o entre o trabalho e as experi\u00eancias anteriores da crian\u00e7as, isso em um contexto l\u00fadico de aprendizado.<br \/>\nCompreende-se que h\u00e1 uma maior autonomia da crian\u00e7a em rela\u00e7\u00e3o aos movimentos e \u00e0 pr\u00f3pria identidade; por isso, h\u00e1 um est\u00edmulo ao seu pensamento criativo, cr\u00edtico e l\u00f3gico.<br \/>\n<strong>Veja alguns dados dos Anos Iniciais<\/strong><br \/>\nOs dados do \u200bCenso Escolar 2018\u200b mostraram que h\u00e1 mais de 128 mil escolas que oferecem ao menos um dos ciclos do \u200bEnsino Fundamental\u200b. De acordo com a pesquisa, o acesso aos \u200bAnos Iniciais\u200b est\u00e1 universalizado, pois \u200bo atendimento escolar \u00e9 de 99% da popula\u00e7\u00e3o com a faixa et\u00e1ria adequada\u200b.<br \/>\nAinda de acordo com o Censo, a rede privada cresceu 4% entre 2014 e 2018. Em geral, as escolas que oferecem os \u200bAnos Iniciais\u200b s\u00e3o estabelecimentos pequenos, pois apenas 4% possuem mais de 500 matr\u00edculas. Ao mesmo tempo, quase 40% possuem at\u00e9 50 alunos.<br \/>\n<strong>Como \u00e9 o Ensino Fundamental no Brasil?\u200b<\/strong><br \/>\nO Ensino Fundamental \u00e9 o ciclo mais longo do Ensino B\u00e1sico, com nove anos de dura\u00e7\u00e3o. Voltado para estudantes de 6 a 14 anos de idade, esta fase \u00e9 subdividida em dois ciclos: Anos Iniciais, tamb\u00e9m conhecido como Ensino Fundamental 1, e Anos Finais, o antigo Ensino Fundamental 2.<br \/>\nSegundo a BNCC, os anos iniciais do Ensino Fundamental t\u00eam como objetivo ampliar as experi\u00eancias vividas pelos alunos na Educa\u00e7\u00e3o Infantil, atrav\u00e9s da ludicidade. Em rela\u00e7\u00e3o aos conte\u00fados, a crian\u00e7a aprende o dom\u00ednio da l\u00edngua falada e escrita, os princ\u00edpios matem\u00e1ticos, a no\u00e7\u00e3o de espa\u00e7o e tempo, os princ\u00edpios cient\u00edficos, al\u00e9m de ter um conv\u00edvio com a arte e a est\u00e9tica.<\/p>\n<p><strong>Certificado de 300 Horas\/Aula<\/strong><\/p>\n<p style=\"text-align: center;\" align=\"justify\"><span style=\"color: #339966;\"><strong>AO PAGAR O CURSO, VOC\u00ca EST\u00c1 DE ACORDO COM O SEGUINTE TERMO<\/strong><\/span><a href=\"https:\/\/iefc.com.br\/wp-content\/uploads\/2021\/07\/Acordo-on-line-iEFC-300.jpg\"><img loading=\"lazy\" decoding=\"async\" class=\"wp-image-22897 size-full aligncenter\" src=\"https:\/\/iefc.com.br\/wp-content\/uploads\/2021\/07\/Acordo-on-line-iEFC-300.jpg\" alt=\"\" width=\"682\" height=\"950\" srcset=\"https:\/\/i0.wp.com\/iefc.com.br\/wp-content\/uploads\/2021\/07\/Acordo-on-line-iEFC-300.jpg?w=682&amp;ssl=1 682w, https:\/\/i0.wp.com\/iefc.com.br\/wp-content\/uploads\/2021\/07\/Acordo-on-line-iEFC-300.jpg?resize=215%2C300&amp;ssl=1 215w, https:\/\/i0.wp.com\/iefc.com.br\/wp-content\/uploads\/2021\/07\/Acordo-on-line-iEFC-300.jpg?resize=300%2C418&amp;ssl=1 300w, https:\/\/i0.wp.com\/iefc.com.br\/wp-content\/uploads\/2021\/07\/Acordo-on-line-iEFC-300.jpg?resize=600%2C836&amp;ssl=1 600w\" sizes=\"auto, (max-width: 682px) 100vw, 682px\" \/><\/a><\/p>\n<p><a href=\"https:\/\/iefc.com.br\/wp-content\/uploads\/2021\/07\/Acordo-on-line-iEFC-300H-A.pdf\" target=\"_blank\" rel=\"noopener noreferrer\"><img loading=\"lazy\" decoding=\"async\" class=\"aligncenter wp-image-20501\" src=\"https:\/\/iefc.com.br\/wp-content\/uploads\/2020\/03\/bot_pdf.jpg\" alt=\"\" width=\"399\" height=\"61\" srcset=\"https:\/\/i0.wp.com\/iefc.com.br\/wp-content\/uploads\/2020\/03\/bot_pdf.jpg?w=635&amp;ssl=1 635w, https:\/\/i0.wp.com\/iefc.com.br\/wp-content\/uploads\/2020\/03\/bot_pdf.jpg?resize=300%2C46&amp;ssl=1 300w, https:\/\/i0.wp.com\/iefc.com.br\/wp-content\/uploads\/2020\/03\/bot_pdf.jpg?resize=600%2C92&amp;ssl=1 600w\" sizes=\"auto, (max-width: 399px) 100vw, 399px\" \/><br \/>\n<\/a><\/p>\n<p><span style=\"color: #0000ff;\"><strong>CERTIFICA\u00c7\u00c3O MEDIANTE PAGAMENTO TOTAL DO VALOR DO CURSO*<\/strong><\/span><\/p>\n<p><strong>*CONSULTE PARA FORMAS DE PAGAMENTO MENSAL<\/strong><\/p>\n","protected":false},"featured_media":22942,"comment_status":"open","ping_status":"closed","template":"","meta":{"_bbp_topic_count":0,"_bbp_reply_count":0,"_bbp_total_topic_count":0,"_bbp_total_reply_count":0,"_bbp_voice_count":0,"_bbp_anonymous_reply_count":0,"_bbp_topic_count_hidden":0,"_bbp_reply_count_hidden":0,"_bbp_forum_subforum_count":0,"content-type":"","pmpro_default_level":"","jetpack_publicize_message":"","jetpack_publicize_feature_enabled":true,"jetpack_social_post_already_shared":true,"jetpack_social_options":{"image_generator_settings":{"template":"highway","default_image_id":0,"font":"","enabled":false},"version":2}},"product_brand":[],"product_cat":[146,122,182,136],"product_tag":[147,183,137],"class_list":{"0":"post-22941","1":"product","2":"type-product","3":"status-publish","4":"has-post-thumbnail","6":"product_cat-anos-iniciais","7":"product_cat-curso","8":"product_cat-ead","9":"product_cat-psicopedagogia","10":"product_tag-anos-iniciais","11":"product_tag-ead","12":"product_tag-psicopedagogia","13":"pmpro-has-access","15":"first","16":"instock","17":"sold-individually","18":"shipping-taxable","19":"purchasable","20":"product-type-simple"},"aioseo_notices":[],"jetpack_publicize_connections":[],"jetpack_sharing_enabled":true,"_links":{"self":[{"href":"https:\/\/iefc.com.br\/index.php\/wp-json\/wp\/v2\/product\/22941","targetHints":{"allow":["GET"]}}],"collection":[{"href":"https:\/\/iefc.com.br\/index.php\/wp-json\/wp\/v2\/product"}],"about":[{"href":"https:\/\/iefc.com.br\/index.php\/wp-json\/wp\/v2\/types\/product"}],"replies":[{"embeddable":true,"href":"https:\/\/iefc.com.br\/index.php\/wp-json\/wp\/v2\/comments?post=22941"}],"wp:featuredmedia":[{"embeddable":true,"href":"https:\/\/iefc.com.br\/index.php\/wp-json\/wp\/v2\/media\/22942"}],"wp:attachment":[{"href":"https:\/\/iefc.com.br\/index.php\/wp-json\/wp\/v2\/media?parent=22941"}],"wp:term":[{"taxonomy":"product_brand","embeddable":true,"href":"https:\/\/iefc.com.br\/index.php\/wp-json\/wp\/v2\/product_brand?post=22941"},{"taxonomy":"product_cat","embeddable":true,"href":"https:\/\/iefc.com.br\/index.php\/wp-json\/wp\/v2\/product_cat?post=22941"},{"taxonomy":"product_tag","embeddable":true,"href":"https:\/\/iefc.com.br\/index.php\/wp-json\/wp\/v2\/product_tag?post=22941"}],"curies":[{"name":"wp","href":"https:\/\/api.w.org\/{rel}","templated":true}]}}