{"id":22945,"date":"2021-07-12T16:51:59","date_gmt":"2021-07-12T19:51:59","guid":{"rendered":"https:\/\/iefc.com.br\/?post_type=product&#038;p=22945"},"modified":"2021-07-12T16:56:59","modified_gmt":"2021-07-12T19:56:59","slug":"cpb19","status":"publish","type":"product","link":"https:\/\/iefc.com.br\/index.php\/produto\/cpb19\/","title":{"rendered":"Curso Profissional B\u00e1sico de Did\u00e1tica Escolar #CPB19"},"content":{"rendered":"","protected":false},"excerpt":{"rendered":"<p>Analisa as rela\u00e7\u00f5es entre sociedade\/educa\u00e7\u00e3o\/escola. Enfoca a pr\u00e1tica pedag\u00f3gica escolar enquanto pr\u00e1tica social espec\u00edfica. Discute os fundamentos s\u00f3cio-pol\u00edticos-epistemol\u00f3gicos da Did\u00e1tica na forma\u00e7\u00e3o do(a) educador(a) e na constru\u00e7\u00e3o da identidade docente, bem como as compet\u00eancias e habilidades requeridas para o ato pedag\u00f3gico. Aborda as rela\u00e7\u00f5es fundamentais do processo de trabalho docente: sujeito\/objeto\/constru\u00e7\u00e3o de conhecimento; teoria\/pr\u00e1tica; conte\u00fado\/forma; ensino\/aprendizagem; professor\/aluno; aluno\/aluno. Estuda a organiza\u00e7\u00e3o da din\u00e2mica da pr\u00e1tica pedag\u00f3gica: o processo do planejamento.<br \/>\nAn\u00e1lise da educa\u00e7\u00e3o escolar como processo que emerge da sociedade em cada espa\u00e7o\/tempo hist\u00f3rico e a escola como um locus privilegiado de transmiss\u00e3o\/reconstru\u00e7\u00e3o\/cria\u00e7\u00e3o de conhecimento<br \/>\nConscientiza\u00e7\u00e3o enquanto profissional de ensino competente tecnicamente e comprometido politicamente com o exerc\u00edcio pedag\u00f3gico cr\u00edtico e construtivo.<br \/>\nCompreens\u00e3o da Did\u00e1tica, do seu objeto de estudo e do seu papel na forma\u00e7\u00e3o de educadores.<br \/>\nAn\u00e1lise do contexto educacional contempor\u00e2neo e da pr\u00e1tica educativa escolar, mediante estudo sistem\u00e1tico das principais correntes pedag\u00f3gicas.<br \/>\nDiagn\u00f3stico do contexto educativo e da pr\u00e1tica pedag\u00f3gica desenvolvida em institui\u00e7\u00f5es de ensino alternativas e oficiais.<br \/>\nCompreens\u00e3o cr\u00edtica do processo do planejamento de ensino, considerando suas dimens\u00f5es e componentes did\u00e1ticos.<br \/>\nIdentifica\u00e7\u00e3o das etapas do plano de ensino como indissoci\u00e1veis no processo de reflex\u00e3o\/a\u00e7\u00e3o\/reflex\u00e3o, atendendo, assim, \u00e0 din\u00e2mica que caracteriza a pr\u00e1tica pedag\u00f3gica enquanto pr\u00e1xis.<br \/>\nConstru\u00e7\u00e3o de uma concep\u00e7\u00e3o pedag\u00f3gica que possibilite a s\u00edntese entre a fundamenta\u00e7\u00e3o te\u00f3rica do curso e seus componentes t\u00e9cnicos, tomando como refer\u00eancia a escola e a classe escolhidas como campo de pesquisa.<\/p>\n<p><strong>Certificado de 300 Horas\/Aula<\/strong><\/p>\n<p style=\"text-align: center;\" align=\"justify\"><span style=\"color: #339966;\"><strong>AO PAGAR O CURSO, VOC\u00ca EST\u00c1 DE ACORDO COM O SEGUINTE TERMO<\/strong><\/span><a href=\"https:\/\/iefc.com.br\/wp-content\/uploads\/2021\/07\/Acordo-on-line-iEFC-300.jpg\"><img loading=\"lazy\" decoding=\"async\" class=\"wp-image-22897 size-full aligncenter\" src=\"https:\/\/iefc.com.br\/wp-content\/uploads\/2021\/07\/Acordo-on-line-iEFC-300.jpg\" alt=\"\" width=\"682\" height=\"950\" srcset=\"https:\/\/i0.wp.com\/iefc.com.br\/wp-content\/uploads\/2021\/07\/Acordo-on-line-iEFC-300.jpg?w=682&amp;ssl=1 682w, https:\/\/i0.wp.com\/iefc.com.br\/wp-content\/uploads\/2021\/07\/Acordo-on-line-iEFC-300.jpg?resize=215%2C300&amp;ssl=1 215w, https:\/\/i0.wp.com\/iefc.com.br\/wp-content\/uploads\/2021\/07\/Acordo-on-line-iEFC-300.jpg?resize=300%2C418&amp;ssl=1 300w, https:\/\/i0.wp.com\/iefc.com.br\/wp-content\/uploads\/2021\/07\/Acordo-on-line-iEFC-300.jpg?resize=600%2C836&amp;ssl=1 600w\" sizes=\"auto, (max-width: 682px) 100vw, 682px\" \/><\/a><\/p>\n<p><a href=\"https:\/\/iefc.com.br\/wp-content\/uploads\/2021\/07\/Acordo-on-line-iEFC-300H-A.pdf\" target=\"_blank\" rel=\"noopener noreferrer\"><img loading=\"lazy\" decoding=\"async\" class=\"aligncenter wp-image-20501\" src=\"https:\/\/iefc.com.br\/wp-content\/uploads\/2020\/03\/bot_pdf.jpg\" alt=\"\" width=\"399\" height=\"61\" srcset=\"https:\/\/i0.wp.com\/iefc.com.br\/wp-content\/uploads\/2020\/03\/bot_pdf.jpg?w=635&amp;ssl=1 635w, https:\/\/i0.wp.com\/iefc.com.br\/wp-content\/uploads\/2020\/03\/bot_pdf.jpg?resize=300%2C46&amp;ssl=1 300w, https:\/\/i0.wp.com\/iefc.com.br\/wp-content\/uploads\/2020\/03\/bot_pdf.jpg?resize=600%2C92&amp;ssl=1 600w\" sizes=\"auto, (max-width: 399px) 100vw, 399px\" \/><br \/>\n<\/a><\/p>\n<p><span style=\"color: #0000ff;\"><strong>CERTIFICA\u00c7\u00c3O MEDIANTE PAGAMENTO TOTAL DO VALOR DO CURSO*<\/strong><\/span><\/p>\n<p><strong>*CONSULTE PARA FORMAS DE PAGAMENTO MENSAL<\/strong><\/p>\n","protected":false},"featured_media":22946,"comment_status":"open","ping_status":"closed","template":"","meta":{"_bbp_topic_count":0,"_bbp_reply_count":0,"_bbp_total_topic_count":0,"_bbp_total_reply_count":0,"_bbp_voice_count":0,"_bbp_anonymous_reply_count":0,"_bbp_topic_count_hidden":0,"_bbp_reply_count_hidden":0,"_bbp_forum_subforum_count":0,"content-type":"","pmpro_default_level":"","jetpack_publicize_message":"","jetpack_publicize_feature_enabled":true,"jetpack_social_post_already_shared":true,"jetpack_social_options":{"image_generator_settings":{"template":"highway","default_image_id":0,"font":"","enabled":false},"version":2}},"product_brand":[],"product_cat":[122,182,136],"product_tag":[231,183,137],"class_list":{"0":"post-22945","1":"product","2":"type-product","3":"status-publish","4":"has-post-thumbnail","6":"product_cat-curso","7":"product_cat-ead","8":"product_cat-psicopedagogia","9":"product_tag-didatica-escolar","10":"product_tag-ead","11":"product_tag-psicopedagogia","12":"pmpro-has-access","14":"first","15":"instock","16":"sold-individually","17":"shipping-taxable","18":"purchasable","19":"product-type-simple"},"aioseo_notices":[],"jetpack_publicize_connections":[],"jetpack_sharing_enabled":true,"_links":{"self":[{"href":"https:\/\/iefc.com.br\/index.php\/wp-json\/wp\/v2\/product\/22945","targetHints":{"allow":["GET"]}}],"collection":[{"href":"https:\/\/iefc.com.br\/index.php\/wp-json\/wp\/v2\/product"}],"about":[{"href":"https:\/\/iefc.com.br\/index.php\/wp-json\/wp\/v2\/types\/product"}],"replies":[{"embeddable":true,"href":"https:\/\/iefc.com.br\/index.php\/wp-json\/wp\/v2\/comments?post=22945"}],"wp:featuredmedia":[{"embeddable":true,"href":"https:\/\/iefc.com.br\/index.php\/wp-json\/wp\/v2\/media\/22946"}],"wp:attachment":[{"href":"https:\/\/iefc.com.br\/index.php\/wp-json\/wp\/v2\/media?parent=22945"}],"wp:term":[{"taxonomy":"product_brand","embeddable":true,"href":"https:\/\/iefc.com.br\/index.php\/wp-json\/wp\/v2\/product_brand?post=22945"},{"taxonomy":"product_cat","embeddable":true,"href":"https:\/\/iefc.com.br\/index.php\/wp-json\/wp\/v2\/product_cat?post=22945"},{"taxonomy":"product_tag","embeddable":true,"href":"https:\/\/iefc.com.br\/index.php\/wp-json\/wp\/v2\/product_tag?post=22945"}],"curies":[{"name":"wp","href":"https:\/\/api.w.org\/{rel}","templated":true}]}}