{"id":22947,"date":"2021-07-12T16:59:57","date_gmt":"2021-07-12T19:59:57","guid":{"rendered":"https:\/\/iefc.com.br\/?post_type=product&#038;p=22947"},"modified":"2021-07-12T17:09:55","modified_gmt":"2021-07-12T20:09:55","slug":"cpb20","status":"publish","type":"product","link":"https:\/\/iefc.com.br\/index.php\/produto\/cpb20\/","title":{"rendered":"Curso Profissional B\u00e1sico de Curr\u00edculo do Ensino Fundamental 1\u00b0 ao 5\u00b0 Ano #CPB20"},"content":{"rendered":"","protected":false},"excerpt":{"rendered":"<p>A proposta educacional do 1\u00ba ao 5\u00ba ano do Ensino Fundamental est\u00e1 alinhada a Base Nacional Comum Curricular (BNCC) e est\u00e1 pautada na valoriza\u00e7\u00e3o da crian\u00e7a e seu papel na sociedade, respeitando-a como um indiv\u00edduo livre, pensante e capaz.<br \/>\nA did\u00e1tica adotada envolve fazer com que as crian\u00e7as conhe\u00e7am a si e ao outro, al\u00e9m de aproxim\u00e1-las da natureza, da cultura e da produ\u00e7\u00e3o cient\u00edfica. Essa aproxima\u00e7\u00e3o ocorre por meio das viv\u00eancias, as experi\u00eancias compartilhadas, os sentimentos, as frustra\u00e7\u00f5es, as ilus\u00f5es das crian\u00e7as nessa fase da vida, se enfrentadas com a ajuda de adultos e de outras crian\u00e7as, fazem-nas crescer, p\u00f5em em a\u00e7\u00e3o novas capacidades para ir em frente, contribuindo para a sua constante evolu\u00e7\u00e3o e autonomia.<br \/>\nO Ensino Fundamental tem como finalidade a forma\u00e7\u00e3o integral, baseado na participa\u00e7\u00e3o, reflex\u00e3o, criatividade, autonomia e responsabilidade, tornando-os indiv\u00edduos com uma vis\u00e3o inovadora, esp\u00edrito solid\u00e1rio e conscientes de seu papel na sociedade.<br \/>\nO Ensino Fundamental tem como finalidade a forma\u00e7\u00e3o b\u00e1sica do cidad\u00e3o, atrav\u00e9s da aquisi\u00e7\u00e3o do conhecimento e da constru\u00e7\u00e3o de conceitos, fatos, procedimentos, atitudes e valores.<\/p>\n<p><strong>Certificado de 300 Horas\/Aula<\/strong><\/p>\n<p style=\"text-align: center;\" align=\"justify\"><span style=\"color: #339966;\"><strong>AO PAGAR O CURSO, VOC\u00ca EST\u00c1 DE ACORDO COM O SEGUINTE TERMO<\/strong><\/span><a href=\"https:\/\/iefc.com.br\/wp-content\/uploads\/2021\/07\/Acordo-on-line-iEFC-300.jpg\"><img loading=\"lazy\" decoding=\"async\" class=\"wp-image-22897 size-full aligncenter\" src=\"https:\/\/iefc.com.br\/wp-content\/uploads\/2021\/07\/Acordo-on-line-iEFC-300.jpg\" alt=\"\" width=\"682\" height=\"950\" srcset=\"https:\/\/i0.wp.com\/iefc.com.br\/wp-content\/uploads\/2021\/07\/Acordo-on-line-iEFC-300.jpg?w=682&amp;ssl=1 682w, https:\/\/i0.wp.com\/iefc.com.br\/wp-content\/uploads\/2021\/07\/Acordo-on-line-iEFC-300.jpg?resize=215%2C300&amp;ssl=1 215w, https:\/\/i0.wp.com\/iefc.com.br\/wp-content\/uploads\/2021\/07\/Acordo-on-line-iEFC-300.jpg?resize=300%2C418&amp;ssl=1 300w, https:\/\/i0.wp.com\/iefc.com.br\/wp-content\/uploads\/2021\/07\/Acordo-on-line-iEFC-300.jpg?resize=600%2C836&amp;ssl=1 600w\" sizes=\"auto, (max-width: 682px) 100vw, 682px\" \/><\/a><\/p>\n<p><a href=\"https:\/\/iefc.com.br\/wp-content\/uploads\/2021\/07\/Acordo-on-line-iEFC-300H-A.pdf\" target=\"_blank\" rel=\"noopener noreferrer\"><img loading=\"lazy\" decoding=\"async\" class=\"aligncenter wp-image-20501\" src=\"https:\/\/iefc.com.br\/wp-content\/uploads\/2020\/03\/bot_pdf.jpg\" alt=\"\" width=\"399\" height=\"61\" srcset=\"https:\/\/i0.wp.com\/iefc.com.br\/wp-content\/uploads\/2020\/03\/bot_pdf.jpg?w=635&amp;ssl=1 635w, https:\/\/i0.wp.com\/iefc.com.br\/wp-content\/uploads\/2020\/03\/bot_pdf.jpg?resize=300%2C46&amp;ssl=1 300w, https:\/\/i0.wp.com\/iefc.com.br\/wp-content\/uploads\/2020\/03\/bot_pdf.jpg?resize=600%2C92&amp;ssl=1 600w\" sizes=\"auto, (max-width: 399px) 100vw, 399px\" \/><br \/>\n<\/a><\/p>\n<p><span style=\"color: #0000ff;\"><strong>CERTIFICA\u00c7\u00c3O MEDIANTE PAGAMENTO TOTAL DO VALOR DO CURSO*<\/strong><\/span><\/p>\n<p><strong>*CONSULTE PARA FORMAS DE PAGAMENTO MENSAL<\/strong><\/p>\n","protected":false},"featured_media":22948,"comment_status":"open","ping_status":"closed","template":"","meta":{"_bbp_topic_count":0,"_bbp_reply_count":0,"_bbp_total_topic_count":0,"_bbp_total_reply_count":0,"_bbp_voice_count":0,"_bbp_anonymous_reply_count":0,"_bbp_topic_count_hidden":0,"_bbp_reply_count_hidden":0,"_bbp_forum_subforum_count":0,"content-type":"","pmpro_default_level":"","jetpack_publicize_message":"","jetpack_publicize_feature_enabled":true,"jetpack_social_post_already_shared":true,"jetpack_social_options":{"image_generator_settings":{"template":"highway","default_image_id":0,"font":"","enabled":false},"version":2}},"product_brand":[],"product_cat":[146,122,182,136],"product_tag":[147,183,221,137],"class_list":{"0":"post-22947","1":"product","2":"type-product","3":"status-publish","4":"has-post-thumbnail","6":"product_cat-anos-iniciais","7":"product_cat-curso","8":"product_cat-ead","9":"product_cat-psicopedagogia","10":"product_tag-anos-iniciais","11":"product_tag-ead","12":"product_tag-ensino-fundamental","13":"product_tag-psicopedagogia","14":"pmpro-has-access","16":"first","17":"instock","18":"sold-individually","19":"shipping-taxable","20":"purchasable","21":"product-type-simple"},"aioseo_notices":[],"jetpack_publicize_connections":[],"jetpack_sharing_enabled":true,"_links":{"self":[{"href":"https:\/\/iefc.com.br\/index.php\/wp-json\/wp\/v2\/product\/22947","targetHints":{"allow":["GET"]}}],"collection":[{"href":"https:\/\/iefc.com.br\/index.php\/wp-json\/wp\/v2\/product"}],"about":[{"href":"https:\/\/iefc.com.br\/index.php\/wp-json\/wp\/v2\/types\/product"}],"replies":[{"embeddable":true,"href":"https:\/\/iefc.com.br\/index.php\/wp-json\/wp\/v2\/comments?post=22947"}],"wp:featuredmedia":[{"embeddable":true,"href":"https:\/\/iefc.com.br\/index.php\/wp-json\/wp\/v2\/media\/22948"}],"wp:attachment":[{"href":"https:\/\/iefc.com.br\/index.php\/wp-json\/wp\/v2\/media?parent=22947"}],"wp:term":[{"taxonomy":"product_brand","embeddable":true,"href":"https:\/\/iefc.com.br\/index.php\/wp-json\/wp\/v2\/product_brand?post=22947"},{"taxonomy":"product_cat","embeddable":true,"href":"https:\/\/iefc.com.br\/index.php\/wp-json\/wp\/v2\/product_cat?post=22947"},{"taxonomy":"product_tag","embeddable":true,"href":"https:\/\/iefc.com.br\/index.php\/wp-json\/wp\/v2\/product_tag?post=22947"}],"curies":[{"name":"wp","href":"https:\/\/api.w.org\/{rel}","templated":true}]}}