{"id":23373,"date":"2023-02-13T16:20:43","date_gmt":"2023-02-13T19:20:43","guid":{"rendered":"https:\/\/iefc.com.br\/?post_type=product&#038;p=23373"},"modified":"2023-02-13T16:35:14","modified_gmt":"2023-02-13T19:35:14","slug":"cpb41-parcela","status":"publish","type":"product","link":"https:\/\/iefc.com.br\/index.php\/produto\/cpb41-parcela\/","title":{"rendered":"Curso Profissional B\u00e1sico de M\u00e9todos e T\u00e9cnicas de Alfabetiza\u00e7\u00e3o do 1\u00ba ao 5\u00ba Ano #CPB41"},"content":{"rendered":"","protected":false},"excerpt":{"rendered":"<p>Sabemos que a alfabetiza\u00e7\u00e3o \u00e9 um processo, e n\u00e3o se limita apenas a ler e escrever os signos do alfabeto, mas, sim, compreender como funciona a estrutura da l\u00edngua e a forma como \u00e9 utilizada.<br \/>\nDessa forma, entendemos a aprendizagem da leitura e da escrita como um processo din\u00e2mico, que se faz por duas vias de acesso, uma t\u00e9cnica (alfabetiza\u00e7\u00e3o) e outra que diz respeito ao uso social (letramento).<br \/>\nAcreditamos que \u00e9 poss\u00edvel, e necess\u00e1rio, alfabetizar com uma diversidade de textos que circulam socialmente para garantir tanto o dom\u00ednio da t\u00e9cnica (conhecer a orienta\u00e7\u00e3o da escrita, grafar e reconhecer as letras, segurar no l\u00e1pis, relacionar som\/grafia, usar o papel etc.) como saber us\u00e1-la e domin\u00e1-la com compet\u00eancia, para que a linguagem escrita cumpra sua fun\u00e7\u00e3o social.<br \/>\nEntendemos que esses dois caminhos, apesar de diferentes, devem ser tra\u00e7ados simultaneamente, pois essas aprendizagens n\u00e3o s\u00e3o pr\u00e9-requisito uma da outra; essas aprendizagens acontecem ao mesmo tempo.<br \/>\nDesde pequenas, as crian\u00e7as pensam sobre a leitura e a escrita quando est\u00e3o imersas em um mundo onde h\u00e1, com frequ\u00eancia, a presen\u00e7a desse objeto cultural.<br \/>\nTodo indiv\u00edduo tem uma forma de contato com a l\u00edngua escrita, j\u00e1 que ele est\u00e1 inserido em um mundo letrado.<\/p>\n<p><strong>Certificado de 300 Horas\/Aula<\/strong><\/p>\n<p style=\"text-align: center;\" align=\"justify\"><span style=\"color: #339966;\"><strong>AO PAGAR ESTA PARCELA, VOC\u00ca EST\u00c1 DE ACORDO COM O SEGUINTE TERMO<\/strong><\/span><img loading=\"lazy\" decoding=\"async\" class=\"alignnone wp-image-23374 size-full\" src=\"https:\/\/iefc.com.br\/wp-content\/uploads\/2023\/02\/acordo-on-line-iefc-6-meses-100.jpg\" alt=\"\" width=\"628\" height=\"890\" srcset=\"https:\/\/i0.wp.com\/iefc.com.br\/wp-content\/uploads\/2023\/02\/acordo-on-line-iefc-6-meses-100.jpg?w=628&amp;ssl=1 628w, https:\/\/i0.wp.com\/iefc.com.br\/wp-content\/uploads\/2023\/02\/acordo-on-line-iefc-6-meses-100.jpg?resize=212%2C300&amp;ssl=1 212w, https:\/\/i0.wp.com\/iefc.com.br\/wp-content\/uploads\/2023\/02\/acordo-on-line-iefc-6-meses-100.jpg?resize=300%2C425&amp;ssl=1 300w, https:\/\/i0.wp.com\/iefc.com.br\/wp-content\/uploads\/2023\/02\/acordo-on-line-iefc-6-meses-100.jpg?resize=600%2C850&amp;ssl=1 600w\" sizes=\"auto, (max-width: 628px) 100vw, 628px\" \/><\/p>\n<p><a href=\"https:\/\/iefc.com.br\/wp-content\/uploads\/2023\/02\/acordo-on-line-iefc-6-meses-100.pdf\" target=\"_blank\" rel=\"noopener noreferrer\"><img loading=\"lazy\" decoding=\"async\" class=\"aligncenter wp-image-20501\" src=\"https:\/\/iefc.com.br\/wp-content\/uploads\/2020\/03\/bot_pdf.jpg\" alt=\"\" width=\"399\" height=\"61\" srcset=\"https:\/\/i0.wp.com\/iefc.com.br\/wp-content\/uploads\/2020\/03\/bot_pdf.jpg?w=635&amp;ssl=1 635w, https:\/\/i0.wp.com\/iefc.com.br\/wp-content\/uploads\/2020\/03\/bot_pdf.jpg?resize=300%2C46&amp;ssl=1 300w, https:\/\/i0.wp.com\/iefc.com.br\/wp-content\/uploads\/2020\/03\/bot_pdf.jpg?resize=600%2C92&amp;ssl=1 600w\" sizes=\"auto, (max-width: 399px) 100vw, 399px\" \/><br \/>\n<\/a><\/p>\n<p><span style=\"color: #0000ff;\"><strong>CERTIFICA\u00c7\u00c3O MEDIANTE PAGAMENTO TOTAL DO VALOR DO CURSO*<\/strong><\/span><\/p>\n<p><span style=\"color: #ff0000;\"><strong>*VALOR REFERENTE A UMA PARCELA DE SEIS PARCELAS DO VALOR TOTAL.<\/strong><\/span><\/p>\n","protected":false},"featured_media":23376,"comment_status":"open","ping_status":"closed","template":"","meta":{"_bbp_topic_count":0,"_bbp_reply_count":0,"_bbp_total_topic_count":0,"_bbp_total_reply_count":0,"_bbp_voice_count":0,"_bbp_anonymous_reply_count":0,"_bbp_topic_count_hidden":0,"_bbp_reply_count_hidden":0,"_bbp_forum_subforum_count":0,"content-type":"","pmpro_default_level":"","jetpack_publicize_message":"","jetpack_publicize_feature_enabled":true,"jetpack_social_post_already_shared":true,"jetpack_social_options":{"image_generator_settings":{"template":"highway","default_image_id":0,"font":"","enabled":false},"version":2}},"product_brand":[],"product_cat":[146,122,182,136],"product_tag":[147,183,221,137],"class_list":{"0":"post-23373","1":"product","2":"type-product","3":"status-publish","4":"has-post-thumbnail","6":"product_cat-anos-iniciais","7":"product_cat-curso","8":"product_cat-ead","9":"product_cat-psicopedagogia","10":"product_tag-anos-iniciais","11":"product_tag-ead","12":"product_tag-ensino-fundamental","13":"product_tag-psicopedagogia","14":"pmpro-has-access","16":"first","17":"instock","18":"sold-individually","19":"shipping-taxable","20":"purchasable","21":"product-type-simple"},"aioseo_notices":[],"jetpack_publicize_connections":[],"jetpack_sharing_enabled":true,"_links":{"self":[{"href":"https:\/\/iefc.com.br\/index.php\/wp-json\/wp\/v2\/product\/23373","targetHints":{"allow":["GET"]}}],"collection":[{"href":"https:\/\/iefc.com.br\/index.php\/wp-json\/wp\/v2\/product"}],"about":[{"href":"https:\/\/iefc.com.br\/index.php\/wp-json\/wp\/v2\/types\/product"}],"replies":[{"embeddable":true,"href":"https:\/\/iefc.com.br\/index.php\/wp-json\/wp\/v2\/comments?post=23373"}],"wp:featuredmedia":[{"embeddable":true,"href":"https:\/\/iefc.com.br\/index.php\/wp-json\/wp\/v2\/media\/23376"}],"wp:attachment":[{"href":"https:\/\/iefc.com.br\/index.php\/wp-json\/wp\/v2\/media?parent=23373"}],"wp:term":[{"taxonomy":"product_brand","embeddable":true,"href":"https:\/\/iefc.com.br\/index.php\/wp-json\/wp\/v2\/product_brand?post=23373"},{"taxonomy":"product_cat","embeddable":true,"href":"https:\/\/iefc.com.br\/index.php\/wp-json\/wp\/v2\/product_cat?post=23373"},{"taxonomy":"product_tag","embeddable":true,"href":"https:\/\/iefc.com.br\/index.php\/wp-json\/wp\/v2\/product_tag?post=23373"}],"curies":[{"name":"wp","href":"https:\/\/api.w.org\/{rel}","templated":true}]}}