{"id":24677,"date":"2023-07-28T17:49:18","date_gmt":"2023-07-28T20:49:18","guid":{"rendered":"https:\/\/iefc.com.br\/?post_type=product&#038;p=24677"},"modified":"2023-07-28T17:49:18","modified_gmt":"2023-07-28T20:49:18","slug":"prp_sjr_01_06","status":"publish","type":"product","link":"https:\/\/iefc.com.br\/index.php\/produto\/prp_sjr_01_06\/","title":{"rendered":"Prep. S\u00e3o Jos\u00e9 de Ribamar 01 de 06"},"content":{"rendered":"<h1><strong>1a PARCELA DO PREPARAT\u00d3RIO PARA O CONCURSO DE S\u00c3O JOS\u00c9 DE RIBAMAR<\/strong><\/h1>\n<h1><strong>REFRENTE A <span style=\"color: #0000ff;\">JULHO DE 2023<\/span><\/strong><\/h1>\n","protected":false},"excerpt":{"rendered":"<p>1a PARCELA DO PREPARAT\u00d3RIO PARA O CONCURSO DE S\u00c3O JOS\u00c9 DE RIBAMAR REFRENTE A JULHO DE 2023<\/p>\n","protected":false},"featured_media":24675,"comment_status":"open","ping_status":"closed","template":"","meta":{"_bbp_topic_count":0,"_bbp_reply_count":0,"_bbp_total_topic_count":0,"_bbp_total_reply_count":0,"_bbp_voice_count":0,"_bbp_anonymous_reply_count":0,"_bbp_topic_count_hidden":0,"_bbp_reply_count_hidden":0,"_bbp_forum_subforum_count":0,"content-type":"","pmpro_default_level":"","jetpack_publicize_message":"","jetpack_publicize_feature_enabled":true,"jetpack_social_post_already_shared":true,"jetpack_social_options":{"image_generator_settings":{"template":"highway","default_image_id":0,"font":"","enabled":false},"version":2}},"product_brand":[],"product_cat":[17],"product_tag":[],"class_list":{"0":"post-24677","1":"product","2":"type-product","3":"status-publish","4":"has-post-thumbnail","6":"product_cat-sem-categoria","7":"pmpro-has-access","9":"first","10":"instock","11":"shipping-taxable","12":"purchasable","13":"product-type-simple"},"aioseo_notices":[],"jetpack_publicize_connections":[],"jetpack_sharing_enabled":true,"_links":{"self":[{"href":"https:\/\/iefc.com.br\/index.php\/wp-json\/wp\/v2\/product\/24677","targetHints":{"allow":["GET"]}}],"collection":[{"href":"https:\/\/iefc.com.br\/index.php\/wp-json\/wp\/v2\/product"}],"about":[{"href":"https:\/\/iefc.com.br\/index.php\/wp-json\/wp\/v2\/types\/product"}],"replies":[{"embeddable":true,"href":"https:\/\/iefc.com.br\/index.php\/wp-json\/wp\/v2\/comments?post=24677"}],"wp:featuredmedia":[{"embeddable":true,"href":"https:\/\/iefc.com.br\/index.php\/wp-json\/wp\/v2\/media\/24675"}],"wp:attachment":[{"href":"https:\/\/iefc.com.br\/index.php\/wp-json\/wp\/v2\/media?parent=24677"}],"wp:term":[{"taxonomy":"product_brand","embeddable":true,"href":"https:\/\/iefc.com.br\/index.php\/wp-json\/wp\/v2\/product_brand?post=24677"},{"taxonomy":"product_cat","embeddable":true,"href":"https:\/\/iefc.com.br\/index.php\/wp-json\/wp\/v2\/product_cat?post=24677"},{"taxonomy":"product_tag","embeddable":true,"href":"https:\/\/iefc.com.br\/index.php\/wp-json\/wp\/v2\/product_tag?post=24677"}],"curies":[{"name":"wp","href":"https:\/\/api.w.org\/{rel}","templated":true}]}}